{"id":22694,"date":"2023-06-07T13:46:47","date_gmt":"2023-06-07T13:46:47","guid":{"rendered":"https:\/\/store.handsomecake.com\/product\/pokemon-volcano-16-resin-statue-von-egg-studio\/"},"modified":"2024-06-12T15:54:14","modified_gmt":"2024-06-12T15:54:14","slug":"pokemon-volcano-16-resin-statue-von-egg-studio","status":"publish","type":"product","link":"https:\/\/store.handsomecake.com\/en\/product\/pokemon-volcano-16-resin-statue-von-egg-studio\/","title":{"rendered":"Pok\u00e9mon &#8211; Volcano | 1:6 Resin Statue | von EGG Studio"},"content":{"rendered":"<p><strong>Pok\u00e9mon &#8211; Volcano | 1:6 Resin Statue | von EGG Studio<\/strong><\/p>\n<p>I do ship EU-wide, please contact me, should questions arise.<\/p>\n<p>Tolle Statue von Fire Pokemon (Charmander, Cyndaquil, Chimchar, Fennekin Fennekin, Litten, Scorbunny, Charizard, Fuecoco, Tepig, Torchic )<br \/>\nWunderbar verarbeitete und sehr detaillierte Fire-Pokemon Statue aus Polystone &#8211; k\u00fcnstlichem Stein-Harz-Gemisch.<\/p>\n<p><strong>Besonderheiten:<\/strong><\/p>\n<ul>\n<li>230 St\u00fcck weltweit<\/li>\n<\/ul>\n<p><strong>Release-Status:<\/strong><\/p>\n<ul>\n<li>Preorder. Statue wird sch\u00e4tzungsweise Q1 2024 fertiggestellt und wir erwarten sie bei uns im Lager gegen Ende Mai 2024.<\/li>\n<\/ul>\n<p>Wie immer bei meinen Aktionen &#8211; s\u00e4mtliche Geb\u00fchren sind, im Gegensatz zu anderen Angeboten, bereits inkludiert. Versand erfolgt ausschlie\u00dflich aus Deutschland, es fallen keine Zoll- und Importgeb\u00fchren an. Ihr kauft keine Katze im Sack \ud83d\ude42<\/p>\n<p><strong>Ma\u00dfe der Statue:<\/strong><\/p>\n<ul>\n<li>Gr\u00f6\u00dfe: ca. H32.5cm x W30cm x D29.5cm<\/li>\n<li>Gewicht: TBA, gesch\u00e4tzt: ca. 10kg<\/li>\n<\/ul>\n<p>You are not prepared! \ud83d\ude42<\/p>","protected":false},"excerpt":{"rendered":"<p>Pok\u00e9mon &#8211; Volcano | 1:6 Resin Statue | von EGG Studio I do ship EU-wide, please contact me, should questions arise. Tolle Statue von Fire Pokemon (Charmander, Cyndaquil, Chimchar, Fennekin Fennekin, Litten, Scorbunny, Charizard, Fuecoco, Tepig, Torchic ) Wunderbar verarbeitete und sehr detaillierte Fire-Pokemon Statue aus Polystone &#8211; k\u00fcnstlichem Stein-Harz-Gemisch. Besonderheiten: 230 St\u00fcck weltweit Release-Status: [&hellip;]<\/p>\n","protected":false},"featured_media":22695,"comment_status":"closed","ping_status":"closed","template":"","meta":[],"product_brand":[],"product_cat":[24,125,568,84],"product_tag":[147,251,2679,2680,2681,2314,211,213,212,154,136,137],"class_list":{"0":"post-22694","1":"product","2":"type-product","3":"status-publish","4":"has-post-thumbnail","6":"product_cat-action-figuren","7":"product_cat-pokemon","8":"product_cat-preorder","9":"product_cat-statuen-anime-comic-universum","10":"product_tag-collectibles","11":"product_tag-collectibles-kaufen","12":"product_tag-fire-type","13":"product_tag-fire-type-pokemon","14":"product_tag-fire-type-statue","15":"product_tag-ocean-pokemon","16":"product_tag-pokemon","17":"product_tag-pokemon-collectibles","18":"product_tag-pokemon-statuen","19":"product_tag-resin-collectibles","20":"product_tag-resin-statuen","21":"product_tag-resin-statuen-kaufen","22":"pa_brand-egg-studio","23":"pa_scale-1_to_6","25":"first","26":"instock","27":"taxable","28":"shipping-taxable","29":"product-type-simple"},"_links":{"self":[{"href":"https:\/\/store.handsomecake.com\/en\/wp-json\/wp\/v2\/product\/22694","targetHints":{"allow":["GET"]}}],"collection":[{"href":"https:\/\/store.handsomecake.com\/en\/wp-json\/wp\/v2\/product"}],"about":[{"href":"https:\/\/store.handsomecake.com\/en\/wp-json\/wp\/v2\/types\/product"}],"replies":[{"embeddable":true,"href":"https:\/\/store.handsomecake.com\/en\/wp-json\/wp\/v2\/comments?post=22694"}],"wp:featuredmedia":[{"embeddable":true,"href":"https:\/\/store.handsomecake.com\/en\/wp-json\/wp\/v2\/media\/22695"}],"wp:attachment":[{"href":"https:\/\/store.handsomecake.com\/en\/wp-json\/wp\/v2\/media?parent=22694"}],"wp:term":[{"taxonomy":"product_brand","embeddable":true,"href":"https:\/\/store.handsomecake.com\/en\/wp-json\/wp\/v2\/product_brand?post=22694"},{"taxonomy":"product_cat","embeddable":true,"href":"https:\/\/store.handsomecake.com\/en\/wp-json\/wp\/v2\/product_cat?post=22694"},{"taxonomy":"product_tag","embeddable":true,"href":"https:\/\/store.handsomecake.com\/en\/wp-json\/wp\/v2\/product_tag?post=22694"}],"curies":[{"name":"wp","href":"https:\/\/api.w.org\/{rel}","templated":true}]}}