{"id":22683,"date":"2023-06-06T23:24:05","date_gmt":"2023-06-06T23:24:05","guid":{"rendered":"https:\/\/store.handsomecake.com\/product\/king-of-fighters-kyo-kusanagi-16-resin-statue-von-jomatal-studio\/"},"modified":"2024-06-12T15:54:11","modified_gmt":"2024-06-12T15:54:11","slug":"king-of-fighters-kyo-kusanagi-16-resin-statue-von-jomatal-studio","status":"publish","type":"product","link":"https:\/\/store.handsomecake.com\/en\/product\/king-of-fighters-kyo-kusanagi-16-resin-statue-von-jomatal-studio\/","title":{"rendered":"King of Fighters &#8211; Kyo Kusanagi | 1:6 Resin Statue | von Jomatal Studio"},"content":{"rendered":"<p><strong>King of Fighters &#8211; Kyo Kusanagi | 1:6 Resin Statue | von Jomatal Studio<\/strong><\/p>\n<p>EU Taxfree! I do ship EU-wide, please contact me, should questions arise.<\/p>\n<p><span style=\"color: #ffffff;\"><em><span style=\"background-color: #2c3e50;\">&#8222;My fist has a 1800 years of history! I can easily break you!&#8220;<\/span><\/em><\/span><\/p>\n<p>Tolle Statue von Kyo aus dem legend\u00e4ren Kusanagi-Clan<br \/>\nWunderbar verarbeitete und sehr detaillierte Statue von Kusanagi Ky\u014d aus Polystone &#8211; k\u00fcnstlichem Stein-Harz-Gemisch.<\/p>\n<p><strong>Besonderheiten:<\/strong><\/p>\n<ul>\n<li>weltweit 188 St\u00fcck<\/li>\n<\/ul>\n<p><strong>Release-Status:<\/strong><\/p>\n<ul>\n<li>Preorder. Release ca. Q1 2024 erwartet, bei uns im Lager voraussichtlich Ende Mai 2024.<\/li>\n<\/ul>\n<p>Wie immer bei meinen Artikeln &#8211; s\u00e4mtliche Geb\u00fchren sind, im Gegensatz zu anderen Angeboten, bereits inkludiert. Versand erfolgt ausschlie\u00dflich aus Deutschland, es fallen keine Zoll- und Importgeb\u00fchren an. Ihr kauft keine Katze im Sack \ud83d\ude42<\/p>\n<p><strong>Ma\u00dfe der Statue:<\/strong><\/p>\n<ul>\n<li>Gr\u00f6\u00dfe: ca. H51cm x W25.5cm x D24.5cm<\/li>\n<li>Gewicht: ca. 11kg (gesch\u00e4tzt)<\/li>\n<\/ul>\n<p>You are not prepared! \ud83d\ude42<\/p>","protected":false},"excerpt":{"rendered":"<p>King of Fighters &#8211; Kyo Kusanagi | 1:6 Resin Statue | von Jomatal Studio EU Taxfree! I do ship EU-wide, please contact me, should questions arise. &#8222;My fist has a 1800 years of history! I can easily break you!&#8220; Tolle Statue von Kyo aus dem legend\u00e4ren Kusanagi-Clan Wunderbar verarbeitete und sehr detaillierte Statue von Kusanagi [&hellip;]<\/p>\n","protected":false},"featured_media":22791,"comment_status":"closed","ping_status":"closed","template":"","meta":[],"product_brand":[],"product_cat":[24,568,81,430],"product_tag":[612,656,1043,658,479,147,251,383,795,1091,1098,1097,2672,2673,2674,2675,2676,2677,2678,154,255,136,137,1096],"class_list":{"0":"post-22683","1":"product","2":"type-product","3":"status-publish","4":"has-post-thumbnail","6":"product_cat-action-figuren","7":"product_cat-preorder","8":"product_cat-statuen-computerspieluniversum","9":"product_cat-street-fighter","10":"product_tag-anime","11":"product_tag-anime-collectibles","12":"product_tag-anime-statues","13":"product_tag-anime-toys","14":"product_tag-collectible","15":"product_tag-collectibles","16":"product_tag-collectibles-kaufen","17":"product_tag-collector","18":"product_tag-handsomecake","19":"product_tag-king-of-fighters","20":"product_tag-king-of-fighters-statues","21":"product_tag-king-of-fighters-toys","22":"product_tag-kof-kyo","23":"product_tag-kof-kyo-kusanagi","24":"product_tag-kof-kyo-kusanagi-statue","25":"product_tag-kyo-kusanagi","26":"product_tag-kyo-kusanagi-figure","27":"product_tag-kyo-kusanagi-resin-statue","28":"product_tag-kyo-kusanagi-statue","29":"product_tag-resin-collectibles","30":"product_tag-resin-collectibles-kaufen","31":"product_tag-resin-statuen","32":"product_tag-resin-statuen-kaufen","33":"product_tag-shiranui","34":"pa_brand-jomatal-studio","35":"pa_scale-1_to_6","37":"first","38":"instock","39":"taxable","40":"shipping-taxable","41":"product-type-simple"},"_links":{"self":[{"href":"https:\/\/store.handsomecake.com\/en\/wp-json\/wp\/v2\/product\/22683","targetHints":{"allow":["GET"]}}],"collection":[{"href":"https:\/\/store.handsomecake.com\/en\/wp-json\/wp\/v2\/product"}],"about":[{"href":"https:\/\/store.handsomecake.com\/en\/wp-json\/wp\/v2\/types\/product"}],"replies":[{"embeddable":true,"href":"https:\/\/store.handsomecake.com\/en\/wp-json\/wp\/v2\/comments?post=22683"}],"wp:featuredmedia":[{"embeddable":true,"href":"https:\/\/store.handsomecake.com\/en\/wp-json\/wp\/v2\/media\/22791"}],"wp:attachment":[{"href":"https:\/\/store.handsomecake.com\/en\/wp-json\/wp\/v2\/media?parent=22683"}],"wp:term":[{"taxonomy":"product_brand","embeddable":true,"href":"https:\/\/store.handsomecake.com\/en\/wp-json\/wp\/v2\/product_brand?post=22683"},{"taxonomy":"product_cat","embeddable":true,"href":"https:\/\/store.handsomecake.com\/en\/wp-json\/wp\/v2\/product_cat?post=22683"},{"taxonomy":"product_tag","embeddable":true,"href":"https:\/\/store.handsomecake.com\/en\/wp-json\/wp\/v2\/product_tag?post=22683"}],"curies":[{"name":"wp","href":"https:\/\/api.w.org\/{rel}","templated":true}]}}