{"id":22579,"date":"2023-05-30T09:34:59","date_gmt":"2023-05-30T09:34:59","guid":{"rendered":"https:\/\/store.handsomecake.com\/product\/neo-genesis-evangelion-mari-makinami-12-resin-statue-von-infinity-studio\/"},"modified":"2024-06-12T15:53:54","modified_gmt":"2024-06-12T15:53:54","slug":"neo-genesis-evangelion-mari-makinami-12-resin-statue-von-infinity-studio","status":"publish","type":"product","link":"https:\/\/store.handsomecake.com\/en\/product\/neo-genesis-evangelion-mari-makinami-12-resin-statue-von-infinity-studio\/","title":{"rendered":"Neo Genesis Evangelion &#8211; Mari Makinami | 1:2 Resin Statue | von Infinity Studio"},"content":{"rendered":"<p><strong>Neo Genesis Evangelion &#8211; Mari Makinami | 1:2 Resin Statue | von Infinity Studio<\/strong><\/p>\n<p>I do ship EU-wide, please contact me, should questions arise.<\/p>\n<p>Tolle Statue der tapferen Mechpilotin<br \/>\nWunderbar verarbeitete und sehr detaillierte Mari Makinami Statue aus Polystone &#8211; k\u00fcnstlichem Stein-Harz-Gemisch.<\/p>\n<p><strong>Besonderheiten:<\/strong><\/p>\n<ul>\n<li>EX Version (weltweit 299 St\u00fcck)<\/li>\n<li>auch Regular Version verf\u00fcgbar (mit kleinerer Gr\u00f6\u00dfe)<\/li>\n<\/ul>\n<p><strong>Release-Status:<\/strong><\/p>\n<ul>\n<li>Vorbestellung. Statue wird ca. Ende Q2 2024 released, wir erwarten sie sch\u00e4tzungsweise Ende August 2024 im Lager.<\/li>\n<\/ul>\n<p>Wie immer bei meinen Aktionen &#8211; s\u00e4mtliche Geb\u00fchren sind, im Gegensatz zu anderen Angeboten, bereits inkludiert. Versand erfolgt ausschlie\u00dflich aus Deutschland, es fallen keine Zoll- und Importgeb\u00fchren an. Ihr kauft keine Katze im Sack \ud83d\ude42<\/p>\n<p><strong>Ma\u00dfe der Statue:<\/strong><\/p>\n<ul>\n<li>Gr\u00f6\u00dfe: Regular: H89cm x W37cm x D37cm<\/li>\n<li>EX: H95cm x W44cm x D42cm<\/li>\n<li>Gewicht: gesch\u00e4tzt ca. 25 kg (TBA)<\/li>\n<\/ul>\n<p>You are not prepared! \ud83d\ude42<\/p>","protected":false},"excerpt":{"rendered":"<p>Neo Genesis Evangelion &#8211; Mari Makinami | 1:2 Resin Statue | von Infinity Studio I do ship EU-wide, please contact me, should questions arise. Tolle Statue der tapferen Mechpilotin Wunderbar verarbeitete und sehr detaillierte Mari Makinami Statue aus Polystone &#8211; k\u00fcnstlichem Stein-Harz-Gemisch. Besonderheiten: EX Version (weltweit 299 St\u00fcck) auch Regular Version verf\u00fcgbar (mit kleinerer Gr\u00f6\u00dfe) [&hellip;]<\/p>\n","protected":false},"featured_media":22591,"comment_status":"closed","ping_status":"closed","template":"","meta":[],"product_brand":[],"product_cat":[24,811,568,84],"product_tag":[612,656,1043,658,539,537,538,479,147,251,383,533,1082,1084,1083,1081,795,1079,1078,1080,536,534,535,154,255,136,137],"class_list":{"0":"post-22579","1":"product","2":"type-product","3":"status-publish","4":"has-post-thumbnail","6":"product_cat-action-figuren","7":"product_cat-neon-genesis-evangelion","8":"product_cat-preorder","9":"product_cat-statuen-anime-comic-universum","10":"product_tag-anime","11":"product_tag-anime-collectibles","12":"product_tag-anime-statues","13":"product_tag-anime-toys","14":"product_tag-asuka-figure","15":"product_tag-asuka-resin-statue","16":"product_tag-asuka-statue","17":"product_tag-collectible","18":"product_tag-collectibles","19":"product_tag-collectibles-kaufen","20":"product_tag-collector","21":"product_tag-eva","22":"product_tag-eva-makinami","23":"product_tag-eva-makinami-collectible","24":"product_tag-eva-makinami-statue","25":"product_tag-eva-mari","26":"product_tag-handsomecake","27":"product_tag-makinami","28":"product_tag-mari","29":"product_tag-mari-makinami","30":"product_tag-neo-genesis-asuka","31":"product_tag-neo-genesis-eva","32":"product_tag-neo-genesis-evangelion","33":"product_tag-resin-collectibles","34":"product_tag-resin-collectibles-kaufen","35":"product_tag-resin-statuen","36":"product_tag-resin-statuen-kaufen","37":"pa_brand-infinity-studio","38":"pa_scale-1_to_2","40":"first","41":"instock","42":"product-type-variable"},"_links":{"self":[{"href":"https:\/\/store.handsomecake.com\/en\/wp-json\/wp\/v2\/product\/22579","targetHints":{"allow":["GET"]}}],"collection":[{"href":"https:\/\/store.handsomecake.com\/en\/wp-json\/wp\/v2\/product"}],"about":[{"href":"https:\/\/store.handsomecake.com\/en\/wp-json\/wp\/v2\/types\/product"}],"replies":[{"embeddable":true,"href":"https:\/\/store.handsomecake.com\/en\/wp-json\/wp\/v2\/comments?post=22579"}],"wp:featuredmedia":[{"embeddable":true,"href":"https:\/\/store.handsomecake.com\/en\/wp-json\/wp\/v2\/media\/22591"}],"wp:attachment":[{"href":"https:\/\/store.handsomecake.com\/en\/wp-json\/wp\/v2\/media?parent=22579"}],"wp:term":[{"taxonomy":"product_brand","embeddable":true,"href":"https:\/\/store.handsomecake.com\/en\/wp-json\/wp\/v2\/product_brand?post=22579"},{"taxonomy":"product_cat","embeddable":true,"href":"https:\/\/store.handsomecake.com\/en\/wp-json\/wp\/v2\/product_cat?post=22579"},{"taxonomy":"product_tag","embeddable":true,"href":"https:\/\/store.handsomecake.com\/en\/wp-json\/wp\/v2\/product_tag?post=22579"}],"curies":[{"name":"wp","href":"https:\/\/api.w.org\/{rel}","templated":true}]}}