{"id":2256,"date":"2021-01-30T19:51:15","date_gmt":"2021-01-30T19:51:15","guid":{"rendered":"https:\/\/store.handsomecake.com\/product\/final-fantasy-tifa-lockhart-14-resin-statue-von-dragon-studio\/"},"modified":"2024-06-14T13:00:24","modified_gmt":"2024-06-14T13:00:24","slug":"final-fantasy-tifa-lockhart-14-resin-statue-von-dragon-studio","status":"publish","type":"product","link":"https:\/\/store.handsomecake.com\/en\/product\/final-fantasy-tifa-lockhart-14-resin-statue-von-dragon-studio\/","title":{"rendered":"Final Fantasy &#8211; Tifa Lockhart | 1:4 Resin Statue | von Dragon Studio"},"content":{"rendered":"<p>Final Fantasy &#8211; Tifa Lockhart | 1:4 Resin Statue | von Dragon Studio<\/p>\n<p>EU Taxfree! I do ship EU-wide, please contact me, should questions arise.<\/p>\n<p>Tolle Statue der Kindheitsfreundin von Cloud aus seiner Nibelheim Zeit.<br \/>\nWunderbar verarbeitete und sehr detaillierte Tifa Statue aus Polystone &#8211; k\u00fcnstlichem Stein-Harz-Gemisch.<\/p>\n<p><strong>Besonderheiten:<\/strong><\/p>\n<ul>\n<li>bei diesem Artikel handelt es sich ausschlie\u00dflich um die Exklusive (EX) Version<\/li>\n<li>Kleidung kann ausgezogen werden<\/li>\n<li>weltweit auf 268 St\u00fcck begrenzt<\/li>\n<\/ul>\n<p><strong>Release-Status:<\/strong><\/p>\n<ul>\n<li>Lagernd vor Ort. Versandfertig in ca. 5 Werktagen.<\/li>\n<\/ul>\n<p>Wie immer bei meinen Aktionen &#8211; s\u00e4mtliche Geb\u00fchren sind, im Gegensatz zu anderen Angeboten, bereits inkludiert. Versand erfolgt ausschlie\u00dflich aus Deutschland, es fallen keine Zoll- und Importgeb\u00fchren an. Ihr kauft keine Katze im Sack \ud83d\ude42<\/p>\n<p><strong>Ma\u00dfe der Statue:<\/strong><\/p>\n<ul>\n<li>Gr\u00f6\u00dfe: H63cm x W43cm x D39cm<\/li>\n<li>Gewicht: TBA, gesch\u00e4tzt: ca. 18 kg<\/li>\n<\/ul>\n<p>You are not prepared! \ud83d\ude42<\/p>","protected":false},"excerpt":{"rendered":"<p>Final Fantasy &#8211; Tifa Lockhart | 1:4 Resin Statue | von Dragon Studio EU Taxfree! I do ship EU-wide, please contact me, should questions arise. Tolle Statue der Kindheitsfreundin von Cloud aus seiner Nibelheim Zeit. Wunderbar verarbeitete und sehr detaillierte Tifa Statue aus Polystone &#8211; k\u00fcnstlichem Stein-Harz-Gemisch. Besonderheiten: bei diesem Artikel handelt es sich ausschlie\u00dflich [&hellip;]<\/p>\n","protected":false},"featured_media":2257,"comment_status":"closed","ping_status":"closed","template":"","meta":[],"product_brand":[],"product_cat":[197,826,81],"product_tag":[640,147,251,198,201,199,200,154,255,136,137,379,381,552,380,382,547,257,258],"class_list":{"0":"post-2256","1":"product","2":"type-product","3":"status-publish","4":"has-post-thumbnail","6":"product_cat-final-fantasy","7":"product_cat-lagernd-vor-ort","8":"product_cat-statuen-computerspieluniversum","9":"product_tag-anime-statuen","10":"product_tag-collectibles","11":"product_tag-collectibles-kaufen","12":"product_tag-final-fantasy","13":"product_tag-final-fantasy-7-remake","14":"product_tag-final-fantasy-collectibles","15":"product_tag-final-fantasy-statuen","16":"product_tag-resin-collectibles","17":"product_tag-resin-collectibles-kaufen","18":"product_tag-resin-statuen","19":"product_tag-resin-statuen-kaufen","20":"product_tag-statue-collectible","21":"product_tag-statue-collectibles","22":"product_tag-statue-collector","23":"product_tag-statues-collectible","24":"product_tag-statues-collectibles","25":"product_tag-statues-collector","26":"product_tag-tifa-lockhart","27":"product_tag-tifa-lockhart-collectible","28":"pa_brand-dragon-studio","29":"pa_scale-1_to_4","31":"first","32":"outofstock","33":"sale","34":"taxable","35":"shipping-taxable","36":"product-type-simple"},"_links":{"self":[{"href":"https:\/\/store.handsomecake.com\/en\/wp-json\/wp\/v2\/product\/2256","targetHints":{"allow":["GET"]}}],"collection":[{"href":"https:\/\/store.handsomecake.com\/en\/wp-json\/wp\/v2\/product"}],"about":[{"href":"https:\/\/store.handsomecake.com\/en\/wp-json\/wp\/v2\/types\/product"}],"replies":[{"embeddable":true,"href":"https:\/\/store.handsomecake.com\/en\/wp-json\/wp\/v2\/comments?post=2256"}],"wp:featuredmedia":[{"embeddable":true,"href":"https:\/\/store.handsomecake.com\/en\/wp-json\/wp\/v2\/media\/2257"}],"wp:attachment":[{"href":"https:\/\/store.handsomecake.com\/en\/wp-json\/wp\/v2\/media?parent=2256"}],"wp:term":[{"taxonomy":"product_brand","embeddable":true,"href":"https:\/\/store.handsomecake.com\/en\/wp-json\/wp\/v2\/product_brand?post=2256"},{"taxonomy":"product_cat","embeddable":true,"href":"https:\/\/store.handsomecake.com\/en\/wp-json\/wp\/v2\/product_cat?post=2256"},{"taxonomy":"product_tag","embeddable":true,"href":"https:\/\/store.handsomecake.com\/en\/wp-json\/wp\/v2\/product_tag?post=2256"}],"curies":[{"name":"wp","href":"https:\/\/api.w.org\/{rel}","templated":true}]}}