{"id":2248,"date":"2021-01-30T19:51:01","date_gmt":"2021-01-30T19:51:01","guid":{"rendered":"https:\/\/store.handsomecake.com\/product\/final-fantasy-aerith-gainsborough-14-resin-statue-von-anonymous-studio\/"},"modified":"2024-06-12T14:41:38","modified_gmt":"2024-06-12T14:41:38","slug":"final-fantasy-aerith-gainsborough-14-resin-statue-von-anonymous-studio","status":"publish","type":"product","link":"https:\/\/store.handsomecake.com\/en\/product\/final-fantasy-aerith-gainsborough-14-resin-statue-von-anonymous-studio\/","title":{"rendered":"Final Fantasy &#8211; Aerith Gainsborough | 1:4 Resin Statue | von Anonymous Studio"},"content":{"rendered":"<p>Final Fantasy &#8211; Aerith Gainsborough &#8218; 1:4 Resin Statue &#8218; von Anonymous Studio<br \/>\nEU Taxfree! I do ship EU-wide, please contact me, should questions arise.<\/p>\n<p>Tolle Statue der letzten \u00fcberlebten Cetra<br \/>\nWunderbar verarbeitete und sehr detaillierte Aerith Statue aus Polystone &#8211; k\u00fcnstlichem Stein-Harz-Gemisch.<\/p>\n<p>Besonderheiten:<\/p>\n<ul>\n<li>Hochzeitskleid kann komplett ausgezogen werden<\/li>\n<\/ul>\n<p>Release-Status:<\/p>\n<ul>\n<li>In Stock<\/li>\n<\/ul>\n<p>Wie immer bei meinen Aktionen &#8211; s\u00e4mtliche Geb\u00fchren sind, im Gegensatz zu anderen Angeboten, bereits inkludiert. Versand erfolgt ausschlie\u00dflich aus Deutschland, es fallen keine Zoll- und Importgeb\u00fchren an. Ihr kauft keine Katze im Sack \ud83d\ude42<\/p>\n<p>Ma\u00dfe der Statue:<br \/>\nGr\u00f6\u00dfe: H55cm x W35cm x D27cm<br \/>\nGewicht: TBA, gesch\u00e4tzt: ca. 10 kg<\/p>\n<p>You are not prepared! \ud83d\ude42<\/p>","protected":false},"excerpt":{"rendered":"<p>Final Fantasy &#8211; Aerith Gainsborough &#8218; 1:4 Resin Statue &#8218; von Anonymous Studio EU Taxfree! I do ship EU-wide, please contact me, should questions arise. Tolle Statue der letzten \u00fcberlebten Cetra Wunderbar verarbeitete und sehr detaillierte Aerith Statue aus Polystone &#8211; k\u00fcnstlichem Stein-Harz-Gemisch. Besonderheiten: Hochzeitskleid kann komplett ausgezogen werden Release-Status: Lagernd vor Ort Wie immer [&hellip;]<\/p>\n","protected":false},"featured_media":2249,"comment_status":"closed","ping_status":"closed","template":"","meta":[],"product_brand":[],"product_cat":[197,826,81,567],"product_tag":[640,147,251,198,201,199,200,154,255,136,137,379,381,552,380,382,547,257,258],"class_list":{"0":"post-2248","1":"product","2":"type-product","3":"status-publish","4":"has-post-thumbnail","6":"product_cat-final-fantasy","7":"product_cat-lagernd-vor-ort","8":"product_cat-statuen-computerspieluniversum","9":"product_cat-in_stock_warehouse_china","10":"product_tag-anime-statuen","11":"product_tag-collectibles","12":"product_tag-collectibles-kaufen","13":"product_tag-final-fantasy","14":"product_tag-final-fantasy-7-remake","15":"product_tag-final-fantasy-collectibles","16":"product_tag-final-fantasy-statuen","17":"product_tag-resin-collectibles","18":"product_tag-resin-collectibles-kaufen","19":"product_tag-resin-statuen","20":"product_tag-resin-statuen-kaufen","21":"product_tag-statue-collectible","22":"product_tag-statue-collectibles","23":"product_tag-statue-collector","24":"product_tag-statues-collectible","25":"product_tag-statues-collectibles","26":"product_tag-statues-collector","27":"product_tag-tifa-lockhart","28":"product_tag-tifa-lockhart-collectible","29":"pa_scale-1_to_4","31":"first","32":"instock","33":"taxable","34":"shipping-taxable","35":"product-type-variable"},"_links":{"self":[{"href":"https:\/\/store.handsomecake.com\/en\/wp-json\/wp\/v2\/product\/2248","targetHints":{"allow":["GET"]}}],"collection":[{"href":"https:\/\/store.handsomecake.com\/en\/wp-json\/wp\/v2\/product"}],"about":[{"href":"https:\/\/store.handsomecake.com\/en\/wp-json\/wp\/v2\/types\/product"}],"replies":[{"embeddable":true,"href":"https:\/\/store.handsomecake.com\/en\/wp-json\/wp\/v2\/comments?post=2248"}],"wp:featuredmedia":[{"embeddable":true,"href":"https:\/\/store.handsomecake.com\/en\/wp-json\/wp\/v2\/media\/2249"}],"wp:attachment":[{"href":"https:\/\/store.handsomecake.com\/en\/wp-json\/wp\/v2\/media?parent=2248"}],"wp:term":[{"taxonomy":"product_brand","embeddable":true,"href":"https:\/\/store.handsomecake.com\/en\/wp-json\/wp\/v2\/product_brand?post=2248"},{"taxonomy":"product_cat","embeddable":true,"href":"https:\/\/store.handsomecake.com\/en\/wp-json\/wp\/v2\/product_cat?post=2248"},{"taxonomy":"product_tag","embeddable":true,"href":"https:\/\/store.handsomecake.com\/en\/wp-json\/wp\/v2\/product_tag?post=2248"}],"curies":[{"name":"wp","href":"https:\/\/api.w.org\/{rel}","templated":true}]}}