{"id":22454,"date":"2023-05-24T16:14:16","date_gmt":"2023-05-24T16:14:16","guid":{"rendered":"https:\/\/store.handsomecake.com\/product\/black-lagoon-revy-14-resin-statue-von-figurama-studio\/"},"modified":"2025-08-29T23:27:36","modified_gmt":"2025-08-29T23:27:36","slug":"black-lagoon-revy-14-resin-statue-von-figurama-studio","status":"publish","type":"product","link":"https:\/\/store.handsomecake.com\/en\/product\/black-lagoon-revy-14-resin-statue-von-figurama-studio\/","title":{"rendered":"Black Lagoon &#8211; Revy | 1:4 Resin Statue | von Figurama Studio"},"content":{"rendered":"<p><strong>Black Lagoon &#8211; Revy | 1:4 Resin Statue | von Figurama Studio<\/strong><\/p>\n<p>EU Taxfree! I do ship EU-wide, please contact me, should questions arise.<\/p>\n<p><span style=\"color: #ffffff;\"><em><span style=\"background-color: #2c3e50;\">&#8220; Whether we live or die isn&#8217;t a big issue. If you focus on being alive, you develop fear. Your eyes get clouded. But if you have no such feelings&#8230; you are capable of fighting right to the end of the world. &#8222;<\/span><\/em><\/span><\/p>\n<p>Tolle Statue von der F\u00fchrerin der meisten Auftr\u00e4ge der Lagoon Company<br \/>\nWunderbar verarbeitete und sehr detaillierte Statue von Revy aus Polystone &#8211; k\u00fcnstlichem Stein-Harz-Gemisch.<\/p>\n<p><strong>Besonderheiten:<\/strong><\/p>\n<ul>\n<li>weltweit 500 St\u00fcck<\/li>\n<li>3 austauschbare K\u00f6pfe und 2 austauschbare H\u00e4nde<\/li>\n<\/ul>\n<p><strong>Release-Status:<\/strong><\/p>\n<ul>\n<li>Preorder. Statue wird voraussichtlich Q1 2025 erscheinen und wir erwarten sie voraussichtlich Ende Mai 2025 im Warenlager.<\/li>\n<\/ul>\n<p>Wie immer bei meinen Artikeln &#8211; s\u00e4mtliche Geb\u00fchren sind, im Gegensatz zu anderen Angeboten, bereits inkludiert. Versand erfolgt ausschlie\u00dflich aus Deutschland, es fallen keine Zoll- und Importgeb\u00fchren an. Ihr kauft keine Katze im Sack \ud83d\ude42<\/p>\n<p><strong>Ma\u00dfe der Statue:<\/strong><\/p>\n<ul>\n<li>Gr\u00f6\u00dfe: ca. H53cm x W31cm x D50cm<\/li>\n<li>Gewicht: TBA, ca. 14kg (gesch\u00e4tzt)<\/li>\n<\/ul>\n<p>You are not prepared! \ud83d\ude42<\/p>","protected":false},"excerpt":{"rendered":"<p>Black Lagoon &#8211; Revy | 1:4 Resin Statue | von Figurama Studio EU Taxfree! I do ship EU-wide, please contact me, should questions arise. &#8220; Whether we live or die isn&#8217;t a big issue. If you focus on being alive, you develop fear. Your eyes get clouded. But if you have no such feelings&#8230; you [&hellip;]<\/p>\n","protected":false},"featured_media":22501,"comment_status":"closed","ping_status":"closed","template":"","meta":[],"product_brand":[],"product_cat":[24,568,84],"product_tag":[2665,2666,2667,2668,147,251,383,553,154,136,137,554,2661,2662,2663,2664,639,379,381,552,547],"class_list":{"0":"post-22454","1":"product","2":"type-product","3":"status-publish","4":"has-post-thumbnail","6":"product_cat-action-figuren","7":"product_cat-preorder","8":"product_cat-statuen-anime-comic-universum","9":"product_tag-black-lagoon","10":"product_tag-black-lagoon-collectible","11":"product_tag-black-lagoon-figure","12":"product_tag-black-lagoon-statue","13":"product_tag-collectibles","14":"product_tag-collectibles-kaufen","15":"product_tag-collector","16":"product_tag-figure-collector","17":"product_tag-resin-collectibles","18":"product_tag-resin-statuen","19":"product_tag-resin-statuen-kaufen","20":"product_tag-resin-statues","21":"product_tag-revy","22":"product_tag-revy-collectible","23":"product_tag-revy-figure","24":"product_tag-revy-statue","25":"product_tag-saitama-figurine","26":"product_tag-statue-collectible","27":"product_tag-statue-collectibles","28":"product_tag-statue-collector","29":"product_tag-statues-collector","30":"pa_brand-figurama-studio","31":"pa_scale-1_to_4","33":"first","34":"instock","35":"taxable","36":"shipping-taxable","37":"product-type-simple"},"_links":{"self":[{"href":"https:\/\/store.handsomecake.com\/en\/wp-json\/wp\/v2\/product\/22454","targetHints":{"allow":["GET"]}}],"collection":[{"href":"https:\/\/store.handsomecake.com\/en\/wp-json\/wp\/v2\/product"}],"about":[{"href":"https:\/\/store.handsomecake.com\/en\/wp-json\/wp\/v2\/types\/product"}],"replies":[{"embeddable":true,"href":"https:\/\/store.handsomecake.com\/en\/wp-json\/wp\/v2\/comments?post=22454"}],"wp:featuredmedia":[{"embeddable":true,"href":"https:\/\/store.handsomecake.com\/en\/wp-json\/wp\/v2\/media\/22501"}],"wp:attachment":[{"href":"https:\/\/store.handsomecake.com\/en\/wp-json\/wp\/v2\/media?parent=22454"}],"wp:term":[{"taxonomy":"product_brand","embeddable":true,"href":"https:\/\/store.handsomecake.com\/en\/wp-json\/wp\/v2\/product_brand?post=22454"},{"taxonomy":"product_cat","embeddable":true,"href":"https:\/\/store.handsomecake.com\/en\/wp-json\/wp\/v2\/product_cat?post=22454"},{"taxonomy":"product_tag","embeddable":true,"href":"https:\/\/store.handsomecake.com\/en\/wp-json\/wp\/v2\/product_tag?post=22454"}],"curies":[{"name":"wp","href":"https:\/\/api.w.org\/{rel}","templated":true}]}}