{"id":22429,"date":"2023-05-24T16:11:04","date_gmt":"2023-05-24T16:11:04","guid":{"rendered":"https:\/\/store.handsomecake.com\/product\/dragon-ball-majin-vegeta-14-resin-statue-von-last-sleep-studio\/"},"modified":"2024-06-12T15:53:39","modified_gmt":"2024-06-12T15:53:39","slug":"dragon-ball-majin-vegeta-14-resin-statue-von-last-sleep-studio","status":"publish","type":"product","link":"https:\/\/store.handsomecake.com\/en\/product\/dragon-ball-majin-vegeta-14-resin-statue-von-last-sleep-studio\/","title":{"rendered":"Dragon Ball &#8211; Majin Vegeta | 1:4 Resin Statue | von Last Sleep Studio"},"content":{"rendered":"<p><strong>Dragon Ball &#8211; Majin Vegeta | 1:4 Resin Statue | von Last Sleep Studio<\/strong><\/p>\n<p>I do ship EU-wide, please contact me, should questions arise.<\/p>\n<p>Tolle Statue von einem von Vegeta&#8217;s Transformationen<br \/>\nWunderbar verarbeitete und sehr detaillierte Majin Vegeta Statue aus Polystone &#8211; k\u00fcnstlichem Stein-Harz-Gemisch.<\/p>\n<p><strong>Besonderheiten:<\/strong><\/p>\n<ul>\n<li>(R) Version (1:4)<\/li>\n<li>weltweit 268 St\u00fcck<\/li>\n<li>(R-) Version (1:6) auch verf\u00fcgbar<\/li>\n<\/ul>\n<p><strong>Release-Status:<\/strong><\/p>\n<ul>\n<li>Vorbestellung, Release erwartet Ende Q1 2024, Collectible bei uns im Lager sch\u00e4tzungsweise Ende Mai 2024<\/li>\n<\/ul>\n<p>Wie immer bei meinen Aktionen &#8211; s\u00e4mtliche Geb\u00fchren sind, im Gegensatz zu anderen Angeboten, bereits inkludiert. Versand erfolgt ausschlie\u00dflich aus Deutschland, es fallen keine Zoll- und Importgeb\u00fchren an. Ihr kauft keine Katze im Sack \ud83d\ude42<\/p>\n<p><strong>Ma\u00dfe der Statue:<\/strong><\/p>\n<ul>\n<li>Gr\u00f6\u00dfe(1:4): ca. H52cm x W25cm x D27cm<\/li>\n<li>Gr\u00f6\u00dfe(1:6): ca. H35cm x W19cm x D17cm<\/li>\n<li>Gewicht: TBA, gesch\u00e4tzt ca 12kg<\/li>\n<\/ul>\n<p>You are not prepared! \ud83d\ude42<\/p>","protected":false},"excerpt":{"rendered":"<p>Dragon Ball &#8211; Majin Vegeta | 1:4 Resin Statue | von Last Sleep Studio I do ship EU-wide, please contact me, should questions arise. Tolle Statue von einem von Vegeta&#8217;s Transformationen Wunderbar verarbeitete und sehr detaillierte Majin Vegeta Statue aus Polystone &#8211; k\u00fcnstlichem Stein-Harz-Gemisch. Besonderheiten: (R) Version (1:4) weltweit 268 St\u00fcck (R-) Version (1:6) auch [&hellip;]<\/p>\n","protected":false},"featured_media":22509,"comment_status":"closed","ping_status":"closed","template":"","meta":[],"product_brand":[],"product_cat":[24,87,568,84],"product_tag":[147,251,738,190,1976,1977,191,97,1978,1975,1980,1981,154,136,137,379,381,1979,380,382],"class_list":{"0":"post-22429","1":"product","2":"type-product","3":"status-publish","4":"has-post-thumbnail","6":"product_cat-action-figuren","7":"product_cat-dragon-ball","8":"product_cat-preorder","9":"product_cat-statuen-anime-comic-universum","10":"product_tag-collectibles","11":"product_tag-collectibles-kaufen","12":"product_tag-dragon-ball","13":"product_tag-dragon-ball-collectibles","14":"product_tag-dragon-ball-majin-vegeta","15":"product_tag-dragon-ball-majin-vegeta-collectible","16":"product_tag-dragon-ball-resin","17":"product_tag-dragon-ball-statue","18":"product_tag-dragon-ball-z-majin-vegeta","19":"product_tag-majin-vegeta","20":"product_tag-majin-vegeta-collectible","21":"product_tag-majin-vegeta-statue","22":"product_tag-resin-collectibles","23":"product_tag-resin-statuen","24":"product_tag-resin-statuen-kaufen","25":"product_tag-statue-collectible","26":"product_tag-statue-collectibles","27":"product_tag-statuen","28":"product_tag-statues-collectible","29":"product_tag-statues-collectibles","30":"pa_brand-las-sleep-studio","31":"pa_scale-1_to_4","32":"pa_scale-1_to_6","34":"first","35":"instock","36":"taxable","37":"shipping-taxable","38":"product-type-variable"},"_links":{"self":[{"href":"https:\/\/store.handsomecake.com\/en\/wp-json\/wp\/v2\/product\/22429","targetHints":{"allow":["GET"]}}],"collection":[{"href":"https:\/\/store.handsomecake.com\/en\/wp-json\/wp\/v2\/product"}],"about":[{"href":"https:\/\/store.handsomecake.com\/en\/wp-json\/wp\/v2\/types\/product"}],"replies":[{"embeddable":true,"href":"https:\/\/store.handsomecake.com\/en\/wp-json\/wp\/v2\/comments?post=22429"}],"wp:featuredmedia":[{"embeddable":true,"href":"https:\/\/store.handsomecake.com\/en\/wp-json\/wp\/v2\/media\/22509"}],"wp:attachment":[{"href":"https:\/\/store.handsomecake.com\/en\/wp-json\/wp\/v2\/media?parent=22429"}],"wp:term":[{"taxonomy":"product_brand","embeddable":true,"href":"https:\/\/store.handsomecake.com\/en\/wp-json\/wp\/v2\/product_brand?post=22429"},{"taxonomy":"product_cat","embeddable":true,"href":"https:\/\/store.handsomecake.com\/en\/wp-json\/wp\/v2\/product_cat?post=22429"},{"taxonomy":"product_tag","embeddable":true,"href":"https:\/\/store.handsomecake.com\/en\/wp-json\/wp\/v2\/product_tag?post=22429"}],"curies":[{"name":"wp","href":"https:\/\/api.w.org\/{rel}","templated":true}]}}