{"id":22379,"date":"2023-05-23T21:48:48","date_gmt":"2023-05-23T21:48:48","guid":{"rendered":"https:\/\/store.handsomecake.com\/product\/ranking-of-kings-chess-von-ling-yu-studio-x-she-studio\/"},"modified":"2024-06-12T15:52:55","modified_gmt":"2024-06-12T15:52:55","slug":"ranking-of-kings-chess-von-ling-yu-studio-x-she-studio","status":"publish","type":"product","link":"https:\/\/store.handsomecake.com\/en\/product\/ranking-of-kings-chess-von-ling-yu-studio-x-she-studio\/","title":{"rendered":"Ranking of Kings &#8211; Chess | von Ling Yu Studio x SHE Studio"},"content":{"rendered":"<p><strong>Ranking of Kings &#8211; Chess | von Ling Yu Studio x SHE Studio<\/strong><\/p>\n<p>I do ship EU-wide, please contact me, should questions arise.<\/p>\n<p>Ein beeindruckendes Schachbrett mit wundervollen Figuren aus &#8218;Ranking of Kings&#8216;.<\/p>\n<p><strong>Besonderheiten:<\/strong><\/p>\n<ul>\n<li>weltweit nur 99 St\u00fcck<\/li>\n<\/ul>\n<p><strong>Release-Status:<\/strong><\/p>\n<ul>\n<li>Preorder. Statue wird voraussichtlich Q2 2024 erscheinen und wir erwarten sie voraussichtlich Ende August 2024 im Warenlager.<\/li>\n<\/ul>\n<p>Wie immer bei meinen Aktionen &#8211; s\u00e4mtliche Geb\u00fchren sind, im Gegensatz zu anderen Angeboten, bereits inkludiert. Versand erfolgt ausschlie\u00dflich aus Deutschland, es fallen keine Zoll- und Importgeb\u00fchren an. Ihr kauft keine Katze im Sack \ud83d\ude42<\/p>\n<p><strong>Ma\u00dfe der Statue:<\/strong><\/p>\n<ul>\n<li>Gr\u00f6\u00dfe ca. H50cm x D13cm x W50cm<\/li>\n<li>Gewicht: TBA, ca. 6kg (gesch\u00e4tzt)<\/li>\n<\/ul>\n<p>You are not prepared! \ud83d\ude42<\/p>","protected":false},"excerpt":{"rendered":"<p>Ranking of Kings &#8211; Chess | von Ling Yu Studio x SHE Studio I do ship EU-wide, please contact me, should questions arise. Ein beeindruckendes Schachbrett mit wundervollen Figuren aus &#8218;Ranking of Kings&#8216;. Besonderheiten: weltweit nur 99 St\u00fcck Release-Status: Preorder. Statue wird voraussichtlich Q2 2024 erscheinen und wir erwarten sie voraussichtlich Ende August 2024 im [&hellip;]<\/p>\n","protected":false},"featured_media":22387,"comment_status":"closed","ping_status":"closed","template":"","meta":[],"product_brand":[],"product_cat":[568,15],"product_tag":[612,2648,659,666,717,794,662,640,658,2647,2651,479,147,251,795,2649,2650,552,2646],"class_list":{"0":"post-22379","1":"product","2":"type-product","3":"status-publish","4":"has-post-thumbnail","6":"product_cat-preorder","7":"product_cat-sonstiges","8":"product_tag-anime","9":"product_tag-anime-chess","10":"product_tag-anime-figuren","11":"product_tag-anime-figuren-shop","12":"product_tag-anime-shop","13":"product_tag-anime-statue","14":"product_tag-anime-statue-shop","15":"product_tag-anime-statuen","16":"product_tag-anime-toys","17":"product_tag-chess","18":"product_tag-chess-collection","19":"product_tag-collectible","20":"product_tag-collectibles","21":"product_tag-collectibles-kaufen","22":"product_tag-handsomecake","23":"product_tag-ranking-of-kings","24":"product_tag-ranking-of-kings-chess","25":"product_tag-statue-collector","26":"product_tag-statuecollector","27":"pa_brand-lingyu-studio","28":"pa_brand-she-studio","30":"first","31":"instock","32":"taxable","33":"shipping-taxable","34":"product-type-simple"},"_links":{"self":[{"href":"https:\/\/store.handsomecake.com\/en\/wp-json\/wp\/v2\/product\/22379","targetHints":{"allow":["GET"]}}],"collection":[{"href":"https:\/\/store.handsomecake.com\/en\/wp-json\/wp\/v2\/product"}],"about":[{"href":"https:\/\/store.handsomecake.com\/en\/wp-json\/wp\/v2\/types\/product"}],"replies":[{"embeddable":true,"href":"https:\/\/store.handsomecake.com\/en\/wp-json\/wp\/v2\/comments?post=22379"}],"wp:featuredmedia":[{"embeddable":true,"href":"https:\/\/store.handsomecake.com\/en\/wp-json\/wp\/v2\/media\/22387"}],"wp:attachment":[{"href":"https:\/\/store.handsomecake.com\/en\/wp-json\/wp\/v2\/media?parent=22379"}],"wp:term":[{"taxonomy":"product_brand","embeddable":true,"href":"https:\/\/store.handsomecake.com\/en\/wp-json\/wp\/v2\/product_brand?post=22379"},{"taxonomy":"product_cat","embeddable":true,"href":"https:\/\/store.handsomecake.com\/en\/wp-json\/wp\/v2\/product_cat?post=22379"},{"taxonomy":"product_tag","embeddable":true,"href":"https:\/\/store.handsomecake.com\/en\/wp-json\/wp\/v2\/product_tag?post=22379"}],"curies":[{"name":"wp","href":"https:\/\/api.w.org\/{rel}","templated":true}]}}