{"id":22362,"date":"2023-05-23T21:44:36","date_gmt":"2023-05-23T21:44:36","guid":{"rendered":"https:\/\/store.handsomecake.com\/product\/naruto-hiruzen-sarutobi-14-resin-statue-von-light-year-studio\/"},"modified":"2024-06-12T15:52:59","modified_gmt":"2024-06-12T15:52:59","slug":"naruto-hiruzen-sarutobi-14-resin-statue-von-light-year-studio","status":"publish","type":"product","link":"https:\/\/store.handsomecake.com\/en\/product\/naruto-hiruzen-sarutobi-14-resin-statue-von-light-year-studio\/","title":{"rendered":"Naruto &#8211; Hiruzen Sarutobi | 1:4 Resin Statue | von Light Year Studio"},"content":{"rendered":"<p><strong>Naruto &#8211; Hiruzen Sarutobi | 1:4 Resin Statue | von Light Year Studio<\/strong><\/p>\n<p>EU Taxfree! I do ship EU-wide, please contact me, should questions arise.<\/p>\n<p><span style=\"color: #ffffff;\"><em><span style=\"background-color: #2c3e50;\">&#8220; It is a place where every year shinobi are born, raised, grow old, fight, and die to protect their home. These people are precious to me. We share a home, we share a life, and though we may not share ties of blood, they are precious to me. They are my family. And if I do fall, you still will fail. I am only one of a long line. I carry this title in trust for those Hokage who came before and those who will come after. I am the Third Hokage! &#8222;<\/span><\/em><\/span><\/p>\n<p>Tolle Statue von Konohagakures dritter Hokage.<br \/>\nWunderbar verarbeitete und sehr detaillierte Statue von Hiruzen aus Polystone &#8211; k\u00fcnstlichem Stein-Harz-Gemisch.<\/p>\n<p><strong>Besonderheiten:<\/strong><\/p>\n<ul>\n<li>ES: TBD<\/li>\n<\/ul>\n<p><strong>Release-Status:<\/strong><\/p>\n<ul>\n<li>\u00a0Preorder. Statue wird voraussichtlich Q2 2024 erscheinen und wir erwarten sie voraussichtlich Ende August 2024 im Warenlager.<\/li>\n<\/ul>\n<p>Wie immer bei meinen Artikeln &#8211; s\u00e4mtliche Geb\u00fchren sind, im Gegensatz zu anderen Angeboten, bereits inkludiert. Versand erfolgt ausschlie\u00dflich aus Deutschland, es fallen keine Zoll- und Importgeb\u00fchren an. Ihr kauft keine Katze im Sack \ud83d\ude42<\/p>\n<p><strong>Ma\u00dfe der Statue:<\/strong><\/p>\n<ul>\n<li>Gr\u00f6\u00dfe: ca. H68cm x W69cm x D68cm<\/li>\n<li>Gewicht: TBA, ca. 17kg (gesch\u00e4tzt)<\/li>\n<\/ul>\n<p>You are not prepared! \ud83d\ude42<\/p>","protected":false},"excerpt":{"rendered":"<p>Naruto &#8211; Hiruzen Sarutobi | 1:4 Resin Statue | von Light Year Studio EU Taxfree! I do ship EU-wide, please contact me, should questions arise. &#8220; It is a place where every year shinobi are born, raised, grow old, fight, and die to protect their home. These people are precious to me. We share a [&hellip;]<\/p>\n","protected":false},"featured_media":22417,"comment_status":"closed","ping_status":"closed","template":"","meta":[],"product_brand":[],"product_cat":[24,88,568,84],"product_tag":[612,656,659,660,657,640,658,147,251,795,2652,2654,2655,169,170,154,136,137,2653,2656],"class_list":{"0":"post-22362","1":"product","2":"type-product","3":"status-publish","4":"has-post-thumbnail","6":"product_cat-action-figuren","7":"product_cat-naruto","8":"product_cat-preorder","9":"product_cat-statuen-anime-comic-universum","10":"product_tag-anime","11":"product_tag-anime-collectibles","12":"product_tag-anime-figuren","13":"product_tag-anime-figuren-naruto","14":"product_tag-anime-figures","15":"product_tag-anime-statuen","16":"product_tag-anime-toys","17":"product_tag-collectibles","18":"product_tag-collectibles-kaufen","19":"product_tag-handsomecake","20":"product_tag-hiruzen","21":"product_tag-hiruzen-sarutobi","22":"product_tag-hokage","23":"product_tag-naruto-statuen","24":"product_tag-naruto-statuen-kaufen","25":"product_tag-resin-collectibles","26":"product_tag-resin-statuen","27":"product_tag-resin-statuen-kaufen","28":"product_tag-sarutobi","29":"product_tag-third-hokage","30":"pa_brand-light-year-studio","31":"pa_scale-1_to_4","33":"first","34":"instock","35":"taxable","36":"shipping-taxable","37":"product-type-simple"},"_links":{"self":[{"href":"https:\/\/store.handsomecake.com\/en\/wp-json\/wp\/v2\/product\/22362","targetHints":{"allow":["GET"]}}],"collection":[{"href":"https:\/\/store.handsomecake.com\/en\/wp-json\/wp\/v2\/product"}],"about":[{"href":"https:\/\/store.handsomecake.com\/en\/wp-json\/wp\/v2\/types\/product"}],"replies":[{"embeddable":true,"href":"https:\/\/store.handsomecake.com\/en\/wp-json\/wp\/v2\/comments?post=22362"}],"wp:featuredmedia":[{"embeddable":true,"href":"https:\/\/store.handsomecake.com\/en\/wp-json\/wp\/v2\/media\/22417"}],"wp:attachment":[{"href":"https:\/\/store.handsomecake.com\/en\/wp-json\/wp\/v2\/media?parent=22362"}],"wp:term":[{"taxonomy":"product_brand","embeddable":true,"href":"https:\/\/store.handsomecake.com\/en\/wp-json\/wp\/v2\/product_brand?post=22362"},{"taxonomy":"product_cat","embeddable":true,"href":"https:\/\/store.handsomecake.com\/en\/wp-json\/wp\/v2\/product_cat?post=22362"},{"taxonomy":"product_tag","embeddable":true,"href":"https:\/\/store.handsomecake.com\/en\/wp-json\/wp\/v2\/product_tag?post=22362"}],"curies":[{"name":"wp","href":"https:\/\/api.w.org\/{rel}","templated":true}]}}