{"id":22272,"date":"2023-05-21T23:06:58","date_gmt":"2023-05-21T23:06:58","guid":{"rendered":"https:\/\/store.handsomecake.com\/product\/ghostblade-butterfly-song-princess-aeolian-resin-statue-von-ein-studio-wlop\/"},"modified":"2024-06-12T15:52:18","modified_gmt":"2024-06-12T15:52:18","slug":"ghostblade-butterfly-song-princess-aeolian-resin-statue-von-ein-studio-wlop","status":"publish","type":"product","link":"https:\/\/store.handsomecake.com\/en\/product\/ghostblade-butterfly-song-princess-aeolian-resin-statue-von-ein-studio-wlop\/","title":{"rendered":"GhostBlade: Butterfly Song &#8211; Princess Aeolian | Resin Statue | von Ein Studio + WLOP"},"content":{"rendered":"<p><strong>GhostBlade: Butterfly Song &#8211; Princess Aeolian | Resin Statue | von Ein Studio + WLOP<\/strong><\/p>\n<p>I do ship EU-wide, please contact me, should questions arise.<\/p>\n<p>Tolle Statue von &#8222;Butterfly Princess&#8220;<br \/>\nWunderbar verarbeitete und sehr detaillierte Aeolian Statue aus Polystone &#8211; k\u00fcnstlichem Stein-Harz-Gemisch.<\/p>\n<p><strong>Besonderheiten:<\/strong><\/p>\n<ul>\n<li>500 St\u00fcck weltweit<\/li>\n<\/ul>\n<p><strong>Release-Status:<\/strong><\/p>\n<ul>\n<li>Preorder. Statue wird voraussichtlich Ende Q4 2023 erscheinen. Wir erwarten sie sch\u00e4tzungsweise Ende Februar 2024 bei uns im Warenlager.<\/li>\n<\/ul>\n<p>Wie immer bei meinen Artikeln &#8211; s\u00e4mtliche Geb\u00fchren sind, im Gegensatz zu anderen Angeboten, bereits inkludiert. Versand erfolgt ausschlie\u00dflich aus Deutschland, es fallen keine Zoll- und Importgeb\u00fchren an. Ihr kauft keine Katze im Sack \ud83d\ude42<\/p>\n<p><strong>Ma\u00dfe der Statue:<\/strong><\/p>\n<ul>\n<li>Gr\u00f6\u00dfe: ca. H90cm x W32cm x D31cm<\/li>\n<li>Gewicht: TBA, gesch\u00e4tzt: ca. 18 kg<\/li>\n<\/ul>\n<p>You are not prepared! \ud83d\ude42<\/p>","protected":false},"excerpt":{"rendered":"<p>GhostBlade: Butterfly Song &#8211; Princess Aeolian | Resin Statue | von Ein Studio + WLOP I do ship EU-wide, please contact me, should questions arise. Tolle Statue von &#8222;Butterfly Princess&#8220; Wunderbar verarbeitete und sehr detaillierte Aeolian Statue aus Polystone &#8211; k\u00fcnstlichem Stein-Harz-Gemisch. Besonderheiten: 500 St\u00fcck weltweit Release-Status: Preorder. Statue wird voraussichtlich Ende Q4 2023 erscheinen. [&hellip;]<\/p>\n","protected":false},"featured_media":22302,"comment_status":"closed","ping_status":"closed","template":"","meta":[],"product_brand":[],"product_cat":[24,568,84],"product_tag":[2096,2097,2098,666,717,640,658,479,147,251,383,553,1442,1446,1448,795,2095,1444,154,255,136,137,554,379,2116,2115],"class_list":{"0":"post-22272","1":"product","2":"type-product","3":"status-publish","4":"has-post-thumbnail","6":"product_cat-action-figuren","7":"product_cat-preorder","8":"product_cat-statuen-anime-comic-universum","9":"product_tag-aeolian","10":"product_tag-aeolian-ghost-blade","11":"product_tag-aeolian-statue","12":"product_tag-anime-figuren-shop","13":"product_tag-anime-shop","14":"product_tag-anime-statuen","15":"product_tag-anime-toys","16":"product_tag-collectible","17":"product_tag-collectibles","18":"product_tag-collectibles-kaufen","19":"product_tag-collector","20":"product_tag-figure-collector","21":"product_tag-ghost-blade","22":"product_tag-ghost-blade-collectibles","23":"product_tag-ghost-blade-toys","24":"product_tag-handsomecake","25":"product_tag-princess-aeolian-collectible","26":"product_tag-princess-yan","27":"product_tag-resin-collectibles","28":"product_tag-resin-collectibles-kaufen","29":"product_tag-resin-statuen","30":"product_tag-resin-statuen-kaufen","31":"product_tag-resin-statues","32":"product_tag-statue-collectible","33":"product_tag-trieagles-studio","34":"product_tag-wlop","35":"pa_brand-ein-studio","36":"pa_scale-1_to_2","38":"first","39":"instock","40":"taxable","41":"shipping-taxable","42":"product-type-simple"},"_links":{"self":[{"href":"https:\/\/store.handsomecake.com\/en\/wp-json\/wp\/v2\/product\/22272","targetHints":{"allow":["GET"]}}],"collection":[{"href":"https:\/\/store.handsomecake.com\/en\/wp-json\/wp\/v2\/product"}],"about":[{"href":"https:\/\/store.handsomecake.com\/en\/wp-json\/wp\/v2\/types\/product"}],"replies":[{"embeddable":true,"href":"https:\/\/store.handsomecake.com\/en\/wp-json\/wp\/v2\/comments?post=22272"}],"wp:featuredmedia":[{"embeddable":true,"href":"https:\/\/store.handsomecake.com\/en\/wp-json\/wp\/v2\/media\/22302"}],"wp:attachment":[{"href":"https:\/\/store.handsomecake.com\/en\/wp-json\/wp\/v2\/media?parent=22272"}],"wp:term":[{"taxonomy":"product_brand","embeddable":true,"href":"https:\/\/store.handsomecake.com\/en\/wp-json\/wp\/v2\/product_brand?post=22272"},{"taxonomy":"product_cat","embeddable":true,"href":"https:\/\/store.handsomecake.com\/en\/wp-json\/wp\/v2\/product_cat?post=22272"},{"taxonomy":"product_tag","embeddable":true,"href":"https:\/\/store.handsomecake.com\/en\/wp-json\/wp\/v2\/product_tag?post=22272"}],"curies":[{"name":"wp","href":"https:\/\/api.w.org\/{rel}","templated":true}]}}