{"id":2227,"date":"2021-01-28T23:04:03","date_gmt":"2021-01-28T23:04:03","guid":{"rendered":"https:\/\/store.handsomecake.com\/product\/dragon-ball-z-future-trunks-lifesize-11-resin-statue-vom-mrc-studio\/"},"modified":"2024-09-09T16:12:54","modified_gmt":"2024-09-09T16:12:54","slug":"dragon-ball-z-future-trunks-lifesize-11-resin-statue-vom-mrc-studio","status":"publish","type":"product","link":"https:\/\/store.handsomecake.com\/en\/product\/dragon-ball-z-future-trunks-lifesize-11-resin-statue-vom-mrc-studio\/","title":{"rendered":"Dragon Ball Z &#8211; Future Trunks Lifesize EX | 1:1 Resin Statue | von MRC Studio"},"content":{"rendered":"<p>Dragon Ball Z &#8211; Future Trunks Lifesize EX &#8218; 1:1 Resin Statue &#8218; vom MRC Studio<br \/>\nEU Taxfree! I do ship EU-wide, please contact me, should questions arise.<\/p>\n<p>220 cm gro\u00dfe Statue (Lifesize) unseres geliebten Super Saiyajins<\/p>\n<p>Wunderbar verarbeitete und sehr detaillierte lifesize Statue von Future Trunks aus Polystone &#8211; k\u00fcnstlichem Stein-Harz-Gemisch.<\/p>\n<p>Besonderheiten:<\/p>\n<ul>\n<li>austauschbarer Kopf<\/li>\n<li>weltweit nur 50 St\u00fcck<\/li>\n<li>EX Variante inklusive einem weiteren Kopf<\/li>\n<\/ul>\n<p>Release-Status:<\/p>\n<ul>\n<li>Lagernd im Warenlager in China. Ab Bestellzeitpunkt in ca. 3-4 Monaten bei euch.<\/li>\n<\/ul>\n<p>Wie immer bei meinen Artikeln &#8211; s\u00e4mtliche Geb\u00fchren sind, im Gegensatz zu anderen Angeboten, bereits inkludiert. Versand erfolgt ausschlie\u00dflich aus Deutschland, es fallen keine Zoll- und Importgeb\u00fchren an. Ihr kauft keine Katze im Sack \ud83d\ude42<\/p>\n<p>Ma\u00dfe der Statue:<br \/>\nGr\u00f6\u00dfe: ca. 250cm x 120cm x 120cm (gesch\u00e4tzt)<br \/>\nGewicht: \u00fcber 100kg (gesch\u00e4tzt)<\/p>\n<p>You are not prepared! \ud83d\ude42<\/p>","protected":false},"excerpt":{"rendered":"<p>Dragon Ball Z &#8211; Future Trunks Lifesize EX &#8218; 1:1 Resin Statue &#8218; vom MRC Studio EU Taxfree! I do ship EU-wide, please contact me, should questions arise. 220 cm gro\u00dfe Statue (Lifesize) unseres geliebten Super Saiyajins Wunderbar verarbeitete und sehr detaillierte lifesize Statue von Future Trunks aus Polystone &#8211; k\u00fcnstlichem Stein-Harz-Gemisch. Besonderheiten: austauschbarer Kopf [&hellip;]<\/p>\n","protected":false},"featured_media":2228,"comment_status":"closed","ping_status":"closed","template":"","meta":[],"product_brand":[],"product_cat":[87,84,567],"product_tag":[656,659,661,657,640,658,643,147,251,644,190,471,191,171,346,97,645,386,514,469,470,154,136,137,388,387,624,622,623,472,379,381,380,382],"class_list":{"0":"post-2227","1":"product","2":"type-product","3":"status-publish","4":"has-post-thumbnail","6":"product_cat-dragon-ball","7":"product_cat-statuen-anime-comic-universum","8":"product_cat-in_stock_warehouse_china","9":"product_tag-anime-collectibles","10":"product_tag-anime-figuren","11":"product_tag-anime-figuren-dragon-ball","12":"product_tag-anime-figures","13":"product_tag-anime-statuen","14":"product_tag-anime-toys","15":"product_tag-boo","16":"product_tag-collectibles","17":"product_tag-collectibles-kaufen","18":"product_tag-dragon-ball-boo","19":"product_tag-dragon-ball-collectibles","20":"product_tag-dragon-ball-lifesize","21":"product_tag-dragon-ball-resin","22":"product_tag-dragon-ball-son-goku","23":"product_tag-dragon-ball-son-goku-collectible","24":"product_tag-dragon-ball-statue","25":"product_tag-dragon-ball-z-boo","26":"product_tag-dragon-ball-z-son-gohan","27":"product_tag-lifesize","28":"product_tag-lifesize-collectibles","29":"product_tag-lifesize-statuen","30":"product_tag-resin-collectibles","31":"product_tag-resin-statuen","32":"product_tag-resin-statuen-kaufen","33":"product_tag-son-gohan-collectible","34":"product_tag-son-gohan-statue","35":"product_tag-son-goku-collectible","36":"product_tag-son-goku-figure","37":"product_tag-son-goku-figurine","38":"product_tag-son-goku-statue","39":"product_tag-statue-collectible","40":"product_tag-statue-collectibles","41":"product_tag-statues-collectible","42":"product_tag-statues-collectibles","43":"pa_brand-mrc-studio","44":"pa_scale-1_to_1","46":"first","47":"instock","48":"taxable","49":"shipping-taxable","50":"product-type-simple"},"_links":{"self":[{"href":"https:\/\/store.handsomecake.com\/en\/wp-json\/wp\/v2\/product\/2227","targetHints":{"allow":["GET"]}}],"collection":[{"href":"https:\/\/store.handsomecake.com\/en\/wp-json\/wp\/v2\/product"}],"about":[{"href":"https:\/\/store.handsomecake.com\/en\/wp-json\/wp\/v2\/types\/product"}],"replies":[{"embeddable":true,"href":"https:\/\/store.handsomecake.com\/en\/wp-json\/wp\/v2\/comments?post=2227"}],"wp:featuredmedia":[{"embeddable":true,"href":"https:\/\/store.handsomecake.com\/en\/wp-json\/wp\/v2\/media\/2228"}],"wp:attachment":[{"href":"https:\/\/store.handsomecake.com\/en\/wp-json\/wp\/v2\/media?parent=2227"}],"wp:term":[{"taxonomy":"product_brand","embeddable":true,"href":"https:\/\/store.handsomecake.com\/en\/wp-json\/wp\/v2\/product_brand?post=2227"},{"taxonomy":"product_cat","embeddable":true,"href":"https:\/\/store.handsomecake.com\/en\/wp-json\/wp\/v2\/product_cat?post=2227"},{"taxonomy":"product_tag","embeddable":true,"href":"https:\/\/store.handsomecake.com\/en\/wp-json\/wp\/v2\/product_tag?post=2227"}],"curies":[{"name":"wp","href":"https:\/\/api.w.org\/{rel}","templated":true}]}}