{"id":22263,"date":"2023-05-21T23:05:22","date_gmt":"2023-05-21T23:05:22","guid":{"rendered":"https:\/\/store.handsomecake.com\/product\/naruto-sasori-17-resin-statue-von-randian-studio\/"},"modified":"2024-12-21T16:31:11","modified_gmt":"2024-12-21T16:31:11","slug":"naruto-sasori-17-resin-statue-von-randian-studio","status":"publish","type":"product","link":"https:\/\/store.handsomecake.com\/en\/product\/naruto-sasori-17-resin-statue-von-randian-studio\/","title":{"rendered":"Naruto &#8211; Sasori | 1:7 Resin Statue | von RanDian Studio"},"content":{"rendered":"<p><strong>Naruto &#8211; Sasori | 1:7 Resin Statue | von RanDian Studio<\/strong><\/p>\n<p>EU Taxfree! I do ship EU-wide, please contact me, should questions arise.<\/p>\n<p><em><span style=\"color: #ffffff;\"><span style=\"background-color: #2c3e50;\">&#8222;I would describe myself as a human being who could become a complete puppet, I am a unfinished puppet, whose lifeless frame still contains a beating heart at it&#8217;s core. I am neither dead, nor am I alive.&#8220;<\/span><\/span><\/em><\/p>\n<p>Tolle Statue des Mitglieds von Akatsuki &#8211; Sasori of the Red Sand<br \/>\nWunderbar verarbeitete und sehr detaillierte Sasori Statue aus Polystone &#8211; k\u00fcnstlichem Stein-Harz-Gemisch.<\/p>\n<p><strong>Besonderheiten:<\/strong><\/p>\n<ul>\n<li>weltweit auf 99 St\u00fcck begrenzt<\/li>\n<li>mit LED<\/li>\n<\/ul>\n<p><strong>Release-Status:<\/strong><\/p>\n<ul>\n<li>Preorder. Voraussichtliches Release-Datum: Q2 2024. Wir erwarten die Statue bei uns im Lager Ende August 2024.<\/li>\n<\/ul>\n<p>Wie immer bei meinen Aktionen &#8211; s\u00e4mtliche Geb\u00fchren sind, im Gegensatz zu anderen Angeboten, bereits inkludiert. Versand erfolgt ausschlie\u00dflich aus Deutschland, es fallen keine Zoll- und Importgeb\u00fchren an. Ihr kauft keine Katze im Sack \ud83d\ude42<\/p>\n<p><strong>Ma\u00dfe der Statue:<\/strong><\/p>\n<ul>\n<li>Gr\u00f6\u00dfe: ca. 54cm x 62cm x 45cm<\/li>\n<li>Gewicht: TBA, ca. 16kg (gesch\u00e4tzt)<\/li>\n<\/ul>\n<p>You are not prepared! \ud83d\ude42<\/p>","protected":false},"excerpt":{"rendered":"<p>Naruto &#8211; Sasori | 1:7 Resin Statue | von RanDian Studio EU Taxfree! I do ship EU-wide, please contact me, should questions arise. &#8222;I would describe myself as a human being who could become a complete puppet, I am a unfinished puppet, whose lifeless frame still contains a beating heart at it&#8217;s core. I am [&hellip;]<\/p>\n","protected":false},"featured_media":22264,"comment_status":"closed","ping_status":"closed","template":"","meta":[],"product_brand":[],"product_cat":[24,88,568,84],"product_tag":[2639,656,659,660,657,640,658,147,251,168,296,2637,169,170,154,136,137,2638,2641,2640],"class_list":{"0":"post-22263","1":"product","2":"type-product","3":"status-publish","4":"has-post-thumbnail","6":"product_cat-action-figuren","7":"product_cat-naruto","8":"product_cat-preorder","9":"product_cat-statuen-anime-comic-universum","10":"product_tag-akatsuki-sasori","11":"product_tag-anime-collectibles","12":"product_tag-anime-figuren","13":"product_tag-anime-figuren-naruto","14":"product_tag-anime-figures","15":"product_tag-anime-statuen","16":"product_tag-anime-toys","17":"product_tag-collectibles","18":"product_tag-collectibles-kaufen","19":"product_tag-naruto-collectibles","20":"product_tag-naruto-collectibles-kaufen","21":"product_tag-naruto-sasori","22":"product_tag-naruto-statuen","23":"product_tag-naruto-statuen-kaufen","24":"product_tag-resin-collectibles","25":"product_tag-resin-statuen","26":"product_tag-resin-statuen-kaufen","27":"product_tag-sasori","28":"product_tag-sasori-of-the-red-sand","29":"product_tag-sasori-statue","30":"pa_brand-randian-studio","31":"pa_scale-1_to_7","33":"first","34":"outofstock","35":"taxable","36":"shipping-taxable","37":"product-type-simple"},"_links":{"self":[{"href":"https:\/\/store.handsomecake.com\/en\/wp-json\/wp\/v2\/product\/22263","targetHints":{"allow":["GET"]}}],"collection":[{"href":"https:\/\/store.handsomecake.com\/en\/wp-json\/wp\/v2\/product"}],"about":[{"href":"https:\/\/store.handsomecake.com\/en\/wp-json\/wp\/v2\/types\/product"}],"replies":[{"embeddable":true,"href":"https:\/\/store.handsomecake.com\/en\/wp-json\/wp\/v2\/comments?post=22263"}],"wp:featuredmedia":[{"embeddable":true,"href":"https:\/\/store.handsomecake.com\/en\/wp-json\/wp\/v2\/media\/22264"}],"wp:attachment":[{"href":"https:\/\/store.handsomecake.com\/en\/wp-json\/wp\/v2\/media?parent=22263"}],"wp:term":[{"taxonomy":"product_brand","embeddable":true,"href":"https:\/\/store.handsomecake.com\/en\/wp-json\/wp\/v2\/product_brand?post=22263"},{"taxonomy":"product_cat","embeddable":true,"href":"https:\/\/store.handsomecake.com\/en\/wp-json\/wp\/v2\/product_cat?post=22263"},{"taxonomy":"product_tag","embeddable":true,"href":"https:\/\/store.handsomecake.com\/en\/wp-json\/wp\/v2\/product_tag?post=22263"}],"curies":[{"name":"wp","href":"https:\/\/api.w.org\/{rel}","templated":true}]}}