{"id":22217,"date":"2023-05-20T21:44:57","date_gmt":"2023-05-20T21:44:57","guid":{"rendered":"https:\/\/store.handsomecake.com\/product\/demon-slayer-mitsuri-kanroji-16-resin-statue-von-lc-studio\/"},"modified":"2024-07-08T19:32:29","modified_gmt":"2024-07-08T19:32:29","slug":"demon-slayer-mitsuri-kanroji-16-resin-statue-von-lc-studio","status":"publish","type":"product","link":"https:\/\/store.handsomecake.com\/en\/product\/demon-slayer-mitsuri-kanroji-16-resin-statue-von-lc-studio\/","title":{"rendered":"Demon Slayer &#8211; Mitsuri Kanroji | 1:6 Resin Statue | von LC Studio"},"content":{"rendered":"<p><strong>Demon Slayer &#8211; Mitsuri Kanroji | 1:6 Resin Statue | von LC Studio<\/strong><\/p>\n<p>I do ship EU-wide, please contact me, should questions arise.<\/p>\n<p><span style=\"color: #ffffff;\"><em><span style=\"background-color: #2c3e50;\">&#8220; Is it okay for a girl to be this strong? I still worry that someone may ask that, as though I&#8217;m not human. In my fear, I was suppressing my strength. But not anymore. Leave this to me. I will protect everyone. &#8222;<\/span><\/em><\/span><\/p>\n<p>Tolle Statue von der Liebess\u00e4ule der Demon Slayer-Truppe<br \/>\nWunderbar verarbeitete und sehr detaillierte Mitsuri Kanroji Statue aus Polystone &#8211; k\u00fcnstlichem Stein-Harz-Gemisch.<\/p>\n<p><strong>Besonderheiten<\/strong>:<\/p>\n<ul>\n<li>weltweit 150 St\u00fcck<\/li>\n<\/ul>\n<p><strong>Release-Status<\/strong>:<\/p>\n<ul>\n<li>Pre order. Release ca. Ende Q1 2024 erwartet, bei uns im Lager voraussichtlich Ende Mai 2024.<\/li>\n<\/ul>\n<p>Wie immer bei meinen Aktionen &#8211; s\u00e4mtliche Geb\u00fchren sind, im Gegensatz zu anderen Angeboten, bereits inkludiert. Versand erfolgt ausschlie\u00dflich aus Deutschland, es fallen keine Zoll- und Importgeb\u00fchren an. Ihr kauft keine Katze im Sack \ud83d\ude42<\/p>\n<p><strong>Ma\u00dfe der Statue<\/strong>:<\/p>\n<ul>\n<li>Gr\u00f6\u00dfe: ca. H47 x W25 x D21cm<\/li>\n<li>Gewicht: TBA ca. 11 kg (gesch\u00e4tzt)<\/li>\n<\/ul>\n<p>You are not prepared! \ud83d\ude42<\/p>","protected":false},"excerpt":{"rendered":"<p>Demon Slayer &#8211; Mitsuri Kanroji | 1:6 Resin Statue | von LC Studio I do ship EU-wide, please contact me, should questions arise. &#8220; Is it okay for a girl to be this strong? I still worry that someone may ask that, as though I&#8217;m not human. In my fear, I was suppressing my strength. [&hellip;]<\/p>\n","protected":false},"featured_media":22223,"comment_status":"closed","ping_status":"closed","template":"","meta":[],"product_brand":[],"product_cat":[24,1325,568,84],"product_tag":[612,656,666,708,1043,658,479,147,251,383,1432,1870,1433,1424,795,2631,2632,2633,255,136,137],"class_list":{"0":"post-22217","1":"product","2":"type-product","3":"status-publish","4":"has-post-thumbnail","6":"product_cat-action-figuren","7":"product_cat-demon-slayer","8":"product_cat-preorder","9":"product_cat-statuen-anime-comic-universum","10":"product_tag-anime","11":"product_tag-anime-collectibles","12":"product_tag-anime-figuren-shop","13":"product_tag-anime-statuen-shop","14":"product_tag-anime-statues","15":"product_tag-anime-toys","16":"product_tag-collectible","17":"product_tag-collectibles","18":"product_tag-collectibles-kaufen","19":"product_tag-collector","20":"product_tag-demon-slayer-figure","21":"product_tag-demon-slayer-himejima","22":"product_tag-demon-slayer-resin-statue","23":"product_tag-demon-slayer-statue","24":"product_tag-handsomecake","25":"product_tag-mitsuri","26":"product_tag-mitsuri-kanroji","27":"product_tag-resin-collectible","28":"product_tag-resin-collectibles-kaufen","29":"product_tag-resin-statuen","30":"product_tag-resin-statuen-kaufen","31":"pa_brand-lc-studio","32":"pa_scale-1_to_6","34":"first","35":"outofstock","36":"taxable","37":"shipping-taxable","38":"product-type-simple"},"_links":{"self":[{"href":"https:\/\/store.handsomecake.com\/en\/wp-json\/wp\/v2\/product\/22217","targetHints":{"allow":["GET"]}}],"collection":[{"href":"https:\/\/store.handsomecake.com\/en\/wp-json\/wp\/v2\/product"}],"about":[{"href":"https:\/\/store.handsomecake.com\/en\/wp-json\/wp\/v2\/types\/product"}],"replies":[{"embeddable":true,"href":"https:\/\/store.handsomecake.com\/en\/wp-json\/wp\/v2\/comments?post=22217"}],"wp:featuredmedia":[{"embeddable":true,"href":"https:\/\/store.handsomecake.com\/en\/wp-json\/wp\/v2\/media\/22223"}],"wp:attachment":[{"href":"https:\/\/store.handsomecake.com\/en\/wp-json\/wp\/v2\/media?parent=22217"}],"wp:term":[{"taxonomy":"product_brand","embeddable":true,"href":"https:\/\/store.handsomecake.com\/en\/wp-json\/wp\/v2\/product_brand?post=22217"},{"taxonomy":"product_cat","embeddable":true,"href":"https:\/\/store.handsomecake.com\/en\/wp-json\/wp\/v2\/product_cat?post=22217"},{"taxonomy":"product_tag","embeddable":true,"href":"https:\/\/store.handsomecake.com\/en\/wp-json\/wp\/v2\/product_tag?post=22217"}],"curies":[{"name":"wp","href":"https:\/\/api.w.org\/{rel}","templated":true}]}}