{"id":22167,"date":"2023-05-16T21:29:28","date_gmt":"2023-05-16T21:29:28","guid":{"rendered":"https:\/\/store.handsomecake.com\/product\/one-piece-charlotte-katakuri-16-resin-statue-von-water-bear-studio\/"},"modified":"2025-05-19T15:11:21","modified_gmt":"2025-05-19T15:11:21","slug":"one-piece-charlotte-katakuri-16-resin-statue-von-water-bear-studio","status":"publish","type":"product","link":"https:\/\/store.handsomecake.com\/en\/product\/one-piece-charlotte-katakuri-16-resin-statue-von-water-bear-studio\/","title":{"rendered":"One Piece &#8211; Charlotte Katakuri | 1:6 Resin Statue | von Water Bear Studio"},"content":{"rendered":"<p><strong>One Piece &#8211; Charlotte Katakuri | 1:6 Resin Statue | von Water Bear Studio<\/strong><\/p>\n<p>I do ship EU-wide, please contact me, should questions arise.<\/p>\n<p><span style=\"color: #ffffff;\"><em><span style=\"background-color: #2c3e50;\">&#8220; My Color of Observation Haki is honed to perfection&#8230; There is nothing I cannot see! I am unmatched and you will lose! &#8222;<\/span><\/em><\/span><\/p>\n<p>Tolle Statue von einem der Sweet San-Sh\u014dsei und dem zweite Sohn der Familie Charlotte<br \/>\nWunderbar verarbeitete und sehr detaillierte Katakuri Statue aus Polystone &#8211; k\u00fcnstlichem Stein-Harz-Gemisch.<\/p>\n<p><strong>Besonderheiten:<\/strong><\/p>\n<ul>\n<li>Exclusive Version<\/li>\n<li>288 St\u00fcck weltweit<\/li>\n<li>auch Regular Version ist verf\u00fcgbar<\/li>\n<\/ul>\n<p><strong>Release-Status:<\/strong><\/p>\n<ul>\n<li>Preorder, Statue wird voraussichtlich in Q1 2024 released. Wir erwarten sie im Warenlager ca. Ende Mai 2024.<\/li>\n<\/ul>\n<p>Wie immer bei meinen Aktionen &#8211; s\u00e4mtliche Geb\u00fchren sind, im Gegensatz zu anderen Angeboten, bereits inkludiert. Versand erfolgt ausschlie\u00dflich aus Deutschland, es fallen keine Zoll- und Importgeb\u00fchren an. Ihr kauft keine Katze im Sack \ud83d\ude42<\/p>\n<p><strong>Ma\u00dfe der Statue:<\/strong><\/p>\n<ul>\n<li>Gr\u00f6\u00dfe (Regular) : ca. 53cm x 55cm x 25cm<\/li>\n<li>Gr\u00f6\u00dfe (EX) : ca. 53cm x 55cm x 32cm<\/li>\n<li>Gewicht: TBA, ca. 12 kg (gesch\u00e4tzt)<\/li>\n<\/ul>\n<p>You are not prepared! \ud83d\ude42<\/p>","protected":false},"excerpt":{"rendered":"<p>One Piece &#8211; Charlotte Katakuri | 1:6 Resin Statue | von Water Bear Studio I do ship EU-wide, please contact me, should questions arise. &#8220; My Color of Observation Haki is honed to perfection&#8230; There is nothing I cannot see! I am unmatched and you will lose! &#8222; Tolle Statue von einem der Sweet San-Sh\u014dsei [&hellip;]<\/p>\n","protected":false},"featured_media":22170,"comment_status":"closed","ping_status":"closed","template":"","meta":[],"product_brand":[],"product_cat":[24,89,84,567],"product_tag":[612,664,666,717,794,662,640,658,1751,2629,479,147,251,795,2625,2626,2627,2628,164,502,165,154,255,136,2444],"class_list":{"0":"post-22167","1":"product","2":"type-product","3":"status-publish","4":"has-post-thumbnail","6":"product_cat-action-figuren","7":"product_cat-one-piece","8":"product_cat-statuen-anime-comic-universum","9":"product_cat-in_stock_warehouse_china","10":"product_tag-anime","11":"product_tag-anime-figuren-one-piece","12":"product_tag-anime-figuren-shop","13":"product_tag-anime-shop","14":"product_tag-anime-statue","15":"product_tag-anime-statue-shop","16":"product_tag-anime-statuen","17":"product_tag-anime-toys","18":"product_tag-big-mom","19":"product_tag-charlotte-katakuri","20":"product_tag-collectible","21":"product_tag-collectibles","22":"product_tag-collectibles-kaufen","23":"product_tag-handsomecake","24":"product_tag-katakuri","25":"product_tag-katakuri-collectible","26":"product_tag-katakuri-one-piece","27":"product_tag-katakuri-statue","28":"product_tag-one-piece-collectibles","29":"product_tag-one-piece-resin","30":"product_tag-one-piece-statue","31":"product_tag-resin-collectibles","32":"product_tag-resin-collectibles-kaufen","33":"product_tag-resin-statuen","34":"product_tag-yonko","35":"pa_brand-water-bear-studio","36":"pa_scale-1_to_6","38":"first","39":"instock","40":"taxable","41":"shipping-taxable","42":"product-type-variable"},"_links":{"self":[{"href":"https:\/\/store.handsomecake.com\/en\/wp-json\/wp\/v2\/product\/22167","targetHints":{"allow":["GET"]}}],"collection":[{"href":"https:\/\/store.handsomecake.com\/en\/wp-json\/wp\/v2\/product"}],"about":[{"href":"https:\/\/store.handsomecake.com\/en\/wp-json\/wp\/v2\/types\/product"}],"replies":[{"embeddable":true,"href":"https:\/\/store.handsomecake.com\/en\/wp-json\/wp\/v2\/comments?post=22167"}],"wp:featuredmedia":[{"embeddable":true,"href":"https:\/\/store.handsomecake.com\/en\/wp-json\/wp\/v2\/media\/22170"}],"wp:attachment":[{"href":"https:\/\/store.handsomecake.com\/en\/wp-json\/wp\/v2\/media?parent=22167"}],"wp:term":[{"taxonomy":"product_brand","embeddable":true,"href":"https:\/\/store.handsomecake.com\/en\/wp-json\/wp\/v2\/product_brand?post=22167"},{"taxonomy":"product_cat","embeddable":true,"href":"https:\/\/store.handsomecake.com\/en\/wp-json\/wp\/v2\/product_cat?post=22167"},{"taxonomy":"product_tag","embeddable":true,"href":"https:\/\/store.handsomecake.com\/en\/wp-json\/wp\/v2\/product_tag?post=22167"}],"curies":[{"name":"wp","href":"https:\/\/api.w.org\/{rel}","templated":true}]}}