{"id":22153,"date":"2023-05-16T19:57:26","date_gmt":"2023-05-16T19:57:26","guid":{"rendered":"https:\/\/store.handsomecake.com\/product\/naruto-might-guy-vs-kisame-hoshigaki-16-resin-statue-von-surge-studio\/"},"modified":"2024-09-23T21:05:59","modified_gmt":"2024-09-23T21:05:59","slug":"naruto-might-guy-vs-kisame-hoshigaki-16-resin-statue-von-surge-studio","status":"publish","type":"product","link":"https:\/\/store.handsomecake.com\/en\/product\/naruto-might-guy-vs-kisame-hoshigaki-16-resin-statue-von-surge-studio\/","title":{"rendered":"Naruto &#8211; Might Guy vs. Kisame Hoshigaki | 1:6 Resin Statue | von Surge Studio"},"content":{"rendered":"<p><strong>Naruto &#8211; Might Guy vs. Kisame Hoshigaki | 1:6 Resin Statue | von Surge Studio<\/strong><\/p>\n<p>I do ship EU-wide, please contact me, should questions arise.<\/p>\n<p>Beeindruckende Statue, die zwei m\u00e4chtige Ninjas inmitten eines epischen Kampfes darstellt<br \/>\nWunderbar verarbeitete und sehr detaillierte Might Guy vs. Kisame Hoshigaki Kampf Statue aus Polystone &#8211; k\u00fcnstlichem Stein-Harz-Gemisch.<\/p>\n<p><strong>Besonderheiten:<\/strong><\/p>\n<ul>\n<li>mit LED<\/li>\n<li>198 St\u00fcck weltweit<\/li>\n<li>Samehada (Preorder Bonus)<\/li>\n<\/ul>\n<p><strong>Release-Status:<\/strong><\/p>\n<ul>\n<li>Preorder. Statue wird sch\u00e4tzungsweise Q2 2024 fertiggestellt und wir erwarten sie bei uns im Lager gegen Ende August 2024.<\/li>\n<\/ul>\n<p>Wie immer bei meinen Aktionen &#8211; s\u00e4mtliche Geb\u00fchren sind, im Gegensatz zu anderen Angeboten, bereits inkludiert. Versand erfolgt ausschlie\u00dflich aus Deutschland, es fallen keine Zoll- und Importgeb\u00fchren an. Ihr kauft keine Katze im Sack \ud83d\ude42<\/p>\n<p><strong>Ma\u00dfe der Statue:<\/strong><\/p>\n<ul>\n<li>Gr\u00f6\u00dfe: ca. H59cm x W55cm x D39cm<\/li>\n<li>Gewicht: TBA, gesch\u00e4tzt: ca. 12kg<\/li>\n<\/ul>\n<p>You are not prepared! \ud83d\ude42<\/p>","protected":false},"excerpt":{"rendered":"<p>Naruto &#8211; Might Guy vs. Kisame Hoshigaki | 1:6 Resin Statue | von Surge Studio I do ship EU-wide, please contact me, should questions arise. Beeindruckende Statue, die zwei m\u00e4chtige Ninjas inmitten eines epischen Kampfes darstellt Wunderbar verarbeitete und sehr detaillierte Might Guy vs. Kisame Hoshigaki Kampf Statue aus Polystone &#8211; k\u00fcnstlichem Stein-Harz-Gemisch. Besonderheiten: mit [&hellip;]<\/p>\n","protected":false},"featured_media":22154,"comment_status":"closed","ping_status":"closed","template":"","meta":[],"product_brand":[],"product_cat":[24,88,568,84],"product_tag":[612,656,659,660,657,640,658,147,251,795,2624,297,1341,168,296,1339,1340,2623,169,170,154,136,137],"class_list":{"0":"post-22153","1":"product","2":"type-product","3":"status-publish","4":"has-post-thumbnail","6":"product_cat-action-figuren","7":"product_cat-naruto","8":"product_cat-preorder","9":"product_cat-statuen-anime-comic-universum","10":"product_tag-anime","11":"product_tag-anime-collectibles","12":"product_tag-anime-figuren","13":"product_tag-anime-figuren-naruto","14":"product_tag-anime-figures","15":"product_tag-anime-statuen","16":"product_tag-anime-toys","17":"product_tag-collectibles","18":"product_tag-collectibles-kaufen","19":"product_tag-handsomecake","20":"product_tag-might-guy-vs-kisame","21":"product_tag-naruto-akatsuki","22":"product_tag-naruto-akatsuki-statue","23":"product_tag-naruto-collectibles","24":"product_tag-naruto-collectibles-kaufen","25":"product_tag-naruto-kisame","26":"product_tag-naruto-kisame-collectibles","27":"product_tag-naruto-might-guy","28":"product_tag-naruto-statuen","29":"product_tag-naruto-statuen-kaufen","30":"product_tag-resin-collectibles","31":"product_tag-resin-statuen","32":"product_tag-resin-statuen-kaufen","33":"pa_brand-surge-studio","34":"pa_scale-1_to_6","36":"first","37":"outofstock","38":"taxable","39":"shipping-taxable","40":"product-type-variable"},"_links":{"self":[{"href":"https:\/\/store.handsomecake.com\/en\/wp-json\/wp\/v2\/product\/22153","targetHints":{"allow":["GET"]}}],"collection":[{"href":"https:\/\/store.handsomecake.com\/en\/wp-json\/wp\/v2\/product"}],"about":[{"href":"https:\/\/store.handsomecake.com\/en\/wp-json\/wp\/v2\/types\/product"}],"replies":[{"embeddable":true,"href":"https:\/\/store.handsomecake.com\/en\/wp-json\/wp\/v2\/comments?post=22153"}],"wp:featuredmedia":[{"embeddable":true,"href":"https:\/\/store.handsomecake.com\/en\/wp-json\/wp\/v2\/media\/22154"}],"wp:attachment":[{"href":"https:\/\/store.handsomecake.com\/en\/wp-json\/wp\/v2\/media?parent=22153"}],"wp:term":[{"taxonomy":"product_brand","embeddable":true,"href":"https:\/\/store.handsomecake.com\/en\/wp-json\/wp\/v2\/product_brand?post=22153"},{"taxonomy":"product_cat","embeddable":true,"href":"https:\/\/store.handsomecake.com\/en\/wp-json\/wp\/v2\/product_cat?post=22153"},{"taxonomy":"product_tag","embeddable":true,"href":"https:\/\/store.handsomecake.com\/en\/wp-json\/wp\/v2\/product_tag?post=22153"}],"curies":[{"name":"wp","href":"https:\/\/api.w.org\/{rel}","templated":true}]}}