{"id":22136,"date":"2023-05-15T22:31:16","date_gmt":"2023-05-15T22:31:16","guid":{"rendered":"https:\/\/store.handsomecake.com\/product\/slam-dunk-rukawa-kaede-11-resin-statue-von-infinite-studio\/"},"modified":"2024-06-12T15:51:20","modified_gmt":"2024-06-12T15:51:20","slug":"slam-dunk-rukawa-kaede-11-resin-statue-von-infinite-studio","status":"publish","type":"product","link":"https:\/\/store.handsomecake.com\/en\/product\/slam-dunk-rukawa-kaede-11-resin-statue-von-infinite-studio\/","title":{"rendered":"Slam Dunk &#8211; Rukawa Kaede | 1:1 Resin Statue | von Infinite Studio"},"content":{"rendered":"<p><strong>Slam Dunk &#8211; Rukawa Kaede | 1:1 Resin Statue | von Infinite Studio<\/strong><\/p>\n<p>EU Taxfree! I do ship EU-wide, please contact me, should questions arise.<\/p>\n<p>Tolle Statue von dem talentierten Shooting Guard der Shohoku-Mannschaft<\/p>\n<p><span style=\"color: #ffffff;\"><em><span style=\"background-color: #2c3e50;\">&#8220; I am the only #1 and always will be &#8222;<\/span><\/em><\/span><\/p>\n<p>Wunderbar verarbeitete und sehr detaillierte Rukawa Kaede Lifesize Statue aus Polystone &#8211; k\u00fcnstlichem Stein-Harz-Gemisch.<\/p>\n<p><strong>Besonderheiten:<\/strong><\/p>\n<ul>\n<li>weltweit nur 88 St\u00fcck<\/li>\n<li>mit LED<\/li>\n<\/ul>\n<p><strong>Release-Status:<\/strong><\/p>\n<ul>\n<li>Preorder. Statue wird voraussichtlich Ende Q4 2024 erscheinen und wir erwarten sie voraussichtlich Ende Februar 2025 im Warenlager.<\/li>\n<\/ul>\n<p>Wie immer bei meinen Artikeln &#8211; s\u00e4mtliche Geb\u00fchren sind, im Gegensatz zu anderen Angeboten, bereits inkludiert. Versand erfolgt ausschlie\u00dflich aus Deutschland, es fallen keine Zoll- und Importgeb\u00fchren an. Ihr kauft keine Katze im Sack \ud83d\ude42<\/p>\n<p><strong>Ma\u00dfe der Statue:<\/strong><\/p>\n<ul>\n<li>Gr\u00f6\u00dfe: ca. H213cm x W103cm x D103cm<\/li>\n<li>Gewicht: TBA, ca. 80kg (gesch\u00e4tzt)<\/li>\n<\/ul>\n<p>You are not prepared! \ud83d\ude42<\/p>","protected":false},"excerpt":{"rendered":"<p>Slam Dunk &#8211; Rukawa Kaede | 1:1 Resin Statue | von Infinite Studio EU Taxfree! I do ship EU-wide, please contact me, should questions arise. Tolle Statue von dem talentierten Shooting Guard der Shohoku-Mannschaft &#8220; I am the only #1 and always will be &#8222; Wunderbar verarbeitete und sehr detaillierte Rukawa Kaede Lifesize Statue aus [&hellip;]<\/p>\n","protected":false},"featured_media":22139,"comment_status":"closed","ping_status":"closed","template":"","meta":[],"product_brand":[],"product_cat":[24,568,84],"product_tag":[612,659,666,717,147,795,154,136,137,2615,2616,2617,2618,2619,2620,2622,2621,379,381,380,382,718],"class_list":{"0":"post-22136","1":"product","2":"type-product","3":"status-publish","4":"has-post-thumbnail","6":"product_cat-action-figuren","7":"product_cat-preorder","8":"product_cat-statuen-anime-comic-universum","9":"product_tag-anime","10":"product_tag-anime-figuren","11":"product_tag-anime-figuren-shop","12":"product_tag-anime-shop","13":"product_tag-collectibles","14":"product_tag-handsomecake","15":"product_tag-resin-collectibles","16":"product_tag-resin-statuen","17":"product_tag-resin-statuen-kaufen","18":"product_tag-rukawa-kaede","19":"product_tag-rukawa-kaede-collectible","20":"product_tag-rukawa-kaede-resin-statue","21":"product_tag-rukawa-kaede-statue","22":"product_tag-slam-dunk","23":"product_tag-slam-dunk-collectibles","24":"product_tag-slam-dunk-rukawa-kaede","25":"product_tag-slam-dunk-statue","26":"product_tag-statue-collectible","27":"product_tag-statue-collectibles","28":"product_tag-statues-collectible","29":"product_tag-statues-collectibles","30":"product_tag-toys","31":"pa_brand-infinite-studio","32":"pa_scale-1_to_1","34":"first","35":"instock","36":"taxable","37":"shipping-taxable","38":"product-type-variable"},"_links":{"self":[{"href":"https:\/\/store.handsomecake.com\/en\/wp-json\/wp\/v2\/product\/22136","targetHints":{"allow":["GET"]}}],"collection":[{"href":"https:\/\/store.handsomecake.com\/en\/wp-json\/wp\/v2\/product"}],"about":[{"href":"https:\/\/store.handsomecake.com\/en\/wp-json\/wp\/v2\/types\/product"}],"replies":[{"embeddable":true,"href":"https:\/\/store.handsomecake.com\/en\/wp-json\/wp\/v2\/comments?post=22136"}],"wp:featuredmedia":[{"embeddable":true,"href":"https:\/\/store.handsomecake.com\/en\/wp-json\/wp\/v2\/media\/22139"}],"wp:attachment":[{"href":"https:\/\/store.handsomecake.com\/en\/wp-json\/wp\/v2\/media?parent=22136"}],"wp:term":[{"taxonomy":"product_brand","embeddable":true,"href":"https:\/\/store.handsomecake.com\/en\/wp-json\/wp\/v2\/product_brand?post=22136"},{"taxonomy":"product_cat","embeddable":true,"href":"https:\/\/store.handsomecake.com\/en\/wp-json\/wp\/v2\/product_cat?post=22136"},{"taxonomy":"product_tag","embeddable":true,"href":"https:\/\/store.handsomecake.com\/en\/wp-json\/wp\/v2\/product_tag?post=22136"}],"curies":[{"name":"wp","href":"https:\/\/api.w.org\/{rel}","templated":true}]}}