{"id":22099,"date":"2023-05-14T23:29:31","date_gmt":"2023-05-14T23:29:31","guid":{"rendered":"https:\/\/store.handsomecake.com\/product\/resident-evil-4-ashley-graham-14-resin-statue-von-m-f-studio-x-hyperspace-studio\/"},"modified":"2025-12-16T12:26:42","modified_gmt":"2025-12-16T12:26:42","slug":"resident-evil-4-ashley-graham-14-resin-statue-von-m-f-studio-x-hyperspace-studio","status":"publish","type":"product","link":"https:\/\/store.handsomecake.com\/en\/product\/resident-evil-4-ashley-graham-14-resin-statue-von-m-f-studio-x-hyperspace-studio\/","title":{"rendered":"Resident Evil 4 &#8211; Ashley Graham | 1:4 Resin Statue | von M.F. Studio x Hyperspace Studio"},"content":{"rendered":"<p><strong>Resident Evil 4 &#8211; Ashley Graham | 1:4 Resin Statue | von M.F. Studio x Hyperspace Studio<\/strong><\/p>\n<p>I do ship EU-wide, please contact me, should questions arise.<\/p>\n<p><span style=\"color: #ffffff;\"><em><span style=\"background-color: #2c3e50;\">&#8222;How rude! And I don&#8217;t believe there&#8217;s any relevance with my figure and my standing! Who are you?&#8220;<\/span><\/em><\/span><\/p>\n<p>Tolle Statue der Tochter des ehemaligen US-Pr\u00e4sidenten Graham<br \/>\nWunderbar verarbeitete und sehr detaillierte Ashley Graham Statue aus Polystone &#8211; k\u00fcnstlichem Stein-Harz-Gemisch.<\/p>\n<p><strong>Besonderheiten<\/strong>:<\/p>\n<ul>\n<li>C Version (A + B)<\/li>\n<li>A : Regular Version<\/li>\n<li>B : nackte Version<\/li>\n<li>weltweit 288 St\u00fcck<\/li>\n<\/ul>\n<p><strong>Release-Status:<\/strong><\/p>\n<ul>\n<li>Preorder. Statue wird voraussichtlich Ende Q4 2023 erscheinen. Wir erwarten sie sch\u00e4tzungsweise Ende Februar 2024 bei uns im Warenlager.<\/li>\n<\/ul>\n<p>Wie immer bei meinen Artikeln &#8211; s\u00e4mtliche Geb\u00fchren sind, im Gegensatz zu anderen Angeboten, bereits inkludiert. Versand erfolgt ausschlie\u00dflich aus Deutschland, es fallen keine Zoll- und Importgeb\u00fchren an. Ihr kauft keine Katze im Sack \ud83d\ude42<\/p>\n<p><strong>Ma\u00dfe der Statue:<\/strong><\/p>\n<ul>\n<li>Gr\u00f6\u00dfe : ca. (H)54cm x (W)20cm x (D) 15cm<\/li>\n<li>Gewicht: TBA, ca. 12 kg<\/li>\n<\/ul>\n<p>You are not prepared! \ud83d\ude42<\/p>","protected":false},"excerpt":{"rendered":"<p>Resident Evil 4 &#8211; Ashley Graham | 1:4 Resin Statue | von M.F. Studio x Hyperspace Studio I do ship EU-wide, please contact me, should questions arise. &#8222;How rude! And I don&#8217;t believe there&#8217;s any relevance with my figure and my standing! Who are you?&#8220; Tolle Statue der Tochter des ehemaligen US-Pr\u00e4sidenten Graham Wunderbar verarbeitete [&hellip;]<\/p>\n","protected":false},"featured_media":22119,"comment_status":"closed","ping_status":"closed","template":"","meta":[],"product_brand":[],"product_cat":[24,568,82,81],"product_tag":[612,659,666,717,2608,2609,2610,2611,147,795,187,2612,189,188,1324,154,136,137,379,381,380,382,718],"class_list":{"0":"post-22099","1":"product","2":"type-product","3":"status-publish","4":"has-post-thumbnail","6":"product_cat-action-figuren","7":"product_cat-preorder","8":"product_cat-resident-evil","9":"product_cat-statuen-computerspieluniversum","10":"product_tag-anime","11":"product_tag-anime-figuren","12":"product_tag-anime-figuren-shop","13":"product_tag-anime-shop","14":"product_tag-ashley-graham","15":"product_tag-ashley-graham-collectible","16":"product_tag-ashley-graham-resin-statue","17":"product_tag-ashley-graham-statue","18":"product_tag-collectibles","19":"product_tag-handsomecake","20":"product_tag-resident-evil","21":"product_tag-resident-evil-4","22":"product_tag-resident-evil-collectibles","23":"product_tag-resident-evil-statuen","24":"product_tag-resident-evil-toys","25":"product_tag-resin-collectibles","26":"product_tag-resin-statuen","27":"product_tag-resin-statuen-kaufen","28":"product_tag-statue-collectible","29":"product_tag-statue-collectibles","30":"product_tag-statues-collectible","31":"product_tag-statues-collectibles","32":"product_tag-toys","33":"pa_brand-8-studio","34":"pa_brand-hyperspace-studio","35":"pa_brand-mf-studio-2","36":"pa_scale-1_to_4","38":"first","39":"instock","40":"taxable","41":"shipping-taxable","42":"product-type-variable"},"_links":{"self":[{"href":"https:\/\/store.handsomecake.com\/en\/wp-json\/wp\/v2\/product\/22099","targetHints":{"allow":["GET"]}}],"collection":[{"href":"https:\/\/store.handsomecake.com\/en\/wp-json\/wp\/v2\/product"}],"about":[{"href":"https:\/\/store.handsomecake.com\/en\/wp-json\/wp\/v2\/types\/product"}],"replies":[{"embeddable":true,"href":"https:\/\/store.handsomecake.com\/en\/wp-json\/wp\/v2\/comments?post=22099"}],"wp:featuredmedia":[{"embeddable":true,"href":"https:\/\/store.handsomecake.com\/en\/wp-json\/wp\/v2\/media\/22119"}],"wp:attachment":[{"href":"https:\/\/store.handsomecake.com\/en\/wp-json\/wp\/v2\/media?parent=22099"}],"wp:term":[{"taxonomy":"product_brand","embeddable":true,"href":"https:\/\/store.handsomecake.com\/en\/wp-json\/wp\/v2\/product_brand?post=22099"},{"taxonomy":"product_cat","embeddable":true,"href":"https:\/\/store.handsomecake.com\/en\/wp-json\/wp\/v2\/product_cat?post=22099"},{"taxonomy":"product_tag","embeddable":true,"href":"https:\/\/store.handsomecake.com\/en\/wp-json\/wp\/v2\/product_tag?post=22099"}],"curies":[{"name":"wp","href":"https:\/\/api.w.org\/{rel}","templated":true}]}}