{"id":22047,"date":"2023-05-12T00:07:33","date_gmt":"2023-05-12T00:07:33","guid":{"rendered":"https:\/\/store.handsomecake.com\/product\/one-piece-shanks-16-resin-statue-von-tj-studio\/"},"modified":"2024-06-12T15:50:55","modified_gmt":"2024-06-12T15:50:55","slug":"one-piece-shanks-16-resin-statue-von-tj-studio","status":"publish","type":"product","link":"https:\/\/store.handsomecake.com\/en\/product\/one-piece-shanks-16-resin-statue-von-tj-studio\/","title":{"rendered":"One Piece &#8211; Shanks | 1:6 Resin Statue | von TJ Studio"},"content":{"rendered":"<p><strong>One Piece &#8211; Shanks | 1:6 Resin Statue | von TJ Studio<\/strong><\/p>\n<p>I do ship EU-wide, please contact me, should questions arise.<\/p>\n<p><span style=\"color: #ffffff;\"><em><span style=\"font-style: italic;\"><span style=\"background-color: #2c3e50;\">&#8220; Listen up&#8230; You can pour drinks on me, you can throw food at me&#8230; You can even spit on me. I&#8217;ll just laugh that stuff off. But&#8230; Good reason or not&#8230; Nobody hurts a friend of mine.&#8220;\u00a0<\/span><\/span><\/em><\/span><\/p>\n<p>Tolle Statue des Kapit\u00e4ns der Rothaar-Piratenbande<br \/>\nWunderbar verarbeitete und sehr detaillierte Shanks Statue aus Polystone &#8211; k\u00fcnstlichem Stein-Harz-Gemisch.<\/p>\n<p><strong>Besonderheiten<\/strong>:<\/p>\n<ul>\n<li>300 St\u00fcck weltweit<\/li>\n<li>EX Version mit L\u00f6wen<\/li>\n<li>auch Normal Version ist verf\u00fcgbar<\/li>\n<\/ul>\n<p><strong>Release-Status:<\/strong><\/p>\n<ul>\n<li>Preorder, Statue wird voraussichtlich in Q2 2024 released. Wir erwarten sie im Warenlager ca. Ende August 2024.<\/li>\n<\/ul>\n<p>Wie immer bei meinen Aktionen &#8211; s\u00e4mtliche Geb\u00fchren sind, im Gegensatz zu anderen Angeboten, bereits inkludiert. Versand erfolgt ausschlie\u00dflich aus Deutschland, es fallen keine Zoll- und Importgeb\u00fchren an. Ihr kauft keine Katze im Sack \ud83d\ude42<\/p>\n<p><strong>Ma\u00dfe der Statue:<\/strong><\/p>\n<ul>\n<li>Gr\u00f6\u00dfe: ca. 45cm x 43cm x 32cm<\/li>\n<li>Gewicht: TBA, ca. 12 kg (gesch\u00e4tzt)<\/li>\n<\/ul>\n<p>You are not prepared! \ud83d\ude42<\/p>","protected":false},"excerpt":{"rendered":"<p>One Piece &#8211; Shanks | 1:6 Resin Statue | von TJ Studio I do ship EU-wide, please contact me, should questions arise. &#8220; Listen up&#8230; You can pour drinks on me, you can throw food at me&#8230; You can even spit on me. I&#8217;ll just laugh that stuff off. But&#8230; Good reason or not&#8230; Nobody [&hellip;]<\/p>\n","protected":false},"featured_media":22050,"comment_status":"closed","ping_status":"closed","template":"","meta":[],"product_brand":[],"product_cat":[24,89,568,84],"product_tag":[612,666,717,794,662,640,658,479,147,251,795,164,502,2082,165,154,255,136,137,2079,2080,2081,379,381,552,665,380,382,547],"class_list":{"0":"post-22047","1":"product","2":"type-product","3":"status-publish","4":"has-post-thumbnail","6":"product_cat-action-figuren","7":"product_cat-one-piece","8":"product_cat-preorder","9":"product_cat-statuen-anime-comic-universum","10":"product_tag-anime","11":"product_tag-anime-figuren-shop","12":"product_tag-anime-shop","13":"product_tag-anime-statue","14":"product_tag-anime-statue-shop","15":"product_tag-anime-statuen","16":"product_tag-anime-toys","17":"product_tag-collectible","18":"product_tag-collectibles","19":"product_tag-collectibles-kaufen","20":"product_tag-handsomecake","21":"product_tag-one-piece-collectibles","22":"product_tag-one-piece-resin","23":"product_tag-one-piece-shanks","24":"product_tag-one-piece-statue","25":"product_tag-resin-collectibles","26":"product_tag-resin-collectibles-kaufen","27":"product_tag-resin-statuen","28":"product_tag-resin-statuen-kaufen","29":"product_tag-shanks","30":"product_tag-shanks-collectible","31":"product_tag-shanks-statue","32":"product_tag-statue-collectible","33":"product_tag-statue-collectibles","34":"product_tag-statue-collector","35":"product_tag-statuen-shop","36":"product_tag-statues-collectible","37":"product_tag-statues-collectibles","38":"product_tag-statues-collector","39":"pa_brand-tj-studio","40":"pa_scale-1_to_6","42":"first","43":"instock","44":"taxable","45":"shipping-taxable","46":"product-type-variable"},"_links":{"self":[{"href":"https:\/\/store.handsomecake.com\/en\/wp-json\/wp\/v2\/product\/22047","targetHints":{"allow":["GET"]}}],"collection":[{"href":"https:\/\/store.handsomecake.com\/en\/wp-json\/wp\/v2\/product"}],"about":[{"href":"https:\/\/store.handsomecake.com\/en\/wp-json\/wp\/v2\/types\/product"}],"replies":[{"embeddable":true,"href":"https:\/\/store.handsomecake.com\/en\/wp-json\/wp\/v2\/comments?post=22047"}],"wp:featuredmedia":[{"embeddable":true,"href":"https:\/\/store.handsomecake.com\/en\/wp-json\/wp\/v2\/media\/22050"}],"wp:attachment":[{"href":"https:\/\/store.handsomecake.com\/en\/wp-json\/wp\/v2\/media?parent=22047"}],"wp:term":[{"taxonomy":"product_brand","embeddable":true,"href":"https:\/\/store.handsomecake.com\/en\/wp-json\/wp\/v2\/product_brand?post=22047"},{"taxonomy":"product_cat","embeddable":true,"href":"https:\/\/store.handsomecake.com\/en\/wp-json\/wp\/v2\/product_cat?post=22047"},{"taxonomy":"product_tag","embeddable":true,"href":"https:\/\/store.handsomecake.com\/en\/wp-json\/wp\/v2\/product_tag?post=22047"}],"curies":[{"name":"wp","href":"https:\/\/api.w.org\/{rel}","templated":true}]}}