{"id":21977,"date":"2023-05-10T21:23:36","date_gmt":"2023-05-10T21:23:36","guid":{"rendered":"https:\/\/store.handsomecake.com\/product\/one-punch-man-fubuki-15-resin-statue-von-oz-production\/"},"modified":"2024-10-06T17:21:28","modified_gmt":"2024-10-06T17:21:28","slug":"one-punch-man-fubuki-15-resin-statue-von-oz-production","status":"publish","type":"product","link":"https:\/\/store.handsomecake.com\/en\/product\/one-punch-man-fubuki-15-resin-statue-von-oz-production\/","title":{"rendered":"One Punch Man &#8211; Fubuki | 1:5 Resin Statue | von OZ Production"},"content":{"rendered":"<p><strong>One Punch Man &#8211; Fubuki | 1:5 Resin Statue | von OZ Production<\/strong><\/p>\n<p>I do ship EU-wide, please contact me, should questions arise.<\/p>\n<p>Tolle Statue von Hellish Blizzard<br \/>\nWunderbar verarbeitete und sehr detaillierte Fubuki Statue aus Polystone &#8211; k\u00fcnstlichem Stein-Harz-Gemisch.<\/p>\n<p><strong>Besonderheiten<\/strong>:<\/p>\n<ul>\n<li>weltweit 233 St\u00fcck<\/li>\n<li>mit austauschbarem nacktem K\u00f6rper<\/li>\n<\/ul>\n<p><strong>Release-Status:<\/strong><\/p>\n<ul>\n<li>Vorbestellung, Release erwartet Ende Q1 2024, Collectible bei uns im Lager sch\u00e4tzungsweise Ende Mai 2024<\/li>\n<\/ul>\n<p>Wie immer bei meinen Aktionen &#8211; s\u00e4mtliche Geb\u00fchren sind, im Gegensatz zu anderen Angeboten, bereits inkludiert. Versand erfolgt ausschlie\u00dflich aus Deutschland, es fallen keine Zoll- und Importgeb\u00fchren an. Ihr kauft keine Katze im Sack \ud83d\ude42<\/p>\n<p><strong>Ma\u00dfe der Statue:<\/strong><\/p>\n<ul>\n<li>Gr\u00f6\u00dfe: ca. H47.6cm x W28.7cm x D20.5cm<\/li>\n<li>Gewicht: TBA, gesch\u00e4tzt ca 12kg<\/li>\n<\/ul>\n<p>You are not prepared! \ud83d\ude42<\/p>","protected":false},"excerpt":{"rendered":"<p>One Punch Man &#8211; Fubuki | 1:5 Resin Statue | von OZ Production I do ship EU-wide, please contact me, should questions arise. Tolle Statue von Hellish Blizzard Wunderbar verarbeitete und sehr detaillierte Fubuki Statue aus Polystone &#8211; k\u00fcnstlichem Stein-Harz-Gemisch. Besonderheiten: weltweit 233 St\u00fcck mit austauschbarem nacktem K\u00f6rper Release-Status: Vorbestellung, Release erwartet Ende Q1 2024, [&hellip;]<\/p>\n","protected":false},"featured_media":22000,"comment_status":"closed","ping_status":"closed","template":"","meta":[],"product_brand":[],"product_cat":[24,568,84],"product_tag":[147,251,383,553,1924,1925,1926,1927,630,632,633,634,631,154,136,137,554,639,379,381,552,547],"class_list":{"0":"post-21977","1":"product","2":"type-product","3":"status-publish","4":"has-post-thumbnail","6":"product_cat-action-figuren","7":"product_cat-preorder","8":"product_cat-statuen-anime-comic-universum","9":"product_tag-collectibles","10":"product_tag-collectibles-kaufen","11":"product_tag-collector","12":"product_tag-figure-collector","13":"product_tag-fubuki","14":"product_tag-fubuki-collectible","15":"product_tag-fubuki-figure","16":"product_tag-fubuki-statue","17":"product_tag-one-punch-man","18":"product_tag-one-punch-man-collectible","19":"product_tag-one-punch-man-figure","20":"product_tag-one-punch-man-figurine","21":"product_tag-one-punch-man-statue","22":"product_tag-resin-collectibles","23":"product_tag-resin-statuen","24":"product_tag-resin-statuen-kaufen","25":"product_tag-resin-statues","26":"product_tag-saitama-figurine","27":"product_tag-statue-collectible","28":"product_tag-statue-collectibles","29":"product_tag-statue-collector","30":"product_tag-statues-collector","31":"pa_brand-oz-production-studio","32":"pa_scale-1_to_5","34":"first","35":"instock","36":"taxable","37":"shipping-taxable","38":"product-type-variable"},"_links":{"self":[{"href":"https:\/\/store.handsomecake.com\/en\/wp-json\/wp\/v2\/product\/21977","targetHints":{"allow":["GET"]}}],"collection":[{"href":"https:\/\/store.handsomecake.com\/en\/wp-json\/wp\/v2\/product"}],"about":[{"href":"https:\/\/store.handsomecake.com\/en\/wp-json\/wp\/v2\/types\/product"}],"replies":[{"embeddable":true,"href":"https:\/\/store.handsomecake.com\/en\/wp-json\/wp\/v2\/comments?post=21977"}],"wp:featuredmedia":[{"embeddable":true,"href":"https:\/\/store.handsomecake.com\/en\/wp-json\/wp\/v2\/media\/22000"}],"wp:attachment":[{"href":"https:\/\/store.handsomecake.com\/en\/wp-json\/wp\/v2\/media?parent=21977"}],"wp:term":[{"taxonomy":"product_brand","embeddable":true,"href":"https:\/\/store.handsomecake.com\/en\/wp-json\/wp\/v2\/product_brand?post=21977"},{"taxonomy":"product_cat","embeddable":true,"href":"https:\/\/store.handsomecake.com\/en\/wp-json\/wp\/v2\/product_cat?post=21977"},{"taxonomy":"product_tag","embeddable":true,"href":"https:\/\/store.handsomecake.com\/en\/wp-json\/wp\/v2\/product_tag?post=21977"}],"curies":[{"name":"wp","href":"https:\/\/api.w.org\/{rel}","templated":true}]}}