{"id":21967,"date":"2023-05-10T20:15:57","date_gmt":"2023-05-10T20:15:57","guid":{"rendered":"https:\/\/store.handsomecake.com\/product\/my-hero-academia-enji-todoroki-16-resin-statue-von-73-collectibles\/"},"modified":"2024-11-24T18:21:08","modified_gmt":"2024-11-24T18:21:08","slug":"my-hero-academia-enji-todoroki-16-resin-statue-von-73-collectibles","status":"publish","type":"product","link":"https:\/\/store.handsomecake.com\/en\/product\/my-hero-academia-enji-todoroki-16-resin-statue-von-73-collectibles\/","title":{"rendered":"My Hero Academia &#8211; Enji Todoroki | 1:6 Resin Statue | von 73 Collectibles"},"content":{"rendered":"<p><strong>My Hero Academia &#8211; Enji Todoroki | 1:6 Resin Statue | von 73 Collectibles<\/strong><\/p>\n<p>EU Taxfree! I do ship EU-wide, please contact me, should questions arise.<\/p>\n<p><span style=\"color: #ffffff;\"><em><span style=\"background-color: #2c3e50;\">&#8222;I gave Shoto everything. By age 20, I&#8217;d already climbed to the #2 position. It was because I made that climb that I understood&#8230; unless I reached the summit, it was all for nothing. If all I cared about was titles, I could&#8217;ve worn a smile like you&#8230; and played the part of the lovable fool. But I wanted to be the strongest!&#8220;<\/span><\/em><\/span><\/p>\n<p>Tolle Statue von Flame Hero: Endeavor<br \/>\nWunderbar verarbeitete und sehr detaillierte Statue von Enji Todoroki aus Polystone &#8211; k\u00fcnstlichem Stein-Harz-Gemisch.<\/p>\n<p><strong>Besonderheiten:<\/strong><\/p>\n<ul>\n<li>mit LED<\/li>\n<li>weltweit nur 173 St\u00fcck<\/li>\n<\/ul>\n<p><strong>Release-Status:<\/strong><\/p>\n<ul>\n<li>Preorder. Statue wird voraussichtlich Ende Q1 2024 erscheinen und wir erwarten sie voraussichtlich Ende Mai 2024 im Warenlager.<\/li>\n<\/ul>\n<p>Wie immer bei meinen Artikeln &#8211; s\u00e4mtliche Geb\u00fchren sind, im Gegensatz zu anderen Angeboten, bereits inkludiert. Versand erfolgt ausschlie\u00dflich aus Deutschland, es fallen keine Zoll- und Importgeb\u00fchren an. Ihr kauft keine Katze im Sack \ud83d\ude42<\/p>\n<p><strong>Ma\u00dfe der Statue:<\/strong><\/p>\n<ul>\n<li>Gr\u00f6\u00dfe: ca. H56cm x W54cm x D42.5cm<\/li>\n<li>Gewicht: TBA, ca. 14kg (gesch\u00e4tzt)<\/li>\n<\/ul>\n<p>You are not prepared! \ud83d\ude42<\/p>","protected":false},"excerpt":{"rendered":"<p>My Hero Academia &#8211; Enji Todoroki | 1:6 Resin Statue | von 73 Collectibles EU Taxfree! I do ship EU-wide, please contact me, should questions arise. &#8222;I gave Shoto everything. By age 20, I&#8217;d already climbed to the #2 position. It was because I made that climb that I understood&#8230; unless I reached the summit, [&hellip;]<\/p>\n","protected":false},"featured_media":21972,"comment_status":"closed","ping_status":"closed","template":"","meta":[],"product_brand":[],"product_cat":[24,568,84],"product_tag":[612,659,666,658,147,251,383,2604,2603,553,795,2055,2056,2057,2058,2059,2060,154,136,554,379,381,552,547],"class_list":{"0":"post-21967","1":"product","2":"type-product","3":"status-publish","4":"has-post-thumbnail","6":"product_cat-action-figuren","7":"product_cat-preorder","8":"product_cat-statuen-anime-comic-universum","9":"product_tag-anime","10":"product_tag-anime-figuren","11":"product_tag-anime-figuren-shop","12":"product_tag-anime-toys","13":"product_tag-collectibles","14":"product_tag-collectibles-kaufen","15":"product_tag-collector","16":"product_tag-endeavor","17":"product_tag-enji-todoroki","18":"product_tag-figure-collector","19":"product_tag-handsomecake","20":"product_tag-my-hero-academia","21":"product_tag-my-hero-academia-collectibles","22":"product_tag-my-hero-academia-resin","23":"product_tag-my-hero-academia-statue","24":"product_tag-my-hero-academia-statues","25":"product_tag-my-hero-academia-toys","26":"product_tag-resin-collectibles","27":"product_tag-resin-statuen","28":"product_tag-resin-statues","29":"product_tag-statue-collectible","30":"product_tag-statue-collectibles","31":"product_tag-statue-collector","32":"product_tag-statues-collector","33":"pa_brand-73-collectibles","34":"pa_scale-1_to_6","36":"first","37":"instock","38":"taxable","39":"shipping-taxable","40":"product-type-variable"},"_links":{"self":[{"href":"https:\/\/store.handsomecake.com\/en\/wp-json\/wp\/v2\/product\/21967","targetHints":{"allow":["GET"]}}],"collection":[{"href":"https:\/\/store.handsomecake.com\/en\/wp-json\/wp\/v2\/product"}],"about":[{"href":"https:\/\/store.handsomecake.com\/en\/wp-json\/wp\/v2\/types\/product"}],"replies":[{"embeddable":true,"href":"https:\/\/store.handsomecake.com\/en\/wp-json\/wp\/v2\/comments?post=21967"}],"wp:featuredmedia":[{"embeddable":true,"href":"https:\/\/store.handsomecake.com\/en\/wp-json\/wp\/v2\/media\/21972"}],"wp:attachment":[{"href":"https:\/\/store.handsomecake.com\/en\/wp-json\/wp\/v2\/media?parent=21967"}],"wp:term":[{"taxonomy":"product_brand","embeddable":true,"href":"https:\/\/store.handsomecake.com\/en\/wp-json\/wp\/v2\/product_brand?post=21967"},{"taxonomy":"product_cat","embeddable":true,"href":"https:\/\/store.handsomecake.com\/en\/wp-json\/wp\/v2\/product_cat?post=21967"},{"taxonomy":"product_tag","embeddable":true,"href":"https:\/\/store.handsomecake.com\/en\/wp-json\/wp\/v2\/product_tag?post=21967"}],"curies":[{"name":"wp","href":"https:\/\/api.w.org\/{rel}","templated":true}]}}