{"id":2196,"date":"2021-01-28T23:03:01","date_gmt":"2021-01-28T23:03:01","guid":{"rendered":"https:\/\/store.handsomecake.com\/product\/overwatch-dva-mercy-cosplay-16-resin-statue-von-faceted-pebble-studio\/"},"modified":"2024-06-12T14:41:03","modified_gmt":"2024-06-12T14:41:03","slug":"overwatch-dva-mercy-cosplay-16-resin-statue-von-faceted-pebble-studio","status":"publish","type":"product","link":"https:\/\/store.handsomecake.com\/en\/product\/overwatch-dva-mercy-cosplay-16-resin-statue-von-faceted-pebble-studio\/","title":{"rendered":"Overwatch &#8211; DVa (Mercy Cosplay) | 1:6 Resin Statue | von Faceted Pebble Studio"},"content":{"rendered":"<p>Overwatch &#8211; DVa (Mercy Cosplay) &#8218; 1:6 Resin Statue &#8218; von Faceted Pebble Studio<br \/>\nEU Taxfree! I do ship EU-wide, please contact me, should questions arise.<\/p>\n<p>Tolle Statue unserer geliebten Heilerin, welche D.Va cosplayt<br \/>\nWunderbar verarbeitete und sehr detaillierte Statue von Mercy als DVa verkleidet aus Polystone &#8211; k\u00fcnstlichem Stein-Harz-Gemisch.<\/p>\n<p>Besonderheiten:<\/p>\n<ul>\n<li>bei diesem Artikel handelt es sich ausschlie\u00dflich um die Exklusive (EX) Version<\/li>\n<li>Oberk\u00f6rper kann gegen eine Nacktvariante ausgetauscht werden<\/li>\n<li>2 austauschbare K\u00f6pfe (DVa und Mercy)<\/li>\n<li>weltweit auf 350 St\u00fcck begrenzt<\/li>\n<\/ul>\n<p>Release-Status:<\/p>\n<ul>\n<li>In Stock<\/li>\n<\/ul>\n<p>Wie immer bei meinen Aktionen &#8211; s\u00e4mtliche Geb\u00fchren sind, im Gegensatz zu anderen Angeboten, bereits inkludiert. Versand erfolgt ausschlie\u00dflich aus Deutschland, es fallen keine Zoll- und Importgeb\u00fchren an. Ihr kauft keine Katze im Sack \ud83d\ude42<\/p>\n<p>Ma\u00dfe der Statue:<br \/>\nGr\u00f6\u00dfe: H55cm x W48cm x D25cm<br \/>\nGewicht: TBA, gesch\u00e4tzt: ca. 16 kg<\/p>\n<p>You are not prepared! \ud83d\ude42<\/p>","protected":false},"excerpt":{"rendered":"<p>Overwatch &#8211; DVa (Mercy Cosplay) &#8218; 1:6 Resin Statue &#8218; von Faceted Pebble Studio EU Taxfree! I do ship EU-wide, please contact me, should questions arise. Tolle Statue unserer geliebten Heilerin, welche D.Va cosplayt Wunderbar verarbeitete und sehr detaillierte Statue von Mercy als DVa verkleidet aus Polystone &#8211; k\u00fcnstlichem Stein-Harz-Gemisch. Besonderheiten: bei diesem Artikel handelt [&hellip;]<\/p>\n","protected":false},"featured_media":2197,"comment_status":"closed","ping_status":"closed","template":"","meta":[],"product_brand":[],"product_cat":[826,524,81,567],"product_tag":[147,383,542,549,548,541,544,543,546,545,154,255,136,137,379,381,380,382,547],"class_list":{"0":"post-2196","1":"product","2":"type-product","3":"status-publish","4":"has-post-thumbnail","6":"product_cat-lagernd-vor-ort","7":"product_cat-overwatch","8":"product_cat-statuen-computerspieluniversum","9":"product_cat-in_stock_warehouse_china","10":"product_tag-collectibles","11":"product_tag-collector","12":"product_tag-dva","13":"product_tag-dva-figure","14":"product_tag-dva-statue","15":"product_tag-overwatch","16":"product_tag-overwatch-collectibles","17":"product_tag-overwatch-dva","18":"product_tag-overwatch-figures","19":"product_tag-overwatch-resin","20":"product_tag-resin-collectibles","21":"product_tag-resin-collectibles-kaufen","22":"product_tag-resin-statuen","23":"product_tag-resin-statuen-kaufen","24":"product_tag-statue-collectible","25":"product_tag-statue-collectibles","26":"product_tag-statues-collectible","27":"product_tag-statues-collectibles","28":"product_tag-statues-collector","29":"pa_brand-faceted-pebble","30":"pa_scale-1_to_4","32":"first","33":"instock","34":"taxable","35":"shipping-taxable","36":"product-type-simple"},"_links":{"self":[{"href":"https:\/\/store.handsomecake.com\/en\/wp-json\/wp\/v2\/product\/2196","targetHints":{"allow":["GET"]}}],"collection":[{"href":"https:\/\/store.handsomecake.com\/en\/wp-json\/wp\/v2\/product"}],"about":[{"href":"https:\/\/store.handsomecake.com\/en\/wp-json\/wp\/v2\/types\/product"}],"replies":[{"embeddable":true,"href":"https:\/\/store.handsomecake.com\/en\/wp-json\/wp\/v2\/comments?post=2196"}],"wp:featuredmedia":[{"embeddable":true,"href":"https:\/\/store.handsomecake.com\/en\/wp-json\/wp\/v2\/media\/2197"}],"wp:attachment":[{"href":"https:\/\/store.handsomecake.com\/en\/wp-json\/wp\/v2\/media?parent=2196"}],"wp:term":[{"taxonomy":"product_brand","embeddable":true,"href":"https:\/\/store.handsomecake.com\/en\/wp-json\/wp\/v2\/product_brand?post=2196"},{"taxonomy":"product_cat","embeddable":true,"href":"https:\/\/store.handsomecake.com\/en\/wp-json\/wp\/v2\/product_cat?post=2196"},{"taxonomy":"product_tag","embeddable":true,"href":"https:\/\/store.handsomecake.com\/en\/wp-json\/wp\/v2\/product_tag?post=2196"}],"curies":[{"name":"wp","href":"https:\/\/api.w.org\/{rel}","templated":true}]}}