{"id":21944,"date":"2023-05-10T13:23:35","date_gmt":"2023-05-10T13:23:35","guid":{"rendered":"https:\/\/store.handsomecake.com\/product\/naruto-jiraiya-sensei-16-resin-statue-von-kp-studio\/"},"modified":"2024-06-12T15:50:31","modified_gmt":"2024-06-12T15:50:31","slug":"naruto-jiraiya-sensei-16-resin-statue-von-kp-studio","status":"publish","type":"product","link":"https:\/\/store.handsomecake.com\/en\/product\/naruto-jiraiya-sensei-16-resin-statue-von-kp-studio\/","title":{"rendered":"Naruto &#8211; Jiraiya Sensei | 1:6 Resin Statue | von KP Studio"},"content":{"rendered":"<p><strong>Naruto &#8211; Jiraiya Sensei | 1:6 Resin Statue | von KP Studio<\/strong><\/p>\n<p>EU Taxfree! I do ship EU-wide, please contact me, should questions arise.<\/p>\n<p><span style=\"color: #ffffff;\"><em><span style=\"background-color: #2c3e50;\">&#8222;A Ninja&#8217;s Life Is Not Measured By How He Lived, But Rather What They Managed To Accomplish Before Their Death.&#8220;<\/span><\/em><\/span><\/p>\n<p>Tolle Statue unseres geliebten Sensei<br \/>\nWunderbar verarbeitete und sehr detaillierte Statue von Jiraiya aus Polystone &#8211; k\u00fcnstlichem Stein-Harz-Gemisch.<\/p>\n<p><strong>Besonderheiten:<\/strong><\/p>\n<ul>\n<li>weltweit 268 St\u00fcck<\/li>\n<\/ul>\n<p><strong>Release-Status:<\/strong><\/p>\n<ul>\n<li>Preorder. Statue wird voraussichtlich Q3 2023 erscheinen und wir erwarten sie voraussichtlich Ende Oktober 2023 im Warenlager.<\/li>\n<\/ul>\n<p>Wie immer bei meinen Artikeln &#8211; s\u00e4mtliche Geb\u00fchren sind, im Gegensatz zu anderen Angeboten, bereits inkludiert. Versand erfolgt ausschlie\u00dflich aus Deutschland, es fallen keine Zoll- und Importgeb\u00fchren an. Ihr kauft keine Katze im Sack \ud83d\ude42<\/p>\n<p><strong>Ma\u00dfe der Statue:<\/strong><\/p>\n<ul>\n<li>Gr\u00f6\u00dfe: ca. H48cm x W30.5cm x D30.5cm<\/li>\n<li>Gewicht: TBA ca. 12kg (gesch\u00e4tzt)<\/li>\n<\/ul>\n<p>You are not prepared! \ud83d\ude42<\/p>","protected":false},"excerpt":{"rendered":"<p>Naruto &#8211; Jiraiya Sensei | 1:6 Resin Statue | von KP Studio EU Taxfree! I do ship EU-wide, please contact me, should questions arise. &#8222;A Ninja&#8217;s Life Is Not Measured By How He Lived, But Rather What They Managed To Accomplish Before Their Death.&#8220; Tolle Statue unseres geliebten Sensei Wunderbar verarbeitete und sehr detaillierte Statue [&hellip;]<\/p>\n","protected":false},"featured_media":21950,"comment_status":"closed","ping_status":"closed","template":"","meta":[],"product_brand":[],"product_cat":[24,88,84],"product_tag":[656,659,660,657,640,658,147,251,2599,2600,2601,168,296,1626,169,170,154,136,137],"class_list":{"0":"post-21944","1":"product","2":"type-product","3":"status-publish","4":"has-post-thumbnail","6":"product_cat-action-figuren","7":"product_cat-naruto","8":"product_cat-statuen-anime-comic-universum","9":"product_tag-anime-collectibles","10":"product_tag-anime-figuren","11":"product_tag-anime-figuren-naruto","12":"product_tag-anime-figures","13":"product_tag-anime-statuen","14":"product_tag-anime-toys","15":"product_tag-collectibles","16":"product_tag-collectibles-kaufen","17":"product_tag-jiraiya","18":"product_tag-jiraiya-sensei","19":"product_tag-jiraiya-statue","20":"product_tag-naruto-collectibles","21":"product_tag-naruto-collectibles-kaufen","22":"product_tag-naruto-shippuden","23":"product_tag-naruto-statuen","24":"product_tag-naruto-statuen-kaufen","25":"product_tag-resin-collectibles","26":"product_tag-resin-statuen","27":"product_tag-resin-statuen-kaufen","28":"pa_brand-kp-studio","29":"pa_scale-1_to_6","31":"first","32":"outofstock","33":"taxable","34":"shipping-taxable","35":"product-type-simple"},"_links":{"self":[{"href":"https:\/\/store.handsomecake.com\/en\/wp-json\/wp\/v2\/product\/21944","targetHints":{"allow":["GET"]}}],"collection":[{"href":"https:\/\/store.handsomecake.com\/en\/wp-json\/wp\/v2\/product"}],"about":[{"href":"https:\/\/store.handsomecake.com\/en\/wp-json\/wp\/v2\/types\/product"}],"replies":[{"embeddable":true,"href":"https:\/\/store.handsomecake.com\/en\/wp-json\/wp\/v2\/comments?post=21944"}],"wp:featuredmedia":[{"embeddable":true,"href":"https:\/\/store.handsomecake.com\/en\/wp-json\/wp\/v2\/media\/21950"}],"wp:attachment":[{"href":"https:\/\/store.handsomecake.com\/en\/wp-json\/wp\/v2\/media?parent=21944"}],"wp:term":[{"taxonomy":"product_brand","embeddable":true,"href":"https:\/\/store.handsomecake.com\/en\/wp-json\/wp\/v2\/product_brand?post=21944"},{"taxonomy":"product_cat","embeddable":true,"href":"https:\/\/store.handsomecake.com\/en\/wp-json\/wp\/v2\/product_cat?post=21944"},{"taxonomy":"product_tag","embeddable":true,"href":"https:\/\/store.handsomecake.com\/en\/wp-json\/wp\/v2\/product_tag?post=21944"}],"curies":[{"name":"wp","href":"https:\/\/api.w.org\/{rel}","templated":true}]}}