{"id":21903,"date":"2023-05-08T23:58:43","date_gmt":"2023-05-08T23:58:43","guid":{"rendered":"https:\/\/store.handsomecake.com\/product\/haikyu-hinata-shoyo-16-resin-statue-von-hikari-studio\/"},"modified":"2024-06-12T15:50:17","modified_gmt":"2024-06-12T15:50:17","slug":"haikyu-hinata-shoyo-16-resin-statue-von-hikari-studio","status":"publish","type":"product","link":"https:\/\/store.handsomecake.com\/en\/product\/haikyu-hinata-shoyo-16-resin-statue-von-hikari-studio\/","title":{"rendered":"Haiky\u016b!! &#8211; Hinata Sh\u014dy\u014d | 1:6 Resin Statue | von Hikari Studio"},"content":{"rendered":"<p><strong>Haiky\u016b!! &#8211; Hinata Sh\u014dy\u014d | 1:6 Resin Statue | von Hikari Studio<\/strong><\/p>\n<p>EU Taxfree! I do ship EU-wide, please contact me, should questions arise.<\/p>\n<p>Tolle Statue von einem der Mittelblocker des Karasuno-Volleyball-Klubs<\/p>\n<p><span style=\"color: #ffffff;\"><em><span style=\"background-color: #2c3e50;\">&#8222;It&#8217;s true that I&#8217;m not very tall; however, I can jump\/fly!&#8220;<\/span><\/em><\/span><\/p>\n<p>Wunderbar verarbeitete und sehr detaillierte Hinata Sh\u014dy\u014d Statue aus Polystone &#8211; k\u00fcnstlichem Stein-Harz-Gemisch.<\/p>\n<p><strong>Besonderheiten<\/strong>:<\/p>\n<ul>\n<li>weltweit 288 St\u00fcck<\/li>\n<\/ul>\n<p><strong>Release-Status:<\/strong><\/p>\n<ul>\n<li>Preorder. Statue wird voraussichtlich Ende Q4 2023 erscheinen und wir erwarten sie voraussichtlich Ende Februar 2024 im Warenlager.<\/li>\n<\/ul>\n<p>Wie immer bei meinen Artikeln &#8211; s\u00e4mtliche Geb\u00fchren sind, im Gegensatz zu anderen Angeboten, bereits inkludiert. Versand erfolgt ausschlie\u00dflich aus Deutschland, es fallen keine Zoll- und Importgeb\u00fchren an. Ihr kauft keine Katze im Sack \ud83d\ude42<\/p>\n<p><strong>Ma\u00dfe der Statue:<\/strong><\/p>\n<ul>\n<li>Gr\u00f6\u00dfe: ca. H43cm x W22cm x L18cm<\/li>\n<li>Gewicht: TBA, ca. 8kg (gesch\u00e4tzt)<\/li>\n<\/ul>\n<p>You are not prepared! \ud83d\ude42<\/p>","protected":false},"excerpt":{"rendered":"<p>Haiky\u016b!! &#8211; Hinata Sh\u014dy\u014d | 1:6 Resin Statue | von Hikari Studio EU Taxfree! I do ship EU-wide, please contact me, should questions arise. Tolle Statue von einem der Mittelblocker des Karasuno-Volleyball-Klubs &#8222;It&#8217;s true that I&#8217;m not very tall; however, I can jump\/fly!&#8220; Wunderbar verarbeitete und sehr detaillierte Hinata Sh\u014dy\u014d Statue aus Polystone &#8211; k\u00fcnstlichem [&hellip;]<\/p>\n","protected":false},"featured_media":21912,"comment_status":"closed","ping_status":"closed","template":"","meta":[],"product_brand":[],"product_cat":[24,568,84],"product_tag":[612,659,666,658,995,147,251,383,553,2589,2590,2591,2592,795,1819,2593,154,136,554,379,381,552,547],"class_list":{"0":"post-21903","1":"product","2":"type-product","3":"status-publish","4":"has-post-thumbnail","6":"product_cat-action-figuren","7":"product_cat-preorder","8":"product_cat-statuen-anime-comic-universum","9":"product_tag-anime","10":"product_tag-anime-figuren","11":"product_tag-anime-figuren-shop","12":"product_tag-anime-toys","13":"product_tag-bleach","14":"product_tag-collectibles","15":"product_tag-collectibles-kaufen","16":"product_tag-collector","17":"product_tag-figure-collector","18":"product_tag-haikyu","19":"product_tag-haikyu-resin","20":"product_tag-haikyu-statues","21":"product_tag-haikyu-toys","22":"product_tag-handsomecake","23":"product_tag-hinata","24":"product_tag-hinata-shoyo-resin","25":"product_tag-resin-collectibles","26":"product_tag-resin-statuen","27":"product_tag-resin-statues","28":"product_tag-statue-collectible","29":"product_tag-statue-collectibles","30":"product_tag-statue-collector","31":"product_tag-statues-collector","32":"pa_brand-hikari-studio","33":"pa_scale-1_to_6","35":"first","36":"instock","37":"taxable","38":"shipping-taxable","39":"product-type-variable"},"_links":{"self":[{"href":"https:\/\/store.handsomecake.com\/en\/wp-json\/wp\/v2\/product\/21903","targetHints":{"allow":["GET"]}}],"collection":[{"href":"https:\/\/store.handsomecake.com\/en\/wp-json\/wp\/v2\/product"}],"about":[{"href":"https:\/\/store.handsomecake.com\/en\/wp-json\/wp\/v2\/types\/product"}],"replies":[{"embeddable":true,"href":"https:\/\/store.handsomecake.com\/en\/wp-json\/wp\/v2\/comments?post=21903"}],"wp:featuredmedia":[{"embeddable":true,"href":"https:\/\/store.handsomecake.com\/en\/wp-json\/wp\/v2\/media\/21912"}],"wp:attachment":[{"href":"https:\/\/store.handsomecake.com\/en\/wp-json\/wp\/v2\/media?parent=21903"}],"wp:term":[{"taxonomy":"product_brand","embeddable":true,"href":"https:\/\/store.handsomecake.com\/en\/wp-json\/wp\/v2\/product_brand?post=21903"},{"taxonomy":"product_cat","embeddable":true,"href":"https:\/\/store.handsomecake.com\/en\/wp-json\/wp\/v2\/product_cat?post=21903"},{"taxonomy":"product_tag","embeddable":true,"href":"https:\/\/store.handsomecake.com\/en\/wp-json\/wp\/v2\/product_tag?post=21903"}],"curies":[{"name":"wp","href":"https:\/\/api.w.org\/{rel}","templated":true}]}}