{"id":21881,"date":"2023-05-08T18:23:07","date_gmt":"2023-05-08T18:23:07","guid":{"rendered":"https:\/\/store.handsomecake.com\/product\/bleach-unohana-retsu-16-resin-statue-von-niren-studio-x-immortal-war-studio\/"},"modified":"2024-06-12T15:50:12","modified_gmt":"2024-06-12T15:50:12","slug":"bleach-unohana-retsu-16-resin-statue-von-niren-studio-x-immortal-war-studio","status":"publish","type":"product","link":"https:\/\/store.handsomecake.com\/en\/product\/bleach-unohana-retsu-16-resin-statue-von-niren-studio-x-immortal-war-studio\/","title":{"rendered":"Bleach &#8211; Unohana Retsu | 1:6 Resin Statue | von Niren Studio x Immortal War Studio"},"content":{"rendered":"<p><strong>Bleach &#8211; Unohana Retsu | 1:6 Resin Statue | von Niren Studio x Immortal War Studio<\/strong><\/p>\n<p>EU Taxfree! I do ship EU-wide, please contact me, should questions arise.<\/p>\n<p>Tolle Statue von der ehemaligen Kommandantin der 4. Kompanie<\/p>\n<p><span style=\"color: #ffffff;\"><em><span style=\"background-color: #2c3e50;\">&#8222;There is only one Kenpachi every era. That is a rule, and also an unavoidable destiny. Because when a strong person finds another strong one, they stop using the sword just for themselves. Suddenly, their sword is used to either kill or raise the other strong person.&#8220;<\/span><\/em><\/span><\/p>\n<p>Wunderbar verarbeitete und sehr detaillierte Unohana Statue aus Polystone &#8211; k\u00fcnstlichem Stein-Harz-Gemisch.<\/p>\n<p><strong>Besonderheiten:<\/strong><\/p>\n<ul>\n<li>weltweit 288 St\u00fcck<\/li>\n<\/ul>\n<p><strong>Release-Status:<\/strong><\/p>\n<ul>\n<li>Preorder. Statue wird voraussichtlich Ende Q2 2024 erscheinen und wir erwarten sie voraussichtlich Ende August 2024 im Warenlager.<\/li>\n<\/ul>\n<p>Wie immer bei meinen Artikeln &#8211; s\u00e4mtliche Geb\u00fchren sind, im Gegensatz zu anderen Angeboten, bereits inkludiert. Versand erfolgt ausschlie\u00dflich aus Deutschland, es fallen keine Zoll- und Importgeb\u00fchren an. Ihr kauft keine Katze im Sack \ud83d\ude42<\/p>\n<p><strong>Ma\u00dfe der Statue:<\/strong><\/p>\n<ul>\n<li>Gr\u00f6\u00dfe: ca. H34cm x W29cm x D20cm<\/li>\n<li>Gewicht: TBA, ca. 8kg (gesch\u00e4tzt)<\/li>\n<\/ul>\n<p>You are not prepared! \ud83d\ude42<\/p>","protected":false},"excerpt":{"rendered":"<p>Bleach &#8211; Unohana Retsu | 1:6 Resin Statue | von Niren Studio x Immortal War Studio EU Taxfree! I do ship EU-wide, please contact me, should questions arise. Tolle Statue von der ehemaligen Kommandantin der 4. Kompanie &#8222;There is only one Kenpachi every era. That is a rule, and also an unavoidable destiny. Because when [&hellip;]<\/p>\n","protected":false},"featured_media":21882,"comment_status":"closed","ping_status":"closed","template":"","meta":[],"product_brand":[],"product_cat":[24,568,84],"product_tag":[612,659,666,658,991,992,995,993,994,996,1739,1738,1740,1741,1742,147,251,383,553,795,154,136,554,379,381,552,547],"class_list":{"0":"post-21881","1":"product","2":"type-product","3":"status-publish","4":"has-post-thumbnail","6":"product_cat-action-figuren","7":"product_cat-preorder","8":"product_cat-statuen-anime-comic-universum","9":"product_tag-anime","10":"product_tag-anime-figuren","11":"product_tag-anime-figuren-shop","12":"product_tag-anime-toys","13":"product_tag-bleach-statue","14":"product_tag-bleach-collectibles","15":"product_tag-bleach","16":"product_tag-bleach-resin","17":"product_tag-bleach-statues","18":"product_tag-bleach-toys","19":"product_tag-byakuya-collectibles","20":"product_tag-byakuya-kuchiki","21":"product_tag-byakuya-kuchiki-resin","22":"product_tag-byakuya-statues","23":"product_tag-byakuya-toys","24":"product_tag-collectibles","25":"product_tag-collectibles-kaufen","26":"product_tag-collector","27":"product_tag-figure-collector","28":"product_tag-handsomecake","29":"product_tag-resin-collectibles","30":"product_tag-resin-statuen","31":"product_tag-resin-statues","32":"product_tag-statue-collectible","33":"product_tag-statue-collectibles","34":"product_tag-statue-collector","35":"product_tag-statues-collector","36":"pa_brand-immortal-war-studio","37":"pa_brand-niren-studio","38":"pa_scale-1_to_6","40":"first","41":"instock","42":"taxable","43":"shipping-taxable","44":"product-type-variable"},"_links":{"self":[{"href":"https:\/\/store.handsomecake.com\/en\/wp-json\/wp\/v2\/product\/21881","targetHints":{"allow":["GET"]}}],"collection":[{"href":"https:\/\/store.handsomecake.com\/en\/wp-json\/wp\/v2\/product"}],"about":[{"href":"https:\/\/store.handsomecake.com\/en\/wp-json\/wp\/v2\/types\/product"}],"replies":[{"embeddable":true,"href":"https:\/\/store.handsomecake.com\/en\/wp-json\/wp\/v2\/comments?post=21881"}],"wp:featuredmedia":[{"embeddable":true,"href":"https:\/\/store.handsomecake.com\/en\/wp-json\/wp\/v2\/media\/21882"}],"wp:attachment":[{"href":"https:\/\/store.handsomecake.com\/en\/wp-json\/wp\/v2\/media?parent=21881"}],"wp:term":[{"taxonomy":"product_brand","embeddable":true,"href":"https:\/\/store.handsomecake.com\/en\/wp-json\/wp\/v2\/product_brand?post=21881"},{"taxonomy":"product_cat","embeddable":true,"href":"https:\/\/store.handsomecake.com\/en\/wp-json\/wp\/v2\/product_cat?post=21881"},{"taxonomy":"product_tag","embeddable":true,"href":"https:\/\/store.handsomecake.com\/en\/wp-json\/wp\/v2\/product_tag?post=21881"}],"curies":[{"name":"wp","href":"https:\/\/api.w.org\/{rel}","templated":true}]}}