{"id":21740,"date":"2023-04-28T17:42:21","date_gmt":"2023-04-28T17:42:21","guid":{"rendered":"https:\/\/store.handsomecake.com\/product\/black-clover-noelle-silva-14-resin-statue-von-vlad-collectibles\/"},"modified":"2024-06-12T15:50:08","modified_gmt":"2024-06-12T15:50:08","slug":"black-clover-noelle-silva-14-resin-statue-von-vlad-collectibles","status":"publish","type":"product","link":"https:\/\/store.handsomecake.com\/en\/product\/black-clover-noelle-silva-14-resin-statue-von-vlad-collectibles\/","title":{"rendered":"Black Clover &#8211; Noelle Silva | 1:4 Resin Statue | von Vlad Collectibles"},"content":{"rendered":"<p><strong>Black Clover &#8211; Noelle Silva | 1:4 Resin Statue | von Vlad Collectibles<\/strong><\/p>\n<p>I do ship EU-wide, please contact me, should questions arise.<\/p>\n<p><span style=\"color: #ffffff;\"><em><span style=\"background-color: #2c3e50;\">&#8222;Im not weak anymore.&#8220;<\/span><\/em><\/span><\/p>\n<p>Tolle Statue von der zweiten Tochter des Hauses Silva<br \/>\nWunderbar verarbeitete und sehr detaillierte Statue des Mitgliedes des Schwarzen Stiers aus Polystone &#8211; k\u00fcnstlichem Stein-Harz-Gemisch.<\/p>\n<p><strong>Besonderheiten:<\/strong><\/p>\n<ul>\n<li>1:6 Gr\u00f6\u00dfe auch verf\u00fcgbar<\/li>\n<\/ul>\n<p><strong>Release-Status:<\/strong><\/p>\n<ul>\n<li>Preorder. Statue wird sch\u00e4tzungsweise Q1 2024 fertiggestellt und wir erwarten sie bei uns im Lager gegen Ende Mai 2024.<\/li>\n<\/ul>\n<p>Wie immer bei meinen Aktionen &#8211; s\u00e4mtliche Geb\u00fchren sind, im Gegensatz zu anderen Angeboten, bereits inkludiert. Versand erfolgt ausschlie\u00dflich aus Deutschland, es fallen keine Zoll- und Importgeb\u00fchren an. Ihr kauft keine Katze im Sack \ud83d\ude42<\/p>\n<p><strong>Ma\u00dfe der Statue:<\/strong><\/p>\n<ul>\n<li>Gr\u00f6\u00dfe 1\/6: H:36cm W:31cm D:48cm<\/li>\n<li>Gr\u00f6\u00dfe 1\/4: H:54cm W:46cm D:72cm<\/li>\n<li>Gewicht: TBA ca. 11kg\/15kg (gesch\u00e4tzt)<\/li>\n<\/ul>\n<p>You are not prepared! \ud83d\ude42<\/p>","protected":false},"excerpt":{"rendered":"<p>Black Clover &#8211; Noelle Silva | 1:4 Resin Statue | von Vlad Collectibles I do ship EU-wide, please contact me, should questions arise. &#8222;Im not weak anymore.&#8220; Tolle Statue von der zweiten Tochter des Hauses Silva Wunderbar verarbeitete und sehr detaillierte Statue des Mitgliedes des Schwarzen Stiers aus Polystone &#8211; k\u00fcnstlichem Stein-Harz-Gemisch. Besonderheiten: 1:6 Gr\u00f6\u00dfe [&hellip;]<\/p>\n","protected":false},"featured_media":21744,"comment_status":"closed","ping_status":"closed","template":"","meta":[],"product_brand":[],"product_cat":[24,568,84],"product_tag":[612,664,666,717,794,662,1987,1988,1989,479,147,251,795,2587,2586,2585,154,255,136,137,379,381,552,380,382,547,718],"class_list":{"0":"post-21740","1":"product","2":"type-product","3":"status-publish","4":"has-post-thumbnail","6":"product_cat-action-figuren","7":"product_cat-preorder","8":"product_cat-statuen-anime-comic-universum","9":"product_tag-anime","10":"product_tag-anime-figuren-one-piece","11":"product_tag-anime-figuren-shop","12":"product_tag-anime-shop","13":"product_tag-anime-statue","14":"product_tag-anime-statue-shop","15":"product_tag-black-clover-collectibles","16":"product_tag-black-clover-resin","17":"product_tag-black-clover-statue","18":"product_tag-collectible","19":"product_tag-collectibles","20":"product_tag-collectibles-kaufen","21":"product_tag-handsomecake","22":"product_tag-noelle","23":"product_tag-noelle-black-clover","24":"product_tag-noelle-silva","25":"product_tag-resin-collectibles","26":"product_tag-resin-collectibles-kaufen","27":"product_tag-resin-statuen","28":"product_tag-resin-statuen-kaufen","29":"product_tag-statue-collectible","30":"product_tag-statue-collectibles","31":"product_tag-statue-collector","32":"product_tag-statues-collectible","33":"product_tag-statues-collectibles","34":"product_tag-statues-collector","35":"product_tag-toys","36":"pa_brand-vlad-collectibles","38":"first","39":"instock","40":"taxable","41":"shipping-taxable","42":"product-type-variable"},"_links":{"self":[{"href":"https:\/\/store.handsomecake.com\/en\/wp-json\/wp\/v2\/product\/21740","targetHints":{"allow":["GET"]}}],"collection":[{"href":"https:\/\/store.handsomecake.com\/en\/wp-json\/wp\/v2\/product"}],"about":[{"href":"https:\/\/store.handsomecake.com\/en\/wp-json\/wp\/v2\/types\/product"}],"replies":[{"embeddable":true,"href":"https:\/\/store.handsomecake.com\/en\/wp-json\/wp\/v2\/comments?post=21740"}],"wp:featuredmedia":[{"embeddable":true,"href":"https:\/\/store.handsomecake.com\/en\/wp-json\/wp\/v2\/media\/21744"}],"wp:attachment":[{"href":"https:\/\/store.handsomecake.com\/en\/wp-json\/wp\/v2\/media?parent=21740"}],"wp:term":[{"taxonomy":"product_brand","embeddable":true,"href":"https:\/\/store.handsomecake.com\/en\/wp-json\/wp\/v2\/product_brand?post=21740"},{"taxonomy":"product_cat","embeddable":true,"href":"https:\/\/store.handsomecake.com\/en\/wp-json\/wp\/v2\/product_cat?post=21740"},{"taxonomy":"product_tag","embeddable":true,"href":"https:\/\/store.handsomecake.com\/en\/wp-json\/wp\/v2\/product_tag?post=21740"}],"curies":[{"name":"wp","href":"https:\/\/api.w.org\/{rel}","templated":true}]}}