{"id":21723,"date":"2023-04-28T17:33:56","date_gmt":"2023-04-28T17:33:56","guid":{"rendered":"https:\/\/store.handsomecake.com\/product\/bleach-byakuya-kuchiki-16-resin-statue-von-yuanmeng-studio\/"},"modified":"2023-04-28T17:38:17","modified_gmt":"2023-04-28T17:38:17","slug":"bleach-byakuya-kuchiki-16-resin-statue-von-yuanmeng-studio","status":"publish","type":"product","link":"https:\/\/store.handsomecake.com\/en\/product\/bleach-byakuya-kuchiki-16-resin-statue-von-yuanmeng-studio\/","title":{"rendered":"Bleach &#8211; Byakuya Kuchiki | 1:6 Resin Statue | von YuanMeng Studio"},"content":{"rendered":"<p><strong>Bleach &#8211; Byakuya Kuchiki | 1:6 Resin Statue | von YuanMeng Studio<\/strong><\/p>\n<p>EU Taxfree! I do ship EU-wide, please contact me, should questions arise.<\/p>\n<p><span style=\"color: #ffffff;\"><em><span style=\"background-color: #2c3e50;\">&#8222;Remember that a sword held by someone who is about to die&#8230; will never be able to protect anything.&#8220;<\/span><\/em><\/span><\/p>\n<p>Tolle Statue des Kommandanten der 6. Kompanie in der Gotei 13<br \/>\nWunderbar verarbeitete und sehr detaillierte Statue von Byakuya Kuchiki aus Polystone &#8211; k\u00fcnstlichem Stein-Harz-Gemisch.<\/p>\n<p><strong>Besonderheiten:<\/strong><\/p>\n<ul>\n<li>weltweit 298 St\u00fcck<\/li>\n<li>Solide und Transparente( mit LED) verf\u00fcgbar<\/li>\n<\/ul>\n<p><strong>Release-Status:<\/strong><\/p>\n<ul>\n<li>Preorder. Statue wird voraussichtlich am Ende Q1 2024 erscheinen und wir erwarten sie voraussichtlich Ende Mai 2024 im Warenlager.<\/li>\n<\/ul>\n<p>Wie immer bei meinen Artikeln &#8211; s\u00e4mtliche Geb\u00fchren sind, im Gegensatz zu anderen Angeboten, bereits inkludiert. Versand erfolgt ausschlie\u00dflich aus Deutschland, es fallen keine Zoll- und Importgeb\u00fchren an. Ihr kauft keine Katze im Sack \ud83d\ude42<\/p>\n<p><strong>Ma\u00dfe der Statue:<\/strong><\/p>\n<ul>\n<li>Gr\u00f6\u00dfe: ca. 49cm x 36cm x 34cm<\/li>\n<li>Gewicht: TBA ca. 12kg (gesch\u00e4tzt)<\/li>\n<\/ul>\n<p>You are not prepared! \ud83d\ude42<\/p>","protected":false},"excerpt":{"rendered":"<p>Bleach &#8211; Byakuya Kuchiki | 1:6 Resin Statue | von YuanMeng Studio EU Taxfree! I do ship EU-wide, please contact me, should questions arise. &#8222;Remember that a sword held by someone who is about to die&#8230; will never be able to protect anything.&#8220; Tolle Statue des Kommandanten der 6. Kompanie in der Gotei 13 Wunderbar [&hellip;]<\/p>\n","protected":false},"featured_media":21726,"comment_status":"closed","ping_status":"closed","template":"","meta":[],"product_brand":[],"product_cat":[24,568,84],"product_tag":[612,659,666,658,991,992,995,993,994,996,1739,1738,1740,1741,1742,147,251,383,553,795,154,136,554,379,381,552,547],"class_list":{"0":"post-21723","1":"product","2":"type-product","3":"status-publish","4":"has-post-thumbnail","6":"product_cat-action-figuren","7":"product_cat-preorder","8":"product_cat-statuen-anime-comic-universum","9":"product_tag-anime","10":"product_tag-anime-figuren","11":"product_tag-anime-figuren-shop","12":"product_tag-anime-toys","13":"product_tag-bleach-statue","14":"product_tag-bleach-collectibles","15":"product_tag-bleach","16":"product_tag-bleach-resin","17":"product_tag-bleach-statues","18":"product_tag-bleach-toys","19":"product_tag-byakuya-collectibles","20":"product_tag-byakuya-kuchiki","21":"product_tag-byakuya-kuchiki-resin","22":"product_tag-byakuya-statues","23":"product_tag-byakuya-toys","24":"product_tag-collectibles","25":"product_tag-collectibles-kaufen","26":"product_tag-collector","27":"product_tag-figure-collector","28":"product_tag-handsomecake","29":"product_tag-resin-collectibles","30":"product_tag-resin-statuen","31":"product_tag-resin-statues","32":"product_tag-statue-collectible","33":"product_tag-statue-collectibles","34":"product_tag-statue-collector","35":"product_tag-statues-collector","36":"pa_brand-yuanmeng-studio","37":"pa_scale-1_to_6","39":"first","40":"instock","41":"taxable","42":"shipping-taxable","43":"product-type-variable"},"_links":{"self":[{"href":"https:\/\/store.handsomecake.com\/en\/wp-json\/wp\/v2\/product\/21723","targetHints":{"allow":["GET"]}}],"collection":[{"href":"https:\/\/store.handsomecake.com\/en\/wp-json\/wp\/v2\/product"}],"about":[{"href":"https:\/\/store.handsomecake.com\/en\/wp-json\/wp\/v2\/types\/product"}],"replies":[{"embeddable":true,"href":"https:\/\/store.handsomecake.com\/en\/wp-json\/wp\/v2\/comments?post=21723"}],"wp:featuredmedia":[{"embeddable":true,"href":"https:\/\/store.handsomecake.com\/en\/wp-json\/wp\/v2\/media\/21726"}],"wp:attachment":[{"href":"https:\/\/store.handsomecake.com\/en\/wp-json\/wp\/v2\/media?parent=21723"}],"wp:term":[{"taxonomy":"product_brand","embeddable":true,"href":"https:\/\/store.handsomecake.com\/en\/wp-json\/wp\/v2\/product_brand?post=21723"},{"taxonomy":"product_cat","embeddable":true,"href":"https:\/\/store.handsomecake.com\/en\/wp-json\/wp\/v2\/product_cat?post=21723"},{"taxonomy":"product_tag","embeddable":true,"href":"https:\/\/store.handsomecake.com\/en\/wp-json\/wp\/v2\/product_tag?post=21723"}],"curies":[{"name":"wp","href":"https:\/\/api.w.org\/{rel}","templated":true}]}}