{"id":21683,"date":"2023-04-28T17:13:20","date_gmt":"2023-04-28T17:13:20","guid":{"rendered":"https:\/\/store.handsomecake.com\/product\/dragon-ball-z-perfect-cell-14-resin-statue-von-buu-studio\/"},"modified":"2023-04-28T17:21:29","modified_gmt":"2023-04-28T17:21:29","slug":"dragon-ball-z-perfect-cell-14-resin-statue-von-buu-studio","status":"publish","type":"product","link":"https:\/\/store.handsomecake.com\/en\/product\/dragon-ball-z-perfect-cell-14-resin-statue-von-buu-studio\/","title":{"rendered":"Dragon Ball Z &#8211; Perfect Cell | 1:4 Resin Statue | von BUU Studio"},"content":{"rendered":"<p><strong>Dragon Ball Z &#8211; Perfect Cell | 1:4 Resin Statue | von BUU Studio<\/strong><\/p>\n<p>I do ship EU-wide, please contact me, should questions arise.<\/p>\n<p>Tolle Statue vom gef\u00fcrchteten Cyborg<br \/>\nWunderbar verarbeitete und sehr detaillierte Cell Statue aus Polystone &#8211; k\u00fcnstlichem Stein-Harz-Gemisch.<\/p>\n<p><strong>Besonderheiten:<\/strong><\/p>\n<ul>\n<li>EX Version<\/li>\n<li>auch Classic Version ist verf\u00fcgbar<\/li>\n<li>beide Versionen in Gr\u00f6\u00dfen 1:6 (weltweit 128 St\u00fcck) und 1:4 (weltweit 99 St\u00fcck) verf\u00fcgbar<\/li>\n<\/ul>\n<p><strong>Release-Status:<\/strong><\/p>\n<ul>\n<li>Vorbestellung, Release erwartet Ende Q1 2024, Collectible bei uns im Lager sch\u00e4tzungsweise Ende Mai 2024<\/li>\n<\/ul>\n<p>Wie immer bei meinen Aktionen &#8211; s\u00e4mtliche Geb\u00fchren sind, im Gegensatz zu anderen Angeboten, bereits inkludiert. Versand erfolgt ausschlie\u00dflich aus Deutschland, es fallen keine Zoll- und Importgeb\u00fchren an. Ihr kauft keine Katze im Sack \ud83d\ude42<\/p>\n<p><strong>Ma\u00dfe der Statue:<\/strong><\/p>\n<ul>\n<li>Gr\u00f6\u00dfe 1\/6: ca. H:50cm W:54cm D:45cm<\/li>\n<li>Gr\u00f6\u00dfe 1\/4: ca. H:75cm W:82cm D:68cm<\/li>\n<li>Gewicht: TBA, gesch\u00e4tzt ca. 18kg<\/li>\n<\/ul>\n<p>You are not prepared! \ud83d\ude42<\/p>","protected":false},"excerpt":{"rendered":"<p>Dragon Ball Z &#8211; Perfect Cell | 1:4 Resin Statue | von BUU Studio I do ship EU-wide, please contact me, should questions arise. Tolle Statue vom gef\u00fcrchteten Cyborg Wunderbar verarbeitete und sehr detaillierte Cell Statue aus Polystone &#8211; k\u00fcnstlichem Stein-Harz-Gemisch. Besonderheiten: EX Version auch Classic Version ist verf\u00fcgbar beide Versionen in Gr\u00f6\u00dfen 1:6 (weltweit [&hellip;]<\/p>\n","protected":false},"featured_media":21688,"comment_status":"closed","ping_status":"closed","template":"","meta":[],"product_brand":[],"product_cat":[24,87,568,84],"product_tag":[612,663,664,666,717,794,662,640,658,1032,1033,1034,1035,1036,479,147,251,738,1030,1031,190,191,97,741,739,795,154,255,136,137,379,381,552],"class_list":{"0":"post-21683","1":"product","2":"type-product","3":"status-publish","4":"has-post-thumbnail","6":"product_cat-action-figuren","7":"product_cat-dragon-ball","8":"product_cat-preorder","9":"product_cat-statuen-anime-comic-universum","10":"product_tag-anime","11":"product_tag-anime-figur-shop","12":"product_tag-anime-figuren-one-piece","13":"product_tag-anime-figuren-shop","14":"product_tag-anime-shop","15":"product_tag-anime-statue","16":"product_tag-anime-statue-shop","17":"product_tag-anime-statuen","18":"product_tag-anime-toys","19":"product_tag-cell","20":"product_tag-cell-collectible","21":"product_tag-cell-figur","22":"product_tag-cell-figurine","23":"product_tag-cell-toys","24":"product_tag-collectible","25":"product_tag-collectibles","26":"product_tag-collectibles-kaufen","27":"product_tag-dragon-ball","28":"product_tag-dragon-ball-cell","29":"product_tag-dragon-ball-cell-toy","30":"product_tag-dragon-ball-collectibles","31":"product_tag-dragon-ball-resin","32":"product_tag-dragon-ball-statue","33":"product_tag-dragon-ball-statuen","34":"product_tag-dragon-ball-z","35":"product_tag-handsomecake","36":"product_tag-resin-collectibles","37":"product_tag-resin-collectibles-kaufen","38":"product_tag-resin-statuen","39":"product_tag-resin-statuen-kaufen","40":"product_tag-statue-collectible","41":"product_tag-statue-collectibles","42":"product_tag-statue-collector","43":"pa_brand-buu-studio","45":"first","46":"instock","47":"taxable","48":"shipping-taxable","49":"product-type-variable"},"_links":{"self":[{"href":"https:\/\/store.handsomecake.com\/en\/wp-json\/wp\/v2\/product\/21683","targetHints":{"allow":["GET"]}}],"collection":[{"href":"https:\/\/store.handsomecake.com\/en\/wp-json\/wp\/v2\/product"}],"about":[{"href":"https:\/\/store.handsomecake.com\/en\/wp-json\/wp\/v2\/types\/product"}],"replies":[{"embeddable":true,"href":"https:\/\/store.handsomecake.com\/en\/wp-json\/wp\/v2\/comments?post=21683"}],"wp:featuredmedia":[{"embeddable":true,"href":"https:\/\/store.handsomecake.com\/en\/wp-json\/wp\/v2\/media\/21688"}],"wp:attachment":[{"href":"https:\/\/store.handsomecake.com\/en\/wp-json\/wp\/v2\/media?parent=21683"}],"wp:term":[{"taxonomy":"product_brand","embeddable":true,"href":"https:\/\/store.handsomecake.com\/en\/wp-json\/wp\/v2\/product_brand?post=21683"},{"taxonomy":"product_cat","embeddable":true,"href":"https:\/\/store.handsomecake.com\/en\/wp-json\/wp\/v2\/product_cat?post=21683"},{"taxonomy":"product_tag","embeddable":true,"href":"https:\/\/store.handsomecake.com\/en\/wp-json\/wp\/v2\/product_tag?post=21683"}],"curies":[{"name":"wp","href":"https:\/\/api.w.org\/{rel}","templated":true}]}}