{"id":21663,"date":"2023-04-28T17:02:32","date_gmt":"2023-04-28T17:02:32","guid":{"rendered":"https:\/\/store.handsomecake.com\/product\/studio-ghibli-castle-in-the-sky-resin-statue-von-opm-studio\/"},"modified":"2025-04-08T00:16:17","modified_gmt":"2025-04-08T00:16:17","slug":"studio-ghibli-castle-in-the-sky-resin-statue-von-opm-studio","status":"publish","type":"product","link":"https:\/\/store.handsomecake.com\/en\/product\/studio-ghibli-castle-in-the-sky-resin-statue-von-opm-studio\/","title":{"rendered":"Studio Ghibli &#8211; Castle in the Sky | Resin Statue | von OPM Studio"},"content":{"rendered":"<p><strong>Studio Ghibli &#8211; Castle in the Sky | Resin Statue | von OPM Studio<\/strong><\/p>\n<p>I do ship EU-wide, please contact me, should questions arise.<\/p>\n<p>M\u00e4rchenhafte Statue aus dem Studio Ghibli Meisterwerk &#8211; Das Schloss im Himmel<br \/>\nWunderbar verarbeitete und sehr detaillierte Castle in the Sky Statue aus Polystone &#8211; k\u00fcnstlichem Stein-Harz-Gemisch.<\/p>\n<p><strong>Besonderheiten:<\/strong><\/p>\n<ul>\n<li>keine<\/li>\n<\/ul>\n<p><strong>Release-Status:<\/strong><\/p>\n<ul>\n<li>Preorder. Statue wird sch\u00e4tzungsweise Ende Q1 2024 fertiggestellt und wir erwarten sie bei uns im Lager voraussichtlich gegen Ende Mai 2024 (Ohne Gew\u00e4hr).<\/li>\n<\/ul>\n<p>Wie immer bei meinen Artikeln &#8211; s\u00e4mtliche Geb\u00fchren sind, im Gegensatz zu anderen Angeboten, bereits inkludiert. Versand erfolgt ausschlie\u00dflich aus Deutschland, es fallen keine Zoll- und Importgeb\u00fchren an. Ihr kauft keine Katze im Sack \ud83d\ude42<\/p>\n<p><strong>Ma\u00dfe der Statue:<\/strong><\/p>\n<ul>\n<li>Gr\u00f6\u00dfe: ca. H53cm x W52cm x D46cm<\/li>\n<li>Gewicht: TBA, gesch\u00e4tzt: ca. 15kg<\/li>\n<\/ul>\n<p>You are not prepared! \ud83d\ude42<\/p>","protected":false},"excerpt":{"rendered":"<p>Studio Ghibli &#8211; Castle in the Sky | Resin Statue | von OPM Studio I do ship EU-wide, please contact me, should questions arise. M\u00e4rchenhafte Statue aus dem Studio Ghibli Meisterwerk &#8211; Das Schloss im Himmel Wunderbar verarbeitete und sehr detaillierte Castle in the Sky Statue aus Polystone &#8211; k\u00fcnstlichem Stein-Harz-Gemisch. Besonderheiten: keine Release-Status: Preorder. [&hellip;]<\/p>\n","protected":false},"featured_media":21664,"comment_status":"closed","ping_status":"closed","template":"","meta":[],"product_brand":[],"product_cat":[24,568,84],"product_tag":[612,656,659,666,708,2575,147,2576,795,1313,1314,2455,665,547,1257,2062],"class_list":{"0":"post-21663","1":"product","2":"type-product","3":"status-publish","4":"has-post-thumbnail","6":"product_cat-action-figuren","7":"product_cat-preorder","8":"product_cat-statuen-anime-comic-universum","9":"product_tag-anime","10":"product_tag-anime-collectibles","11":"product_tag-anime-figuren","12":"product_tag-anime-figuren-shop","13":"product_tag-anime-statuen-shop","14":"product_tag-castle-in-the-sky","15":"product_tag-collectibles","16":"product_tag-ghibli-castle","17":"product_tag-handsomecake","18":"product_tag-hayao-miyazaki","19":"product_tag-miyazaki","20":"product_tag-resin-statue","21":"product_tag-statuen-shop","22":"product_tag-statues-collector","23":"product_tag-studio-ghibli","24":"product_tag-studio-ghibli-figure","25":"pa_brand-opm-studio","26":"pa_scale-1_to_4","28":"first","29":"instock","30":"taxable","31":"shipping-taxable","32":"product-type-variable"},"_links":{"self":[{"href":"https:\/\/store.handsomecake.com\/en\/wp-json\/wp\/v2\/product\/21663","targetHints":{"allow":["GET"]}}],"collection":[{"href":"https:\/\/store.handsomecake.com\/en\/wp-json\/wp\/v2\/product"}],"about":[{"href":"https:\/\/store.handsomecake.com\/en\/wp-json\/wp\/v2\/types\/product"}],"replies":[{"embeddable":true,"href":"https:\/\/store.handsomecake.com\/en\/wp-json\/wp\/v2\/comments?post=21663"}],"wp:featuredmedia":[{"embeddable":true,"href":"https:\/\/store.handsomecake.com\/en\/wp-json\/wp\/v2\/media\/21664"}],"wp:attachment":[{"href":"https:\/\/store.handsomecake.com\/en\/wp-json\/wp\/v2\/media?parent=21663"}],"wp:term":[{"taxonomy":"product_brand","embeddable":true,"href":"https:\/\/store.handsomecake.com\/en\/wp-json\/wp\/v2\/product_brand?post=21663"},{"taxonomy":"product_cat","embeddable":true,"href":"https:\/\/store.handsomecake.com\/en\/wp-json\/wp\/v2\/product_cat?post=21663"},{"taxonomy":"product_tag","embeddable":true,"href":"https:\/\/store.handsomecake.com\/en\/wp-json\/wp\/v2\/product_tag?post=21663"}],"curies":[{"name":"wp","href":"https:\/\/api.w.org\/{rel}","templated":true}]}}