{"id":21590,"date":"2023-04-26T23:23:19","date_gmt":"2023-04-26T23:23:19","guid":{"rendered":"https:\/\/store.handsomecake.com\/product\/nier-automata-yorha-no-2-type-a-b-14-resin-statue-von-dragon-studio\/"},"modified":"2025-08-26T11:27:38","modified_gmt":"2025-08-26T11:27:38","slug":"nier-automata-yorha-no-2-type-a-b-14-resin-statue-von-dragon-studio","status":"publish","type":"product","link":"https:\/\/store.handsomecake.com\/en\/product\/nier-automata-yorha-no-2-type-a-b-14-resin-statue-von-dragon-studio\/","title":{"rendered":"Nier Automata &#8211; YoRHa No.2 Type A &amp; B | 1:4 Resin Statue | von Dragon Studio"},"content":{"rendered":"<p><strong>Nier Automata &#8211; YoRHa No.2 Type A &amp; B | 1:4 Resin Statue | von Dragon Studio<\/strong><\/p>\n<p>EU Taxfree! I do ship EU-wide, please contact me, should questions arise.<\/p>\n<p>Tolle Statue unserer geliebten Androidk\u00e4mpferinnen<br \/>\nWunderbar verarbeitete und sehr detaillierte Statue von YoRHa No.2 Type A &amp; B aus Polystone &#8211; k\u00fcnstlichem Stein-Harz-Gemisch.<\/p>\n<p><strong>Besonderheiten:<\/strong><\/p>\n<ul>\n<li>EX Version: 2A + 2B + austauschbare Kopf + Katze<\/li>\n<li>DX Version: EX + Schirm<\/li>\n<li>weltweit auf 188 St\u00fcck begrenzt<\/li>\n<li>Type A und B auch separat erh\u00e4ltlich<\/li>\n<\/ul>\n<p><strong>Release-Status:<\/strong><\/p>\n<ul>\n<li>Preorder. Voraussichtliches Release-Datum: Q3 2024. Wir erwarten die Statue bei uns im Lager sch\u00e4tzungsweise Ende November 2024.<\/li>\n<\/ul>\n<p>Wie immer bei meinen Aktionen &#8211; s\u00e4mtliche Geb\u00fchren sind, im Gegensatz zu anderen Angeboten, bereits inkludiert. Versand erfolgt ausschlie\u00dflich aus Deutschland, es fallen keine Zoll- und Importgeb\u00fchren an. Ihr kauft keine Katze im Sack \ud83d\ude42<\/p>\n<p><strong>Ma\u00dfe der Statue:<\/strong><\/p>\n<ul>\n<li>Gr\u00f6\u00dfe 2A: H44cm x W26cm x D24cm<\/li>\n<li>Gr\u00f6\u00dfe 2B: H41cm x W25cm x D27cm<\/li>\n<li>Gewicht: TBA, gesch\u00e4tzt ca. 24 kg<\/li>\n<\/ul>\n<p>You are not prepared! \ud83d\ude42<\/p>","protected":false},"excerpt":{"rendered":"<p>Nier Automata &#8211; YoRHa No.2 Type A &amp; B | 1:4 Resin Statue | von Dragon Studio EU Taxfree! I do ship EU-wide, please contact me, should questions arise. Tolle Statue unserer geliebten Androidk\u00e4mpferinnen Wunderbar verarbeitete und sehr detaillierte Statue von YoRHa No.2 Type A &amp; B aus Polystone &#8211; k\u00fcnstlichem Stein-Harz-Gemisch. Besonderheiten: EX Version: [&hellip;]<\/p>\n","protected":false},"featured_media":21603,"comment_status":"closed","ping_status":"closed","template":"","meta":[],"product_brand":[],"product_cat":[24,641,568,84,81],"product_tag":[666,717,640,658,479,147,251,795,763,252,253,254,765,154,255,136,137,379,381,552,380,382,547,718,768,770,771,767,769,766],"class_list":{"0":"post-21590","1":"product","2":"type-product","3":"status-publish","4":"has-post-thumbnail","6":"product_cat-action-figuren","7":"product_cat-nier-automata","8":"product_cat-preorder","9":"product_cat-statuen-anime-comic-universum","10":"product_cat-statuen-computerspieluniversum","11":"product_tag-anime-figuren-shop","12":"product_tag-anime-shop","13":"product_tag-anime-statuen","14":"product_tag-anime-toys","15":"product_tag-collectible","16":"product_tag-collectibles","17":"product_tag-collectibles-kaufen","18":"product_tag-handsomecake","19":"product_tag-nier","20":"product_tag-nier-automata","21":"product_tag-nier-automata-collectibles","22":"product_tag-nier-automata-statuen","23":"product_tag-nier-automata-statuen-kaufen","24":"product_tag-resin-collectibles","25":"product_tag-resin-collectibles-kaufen","26":"product_tag-resin-statuen","27":"product_tag-resin-statuen-kaufen","28":"product_tag-statue-collectible","29":"product_tag-statue-collectibles","30":"product_tag-statue-collector","31":"product_tag-statues-collectible","32":"product_tag-statues-collectibles","33":"product_tag-statues-collector","34":"product_tag-toys","35":"product_tag-yorha-collectible","36":"product_tag-yorha-figure","37":"product_tag-yorha-figurine","38":"product_tag-yorha-statue","39":"product_tag-yorha-toy","40":"product_tag-yorha-type-b","41":"pa_brand-dragon-studio","42":"pa_scale-1_to_4","44":"first","45":"instock","46":"taxable","47":"shipping-taxable","48":"product-type-variable"},"_links":{"self":[{"href":"https:\/\/store.handsomecake.com\/en\/wp-json\/wp\/v2\/product\/21590","targetHints":{"allow":["GET"]}}],"collection":[{"href":"https:\/\/store.handsomecake.com\/en\/wp-json\/wp\/v2\/product"}],"about":[{"href":"https:\/\/store.handsomecake.com\/en\/wp-json\/wp\/v2\/types\/product"}],"replies":[{"embeddable":true,"href":"https:\/\/store.handsomecake.com\/en\/wp-json\/wp\/v2\/comments?post=21590"}],"wp:featuredmedia":[{"embeddable":true,"href":"https:\/\/store.handsomecake.com\/en\/wp-json\/wp\/v2\/media\/21603"}],"wp:attachment":[{"href":"https:\/\/store.handsomecake.com\/en\/wp-json\/wp\/v2\/media?parent=21590"}],"wp:term":[{"taxonomy":"product_brand","embeddable":true,"href":"https:\/\/store.handsomecake.com\/en\/wp-json\/wp\/v2\/product_brand?post=21590"},{"taxonomy":"product_cat","embeddable":true,"href":"https:\/\/store.handsomecake.com\/en\/wp-json\/wp\/v2\/product_cat?post=21590"},{"taxonomy":"product_tag","embeddable":true,"href":"https:\/\/store.handsomecake.com\/en\/wp-json\/wp\/v2\/product_tag?post=21590"}],"curies":[{"name":"wp","href":"https:\/\/api.w.org\/{rel}","templated":true}]}}