{"id":21585,"date":"2023-04-26T22:21:32","date_gmt":"2023-04-26T22:21:32","guid":{"rendered":"https:\/\/store.handsomecake.com\/product\/nier-automata-yorha-no-2-type-b-14-resin-statue-von-ass-studio\/"},"modified":"2024-06-12T15:48:44","modified_gmt":"2024-06-12T15:48:44","slug":"nier-automata-yorha-no-2-type-b-14-resin-statue-von-ass-studio","status":"publish","type":"product","link":"https:\/\/store.handsomecake.com\/en\/product\/nier-automata-yorha-no-2-type-b-14-resin-statue-von-ass-studio\/","title":{"rendered":"Nier Automata &#8211; YoRHa No.2 Type B | 1:4 Resin Statue | von ASS Studio"},"content":{"rendered":"<p><strong>Nier Automata &#8211; YoRHa No.2 Type B | 1:4 Resin Statue | von ASS Studio<\/strong><\/p>\n<p>EU Taxfree! I do ship EU-wide, please contact me, should questions arise.<\/p>\n<p>Tolle Statue unserer geliebten Androidk\u00e4mpferin<br \/>\nWunderbar verarbeitete und sehr detaillierte Statue von YoRHa No.2 Type B aus Polystone &#8211; k\u00fcnstlichem Stein-Harz-Gemisch.<\/p>\n<p><strong>Besonderheiten:<\/strong><\/p>\n<ul>\n<li>weltweit nur 99 St\u00fcck<\/li>\n<\/ul>\n<p><strong>Release-Status:<\/strong><\/p>\n<ul>\n<li>Preorder. Voraussichtliches Release-Datum: Q4 2023. Wir erwarten die Statue bei uns im Lager Ende Februar 2024.<\/li>\n<\/ul>\n<p>Wie immer bei meinen Aktionen &#8211; s\u00e4mtliche Geb\u00fchren sind, im Gegensatz zu anderen Angeboten, bereits inkludiert. Versand erfolgt ausschlie\u00dflich aus Deutschland, es fallen keine Zoll- und Importgeb\u00fchren an. Ihr kauft keine Katze im Sack \ud83d\ude42<\/p>\n<p><strong>Ma\u00dfe der Statue:<\/strong><\/p>\n<ul>\n<li>Gr\u00f6\u00dfe: H40cm x cm x cm<\/li>\n<li>Gewicht: TBA, gesch\u00e4tzt ca. 12 kg<\/li>\n<\/ul>\n<p>You are not prepared! \ud83d\ude42<\/p>","protected":false},"excerpt":{"rendered":"<p>Nier Automata &#8211; YoRHa No.2 Type B | 1:4 Resin Statue | von ASS Studio EU Taxfree! I do ship EU-wide, please contact me, should questions arise. Tolle Statue unserer geliebten Androidk\u00e4mpferin Wunderbar verarbeitete und sehr detaillierte Statue von YoRHa No.2 Type B aus Polystone &#8211; k\u00fcnstlichem Stein-Harz-Gemisch. Besonderheiten: weltweit nur 99 St\u00fcck Release-Status: Preorder. [&hellip;]<\/p>\n","protected":false},"featured_media":21587,"comment_status":"closed","ping_status":"closed","template":"","meta":[],"product_brand":[],"product_cat":[24,641,568,84,81],"product_tag":[666,717,640,658,479,147,251,795,763,252,253,764,254,765,154,255,136,137,379,381,552,380,382,547,718,768,770,771,767,769,766],"class_list":{"0":"post-21585","1":"product","2":"type-product","3":"status-publish","4":"has-post-thumbnail","6":"product_cat-action-figuren","7":"product_cat-nier-automata","8":"product_cat-preorder","9":"product_cat-statuen-anime-comic-universum","10":"product_cat-statuen-computerspieluniversum","11":"product_tag-anime-figuren-shop","12":"product_tag-anime-shop","13":"product_tag-anime-statuen","14":"product_tag-anime-toys","15":"product_tag-collectible","16":"product_tag-collectibles","17":"product_tag-collectibles-kaufen","18":"product_tag-handsomecake","19":"product_tag-nier","20":"product_tag-nier-automata","21":"product_tag-nier-automata-collectibles","22":"product_tag-nier-automata-collectibles-kaufen","23":"product_tag-nier-automata-statuen","24":"product_tag-nier-automata-statuen-kaufen","25":"product_tag-resin-collectibles","26":"product_tag-resin-collectibles-kaufen","27":"product_tag-resin-statuen","28":"product_tag-resin-statuen-kaufen","29":"product_tag-statue-collectible","30":"product_tag-statue-collectibles","31":"product_tag-statue-collector","32":"product_tag-statues-collectible","33":"product_tag-statues-collectibles","34":"product_tag-statues-collector","35":"product_tag-toys","36":"product_tag-yorha-collectible","37":"product_tag-yorha-figure","38":"product_tag-yorha-figurine","39":"product_tag-yorha-statue","40":"product_tag-yorha-toy","41":"product_tag-yorha-type-b","42":"pa_brand-ass-studio","43":"pa_scale-1_to_4","45":"first","46":"instock","47":"taxable","48":"shipping-taxable","49":"product-type-variable"},"_links":{"self":[{"href":"https:\/\/store.handsomecake.com\/en\/wp-json\/wp\/v2\/product\/21585","targetHints":{"allow":["GET"]}}],"collection":[{"href":"https:\/\/store.handsomecake.com\/en\/wp-json\/wp\/v2\/product"}],"about":[{"href":"https:\/\/store.handsomecake.com\/en\/wp-json\/wp\/v2\/types\/product"}],"replies":[{"embeddable":true,"href":"https:\/\/store.handsomecake.com\/en\/wp-json\/wp\/v2\/comments?post=21585"}],"wp:featuredmedia":[{"embeddable":true,"href":"https:\/\/store.handsomecake.com\/en\/wp-json\/wp\/v2\/media\/21587"}],"wp:attachment":[{"href":"https:\/\/store.handsomecake.com\/en\/wp-json\/wp\/v2\/media?parent=21585"}],"wp:term":[{"taxonomy":"product_brand","embeddable":true,"href":"https:\/\/store.handsomecake.com\/en\/wp-json\/wp\/v2\/product_brand?post=21585"},{"taxonomy":"product_cat","embeddable":true,"href":"https:\/\/store.handsomecake.com\/en\/wp-json\/wp\/v2\/product_cat?post=21585"},{"taxonomy":"product_tag","embeddable":true,"href":"https:\/\/store.handsomecake.com\/en\/wp-json\/wp\/v2\/product_tag?post=21585"}],"curies":[{"name":"wp","href":"https:\/\/api.w.org\/{rel}","templated":true}]}}