{"id":2150,"date":"2021-01-23T09:51:39","date_gmt":"2021-01-23T09:51:39","guid":{"rendered":"https:\/\/store.handsomecake.com\/product\/nier-automata-yorha-no-2-type-b-wedding-14-resin-statue-von-moonlight\/"},"modified":"2024-06-12T14:40:49","modified_gmt":"2024-06-12T14:40:49","slug":"nier-automata-yorha-no-2-type-b-wedding-14-resin-statue-von-moonlight","status":"publish","type":"product","link":"https:\/\/store.handsomecake.com\/en\/product\/nier-automata-yorha-no-2-type-b-wedding-14-resin-statue-von-moonlight\/","title":{"rendered":"Nier Automata &#8211; YoRHa No.2 Type B Wedding | 1:4 Resin Statue | von Moonlight"},"content":{"rendered":"<p>Nier Automata &#8211; YoRHa No.2 Type B Wedding &#8218; 1:4 Resin Statue &#8218; von Moonlight<br \/>\nEU Taxfree! I do ship EU-wide, please contact me, should questions arise.<\/p>\n<p>Tolle Statue unserer geliebten Androidk\u00e4mpferin<br \/>\nWunderbar verarbeitete und sehr detaillierte Statue von YoRHa No.2 Type B im Hochzeitsgewand aus Polystone &#8211; k\u00fcnstlichem Stein-Harz-Gemisch.<\/p>\n<p>Besonderheiten:<\/p>\n<ul>\n<li>abnehmbarer Hochzeitsschleier<\/li>\n<li>2 austauschbare K\u00f6pfe<\/li>\n<li>Oberk\u00f6rper kann nackt sein<\/li>\n<li>weltweit auf 388 St\u00fcck begrenzt<\/li>\n<\/ul>\n<p>Release-Status:<\/p>\n<ul>\n<li>In Stock<\/li>\n<\/ul>\n<p>Wie immer bei meinen Artikeln &#8211; s\u00e4mtliche Geb\u00fchren sind, im Gegensatz zu anderen Angeboten, bereits inkludiert. Versand erfolgt ausschlie\u00dflich aus Deutschland, es fallen keine Zoll- und Importgeb\u00fchren an. Ihr kauft keine Katze im Sack \ud83d\ude42<\/p>\n<p>Ma\u00dfe der Statue:<br \/>\nGr\u00f6\u00dfe: H50cm x 28cm x 28cm<br \/>\nGewicht: TBA, gesch\u00e4tzt ca. 13 kg<\/p>\n<p>You are not prepared! \ud83d\ude42<\/p>","protected":false},"excerpt":{"rendered":"<p>Nier Automata &#8211; YoRHa No.2 Type B Wedding &#8218; 1:4 Resin Statue &#8218; von Moonlight EU Taxfree! I do ship EU-wide, please contact me, should questions arise. Tolle Statue unserer geliebten Androidk\u00e4mpferin Wunderbar verarbeitete und sehr detaillierte Statue von YoRHa No.2 Type B im Hochzeitsgewand aus Polystone &#8211; k\u00fcnstlichem Stein-Harz-Gemisch. Besonderheiten: abnehmbarer Hochzeitsschleier 2 austauschbare [&hellip;]<\/p>\n","protected":false},"featured_media":2158,"comment_status":"closed","ping_status":"closed","template":"","meta":[],"product_brand":[],"product_cat":[641,81,567],"product_tag":[640,147,251,252,253,254,154,136,137,379,381,552,380,382,547],"class_list":{"0":"post-2150","1":"product","2":"type-product","3":"status-publish","4":"has-post-thumbnail","6":"product_cat-nier-automata","7":"product_cat-statuen-computerspieluniversum","8":"product_cat-in_stock_warehouse_china","9":"product_tag-anime-statuen","10":"product_tag-collectibles","11":"product_tag-collectibles-kaufen","12":"product_tag-nier-automata","13":"product_tag-nier-automata-collectibles","14":"product_tag-nier-automata-statuen","15":"product_tag-resin-collectibles","16":"product_tag-resin-statuen","17":"product_tag-resin-statuen-kaufen","18":"product_tag-statue-collectible","19":"product_tag-statue-collectibles","20":"product_tag-statue-collector","21":"product_tag-statues-collectible","22":"product_tag-statues-collectibles","23":"product_tag-statues-collector","24":"pa_brand-moonlight-studio","25":"pa_scale-1_to_4","27":"first","28":"outofstock","29":"taxable","30":"shipping-taxable","31":"product-type-variable"},"_links":{"self":[{"href":"https:\/\/store.handsomecake.com\/en\/wp-json\/wp\/v2\/product\/2150","targetHints":{"allow":["GET"]}}],"collection":[{"href":"https:\/\/store.handsomecake.com\/en\/wp-json\/wp\/v2\/product"}],"about":[{"href":"https:\/\/store.handsomecake.com\/en\/wp-json\/wp\/v2\/types\/product"}],"replies":[{"embeddable":true,"href":"https:\/\/store.handsomecake.com\/en\/wp-json\/wp\/v2\/comments?post=2150"}],"wp:featuredmedia":[{"embeddable":true,"href":"https:\/\/store.handsomecake.com\/en\/wp-json\/wp\/v2\/media\/2158"}],"wp:attachment":[{"href":"https:\/\/store.handsomecake.com\/en\/wp-json\/wp\/v2\/media?parent=2150"}],"wp:term":[{"taxonomy":"product_brand","embeddable":true,"href":"https:\/\/store.handsomecake.com\/en\/wp-json\/wp\/v2\/product_brand?post=2150"},{"taxonomy":"product_cat","embeddable":true,"href":"https:\/\/store.handsomecake.com\/en\/wp-json\/wp\/v2\/product_cat?post=2150"},{"taxonomy":"product_tag","embeddable":true,"href":"https:\/\/store.handsomecake.com\/en\/wp-json\/wp\/v2\/product_tag?post=2150"}],"curies":[{"name":"wp","href":"https:\/\/api.w.org\/{rel}","templated":true}]}}