{"id":21436,"date":"2023-04-19T23:57:33","date_gmt":"2023-04-19T23:57:33","guid":{"rendered":"https:\/\/store.handsomecake.com\/product\/naruto-naruto-uzumaki-11-lifesize-bust-von-toynami-studio\/"},"modified":"2024-06-12T15:47:44","modified_gmt":"2024-06-12T15:47:44","slug":"naruto-naruto-uzumaki-11-lifesize-bust-von-toynami-studio","status":"publish","type":"product","link":"https:\/\/store.handsomecake.com\/en\/product\/naruto-naruto-uzumaki-11-lifesize-bust-von-toynami-studio\/","title":{"rendered":"Naruto &#8211; Naruto Uzumaki | 1:1 Lifesize Bust | von Toynami Studio"},"content":{"rendered":"<p><strong>Naruto &#8211; Naruto Uzumaki | 1:1 Lifesize Bust | von Toynami Studio<\/strong><\/p>\n<p>I do ship EU-wide, please contact me, should questions arise.<\/p>\n<p><span style=\"color: #ffffff;\"><em><span style=\"background-color: #2c3e50;\">&#8222;When people are protecting something truly special to them, they truly can become&#8230;as strong as they can be.&#8220;<\/span><\/em><\/span><\/p>\n<p>Tolle B\u00fcste von Jinchuriki der neunschw\u00e4nzigen Fuchsd\u00e4mon<br \/>\nWunderbar verarbeitete und sehr detaillierte Naruto Uzumaki B\u00fcste aus Polystone &#8211; k\u00fcnstlichem Stein-Harz-Gemisch.<\/p>\n<p><strong>Besonderheiten<\/strong>:<\/p>\n<ul>\n<li>weltweit 300 St\u00fcck<\/li>\n<\/ul>\n<p><strong>Release-Status:<\/strong><\/p>\n<ul>\n<li>Preorder. Statue wird sch\u00e4tzungsweise Q2 2024 fertiggestellt und wir erwarten sie bei uns im Lager gegen Ende August 2024.<\/li>\n<\/ul>\n<p>Wie immer bei meinen Aktionen &#8211; s\u00e4mtliche Geb\u00fchren sind, im Gegensatz zu anderen Angeboten, bereits inkludiert. Versand erfolgt ausschlie\u00dflich aus Deutschland, es fallen keine Zoll- und Importgeb\u00fchren an. Ihr kauft keine Katze im Sack \ud83d\ude42<\/p>\n<p><strong>Ma\u00dfe der Statue:<\/strong><\/p>\n<ul>\n<li>Gr\u00f6\u00dfe: ca. H61cm * W43cm * D30cm<\/li>\n<li>Gewicht: TBA, ca. 20kg (gesch\u00e4tzt)<\/li>\n<\/ul>\n<p>You are not prepared! \ud83d\ude42<\/p>","protected":false},"excerpt":{"rendered":"<p>Naruto &#8211; Naruto Uzumaki | 1:1 Lifesize Bust | von Toynami Studio I do ship EU-wide, please contact me, should questions arise. &#8222;When people are protecting something truly special to them, they truly can become&#8230;as strong as they can be.&#8220; Tolle B\u00fcste von Jinchuriki der neunschw\u00e4nzigen Fuchsd\u00e4mon Wunderbar verarbeitete und sehr detaillierte Naruto Uzumaki B\u00fcste [&hellip;]<\/p>\n","protected":false},"featured_media":21439,"comment_status":"closed","ping_status":"closed","template":"","meta":[],"product_brand":[],"product_cat":[24,88,568,84],"product_tag":[656,659,660,657,640,658,147,251,168,296,1626,169,170,1627,1628,1629,154,136,137],"class_list":{"0":"post-21436","1":"product","2":"type-product","3":"status-publish","4":"has-post-thumbnail","6":"product_cat-action-figuren","7":"product_cat-naruto","8":"product_cat-preorder","9":"product_cat-statuen-anime-comic-universum","10":"product_tag-anime-collectibles","11":"product_tag-anime-figuren","12":"product_tag-anime-figuren-naruto","13":"product_tag-anime-figures","14":"product_tag-anime-statuen","15":"product_tag-anime-toys","16":"product_tag-collectibles","17":"product_tag-collectibles-kaufen","18":"product_tag-naruto-collectibles","19":"product_tag-naruto-collectibles-kaufen","20":"product_tag-naruto-shippuden","21":"product_tag-naruto-statuen","22":"product_tag-naruto-statuen-kaufen","23":"product_tag-naruto-uzumaki","24":"product_tag-naruto-uzumaki-collectibles","25":"product_tag-naruto-uzumaki-statue","26":"product_tag-resin-collectibles","27":"product_tag-resin-statuen","28":"product_tag-resin-statuen-kaufen","29":"pa_brand-toynami-studio","30":"pa_scale-1_to_1","32":"first","33":"instock","34":"taxable","35":"shipping-taxable","36":"product-type-variable"},"_links":{"self":[{"href":"https:\/\/store.handsomecake.com\/en\/wp-json\/wp\/v2\/product\/21436","targetHints":{"allow":["GET"]}}],"collection":[{"href":"https:\/\/store.handsomecake.com\/en\/wp-json\/wp\/v2\/product"}],"about":[{"href":"https:\/\/store.handsomecake.com\/en\/wp-json\/wp\/v2\/types\/product"}],"replies":[{"embeddable":true,"href":"https:\/\/store.handsomecake.com\/en\/wp-json\/wp\/v2\/comments?post=21436"}],"wp:featuredmedia":[{"embeddable":true,"href":"https:\/\/store.handsomecake.com\/en\/wp-json\/wp\/v2\/media\/21439"}],"wp:attachment":[{"href":"https:\/\/store.handsomecake.com\/en\/wp-json\/wp\/v2\/media?parent=21436"}],"wp:term":[{"taxonomy":"product_brand","embeddable":true,"href":"https:\/\/store.handsomecake.com\/en\/wp-json\/wp\/v2\/product_brand?post=21436"},{"taxonomy":"product_cat","embeddable":true,"href":"https:\/\/store.handsomecake.com\/en\/wp-json\/wp\/v2\/product_cat?post=21436"},{"taxonomy":"product_tag","embeddable":true,"href":"https:\/\/store.handsomecake.com\/en\/wp-json\/wp\/v2\/product_tag?post=21436"}],"curies":[{"name":"wp","href":"https:\/\/api.w.org\/{rel}","templated":true}]}}