{"id":21375,"date":"2023-04-19T15:13:31","date_gmt":"2023-04-19T15:13:31","guid":{"rendered":"https:\/\/store.handsomecake.com\/product\/dragon-ball-piccolo-14-resin-statue-von-c-pr-studio\/"},"modified":"2024-06-12T15:47:21","modified_gmt":"2024-06-12T15:47:21","slug":"dragon-ball-piccolo-14-resin-statue-von-c-pr-studio","status":"publish","type":"product","link":"https:\/\/store.handsomecake.com\/en\/product\/dragon-ball-piccolo-14-resin-statue-von-c-pr-studio\/","title":{"rendered":"Dragon Ball &#8211; Piccolo | 1:4 Resin Statue | von C-PR. Studio"},"content":{"rendered":"<p><strong>Dragon Ball &#8211; Piccolo | 1:4 Resin Statue | von C-PR. Studio<\/strong><\/p>\n<p>I do ship EU-wide, please contact me, should questions arise.<\/p>\n<p>Tolle Statue des Sohnes vom Oberteufel Piccolo<br \/>\nWunderbar verarbeitete und sehr detaillierte Piccolo aus Polystone &#8211; k\u00fcnstlichem Stein-Harz-Gemisch.<\/p>\n<p><strong>Besonderheiten:<\/strong><\/p>\n<ul>\n<li>EX Version: A, B und C Variante + austauschbare Kopf<\/li>\n<li>Gr\u00f6\u00dfe 1:4 weltweit 88 St\u00fcck<\/li>\n<li>Gr\u00f6\u00dfe 1:6 weltweit 99 St\u00fcck<\/li>\n<\/ul>\n<p><strong>Release-Status:<\/strong><\/p>\n<ul>\n<li>Preorder. Statue wird voraussichtlich am Ende Q2 2024 erscheinen und wir erwarten sie voraussichtlich Ende August 2024 im Warenlager.<\/li>\n<\/ul>\n<p>Wie immer bei meinen Artikeln &#8211; s\u00e4mtliche Geb\u00fchren sind, im Gegensatz zu anderen Angeboten, bereits inkludiert. Versand erfolgt ausschlie\u00dflich aus Deutschland, es fallen keine Zoll- und Importgeb\u00fchren an. Ihr kauft keine Katze im Sack \ud83d\ude42<\/p>\n<p><strong>Ma\u00dfe der Statue:<\/strong><\/p>\n<p>Gr\u00f6\u00dfe <strong>(1:6)<\/strong><\/p>\n<ul>\n<li>A H38*W34*D24cm<\/li>\n<li>B H38*W30*D21cm<\/li>\n<li>C H38*W21*D21cm<\/li>\n<\/ul>\n<p>Gr\u00f6\u00dfe <strong>(1:4)<\/strong><\/p>\n<ul>\n<li>A H58*W51*D36cm<\/li>\n<li>B H58*W45*D31.5cm<\/li>\n<li>C H58*W31.5*D31.5cm<\/li>\n<\/ul>\n<p>Gewicht: TBA, gesch\u00e4tzt ca.35kg<\/p>\n<p>You are not prepared! \ud83d\ude42<\/p>","protected":false},"excerpt":{"rendered":"<p>Dragon Ball &#8211; Piccolo | 1:4 Resin Statue | von C-PR. Studio I do ship EU-wide, please contact me, should questions arise. Tolle Statue des Sohnes vom Oberteufel Piccolo Wunderbar verarbeitete und sehr detaillierte Piccolo aus Polystone &#8211; k\u00fcnstlichem Stein-Harz-Gemisch. Besonderheiten: EX Version: A, B und C Variante + austauschbare Kopf Gr\u00f6\u00dfe 1:4 weltweit 88 [&hellip;]<\/p>\n","protected":false},"featured_media":21378,"comment_status":"closed","ping_status":"closed","template":"","meta":[],"product_brand":[],"product_cat":[24,87,568,84],"product_tag":[612,659,666,717,794,662,640,658,479,147,251,738,190,1227,191,741,795,1226,154,255,136,137,379,381,552,380,547,718],"class_list":{"0":"post-21375","1":"product","2":"type-product","3":"status-publish","4":"has-post-thumbnail","6":"product_cat-action-figuren","7":"product_cat-dragon-ball","8":"product_cat-preorder","9":"product_cat-statuen-anime-comic-universum","10":"product_tag-anime","11":"product_tag-anime-figuren","12":"product_tag-anime-figuren-shop","13":"product_tag-anime-shop","14":"product_tag-anime-statue","15":"product_tag-anime-statue-shop","16":"product_tag-anime-statuen","17":"product_tag-anime-toys","18":"product_tag-collectible","19":"product_tag-collectibles","20":"product_tag-collectibles-kaufen","21":"product_tag-dragon-ball","22":"product_tag-dragon-ball-collectibles","23":"product_tag-dragon-ball-piccolo","24":"product_tag-dragon-ball-resin","25":"product_tag-dragon-ball-statuen","26":"product_tag-handsomecake","27":"product_tag-piccolo-statue","28":"product_tag-resin-collectibles","29":"product_tag-resin-collectibles-kaufen","30":"product_tag-resin-statuen","31":"product_tag-resin-statuen-kaufen","32":"product_tag-statue-collectible","33":"product_tag-statue-collectibles","34":"product_tag-statue-collector","35":"product_tag-statues-collectible","36":"product_tag-statues-collector","37":"product_tag-toys","38":"pa_brand-c-pr-studio","40":"first","41":"instock","42":"taxable","43":"shipping-taxable","44":"product-type-variable"},"_links":{"self":[{"href":"https:\/\/store.handsomecake.com\/en\/wp-json\/wp\/v2\/product\/21375","targetHints":{"allow":["GET"]}}],"collection":[{"href":"https:\/\/store.handsomecake.com\/en\/wp-json\/wp\/v2\/product"}],"about":[{"href":"https:\/\/store.handsomecake.com\/en\/wp-json\/wp\/v2\/types\/product"}],"replies":[{"embeddable":true,"href":"https:\/\/store.handsomecake.com\/en\/wp-json\/wp\/v2\/comments?post=21375"}],"wp:featuredmedia":[{"embeddable":true,"href":"https:\/\/store.handsomecake.com\/en\/wp-json\/wp\/v2\/media\/21378"}],"wp:attachment":[{"href":"https:\/\/store.handsomecake.com\/en\/wp-json\/wp\/v2\/media?parent=21375"}],"wp:term":[{"taxonomy":"product_brand","embeddable":true,"href":"https:\/\/store.handsomecake.com\/en\/wp-json\/wp\/v2\/product_brand?post=21375"},{"taxonomy":"product_cat","embeddable":true,"href":"https:\/\/store.handsomecake.com\/en\/wp-json\/wp\/v2\/product_cat?post=21375"},{"taxonomy":"product_tag","embeddable":true,"href":"https:\/\/store.handsomecake.com\/en\/wp-json\/wp\/v2\/product_tag?post=21375"}],"curies":[{"name":"wp","href":"https:\/\/api.w.org\/{rel}","templated":true}]}}