{"id":2132,"date":"2021-01-22T06:49:12","date_gmt":"2021-01-22T06:49:12","guid":{"rendered":"https:\/\/store.handsomecake.com\/product\/naruto-akatsuki-damage-series-pain-17-resin-statue-von-cartoon-world\/"},"modified":"2024-06-12T14:40:40","modified_gmt":"2024-06-12T14:40:40","slug":"naruto-akatsuki-damage-series-pain-17-resin-statue-von-cartoon-world","status":"publish","type":"product","link":"https:\/\/store.handsomecake.com\/en\/product\/naruto-akatsuki-damage-series-pain-17-resin-statue-von-cartoon-world\/","title":{"rendered":"Naruto &#8211; Akatsuki Damage Series Pain | 1:7 Resin Statue | von Cartoon World"},"content":{"rendered":"<p>Naruto &#8211; Akatsuki Damage Series Pain &#8218; 1:7 Resin Statue &#8218; von Cartoon World Studios<\/p>\n<p>EU Taxfree! I do ship EU-wide, please contact me, should questions arise.<\/p>\n<p>Tolle Statue des Anf\u00fchrers der Akatsuki<br \/>\nWunderbar verarbeitete und sehr detaillierte Statue von Akatsuki Pain (Nagato) aus Polystone &#8211; k\u00fcnstlichem Stein-Harz-Gemisch.<\/p>\n<p>Besonderheiten:<\/p>\n<ul>\n<li>weltweit auf 388 St\u00fcck begrenzt<\/li>\n<\/ul>\n<p>Release-Status:<\/p>\n<ul>\n<li>Preorder. Voraussichtliches Release-Datum: Q4 2021. Wir erwarten die Statue bei uns im Lager Ende Januar 2022.<\/li>\n<\/ul>\n<p>Wie immer bei meinen Aktionen &#8211; s\u00e4mtliche Geb\u00fchren sind, im Gegensatz zu anderen Angeboten, bereits inkludiert. Versand erfolgt ausschlie\u00dflich aus Deutschland, es fallen keine Zoll- und Importgeb\u00fchren an. Ihr kauft keine Katze im Sack \ud83d\ude42<\/p>\n<p>Ma\u00dfe der Statue:<br \/>\nGr\u00f6\u00dfe: H36cm<br \/>\nGewicht: ca. 5 kg<\/p>\n<p>You are not prepared! \ud83d\ude42<\/p>","protected":false},"excerpt":{"rendered":"<p>Naruto &#8211; Akatsuki Damage Series Pain &#8218; 1:7 Resin Statue &#8218; von Cartoon World Studios EU Taxfree! I do ship EU-wide, please contact me, should questions arise. Tolle Statue des Anf\u00fchrers der Akatsuki Wunderbar verarbeitete und sehr detaillierte Statue von Akatsuki Pain (Nagato) aus Polystone &#8211; k\u00fcnstlichem Stein-Harz-Gemisch. Besonderheiten: weltweit auf 388 St\u00fcck begrenzt Release-Status: [&hellip;]<\/p>\n","protected":false},"featured_media":2133,"comment_status":"closed","ping_status":"closed","template":"","meta":[],"product_brand":[],"product_cat":[826,88,84,567],"product_tag":[656,659,660,657,640,658,147,251,297,298,168,296,169,170,154,136,137],"class_list":{"0":"post-2132","1":"product","2":"type-product","3":"status-publish","4":"has-post-thumbnail","6":"product_cat-lagernd-vor-ort","7":"product_cat-naruto","8":"product_cat-statuen-anime-comic-universum","9":"product_cat-in_stock_warehouse_china","10":"product_tag-anime-collectibles","11":"product_tag-anime-figuren","12":"product_tag-anime-figuren-naruto","13":"product_tag-anime-figures","14":"product_tag-anime-statuen","15":"product_tag-anime-toys","16":"product_tag-collectibles","17":"product_tag-collectibles-kaufen","18":"product_tag-naruto-akatsuki","19":"product_tag-naruto-akatsuki-nagato","20":"product_tag-naruto-collectibles","21":"product_tag-naruto-collectibles-kaufen","22":"product_tag-naruto-statuen","23":"product_tag-naruto-statuen-kaufen","24":"product_tag-resin-collectibles","25":"product_tag-resin-statuen","26":"product_tag-resin-statuen-kaufen","27":"pa_scale-1_to_6","29":"first","30":"outofstock","31":"sale","32":"taxable","33":"shipping-taxable","34":"product-type-simple"},"_links":{"self":[{"href":"https:\/\/store.handsomecake.com\/en\/wp-json\/wp\/v2\/product\/2132","targetHints":{"allow":["GET"]}}],"collection":[{"href":"https:\/\/store.handsomecake.com\/en\/wp-json\/wp\/v2\/product"}],"about":[{"href":"https:\/\/store.handsomecake.com\/en\/wp-json\/wp\/v2\/types\/product"}],"replies":[{"embeddable":true,"href":"https:\/\/store.handsomecake.com\/en\/wp-json\/wp\/v2\/comments?post=2132"}],"wp:featuredmedia":[{"embeddable":true,"href":"https:\/\/store.handsomecake.com\/en\/wp-json\/wp\/v2\/media\/2133"}],"wp:attachment":[{"href":"https:\/\/store.handsomecake.com\/en\/wp-json\/wp\/v2\/media?parent=2132"}],"wp:term":[{"taxonomy":"product_brand","embeddable":true,"href":"https:\/\/store.handsomecake.com\/en\/wp-json\/wp\/v2\/product_brand?post=2132"},{"taxonomy":"product_cat","embeddable":true,"href":"https:\/\/store.handsomecake.com\/en\/wp-json\/wp\/v2\/product_cat?post=2132"},{"taxonomy":"product_tag","embeddable":true,"href":"https:\/\/store.handsomecake.com\/en\/wp-json\/wp\/v2\/product_tag?post=2132"}],"curies":[{"name":"wp","href":"https:\/\/api.w.org\/{rel}","templated":true}]}}