{"id":21276,"date":"2023-04-16T23:47:53","date_gmt":"2023-04-16T23:47:53","guid":{"rendered":"https:\/\/store.handsomecake.com\/product\/bleach-hitsugaya-toshiro-16-resin-statue-von-flyleaf-studio\/"},"modified":"2024-06-12T15:46:59","modified_gmt":"2024-06-12T15:46:59","slug":"bleach-hitsugaya-toshiro-16-resin-statue-von-flyleaf-studio","status":"publish","type":"product","link":"https:\/\/store.handsomecake.com\/en\/product\/bleach-hitsugaya-toshiro-16-resin-statue-von-flyleaf-studio\/","title":{"rendered":"Bleach &#8211; Hitsugaya T\u014dshir\u014d | 1:6 Resin Statue | von FlyLeaf Studio"},"content":{"rendered":"<p><strong>Bleach &#8211; Hitsugaya T\u014dshir\u014d | 1:6 Resin Statue | von FlyLeaf Studio<\/strong><\/p>\n<p>EU Taxfree! I do ship EU-wide, please contact me, should questions arise.<\/p>\n<p><span style=\"color:#ffffff\"><em><span style=\"background-color:#2c3e50\">&quot; Ich bin nicht hergekommen, um dich zu bek&auml;mpfen. Ich bin hierher gekommen, um dich gewaltsam zu t&ouml;ten! &quot;<\/span><\/em><\/span><br \/>\nTolle Statue von dem Kommandant der 10. Kompanie<br \/>\nWunderbar verarbeitete und sehr detaillierte Toshiro Statue aus Polystone &#8211; k&uuml;nstlichem Stein-Harz-Gemisch.<\/p>\n<p><strong>Besonderheiten:<\/strong><\/p>\n<ul>\n<li>mit LED<\/li>\n<li>2 austauschbare K&ouml;pfe<\/li>\n<\/ul>\n<p><strong>Release-Status:<\/strong><\/p>\n<ul>\n<li>Preorder. Statue wird voraussichtlich Q1 2024 erscheinen und wir erwarten sie voraussichtlich Ende Mai 2024 im Warenlager.<\/li>\n<\/ul>\n<p>Wie immer bei meinen Artikeln &#8211; s&auml;mtliche Geb&uuml;hren sind, im Gegensatz zu anderen Angeboten, bereits inkludiert. Versand erfolgt ausschlie&szlig;lich aus Deutschland, es fallen keine Zoll- und Importgeb&uuml;hren an. Ihr kauft keine Katze im Sack \ud83d\ude42<\/p>\n<p><strong>Ma&szlig;e der Statue:<\/strong><\/p>\n<ul>\n<li>Gr&ouml;&szlig;e: ca. H42cm x W45cm x D38cm<\/li>\n<li>Gewicht: TBA, ca. 12kg (gesch&auml;tzt)<\/li>\n<\/ul>\n<p>You are not prepared! \ud83d\ude42<\/p>","protected":false},"excerpt":{"rendered":"<p>Bleach &#8211; Hitsugaya T\u014dshir\u014d | 1:6 Resin Statue | von FlyLeaf Studio EU Taxfree! I do ship EU-wide, please contact me, should questions arise. &quot; Ich bin nicht hergekommen, um dich zu bek&auml;mpfen. Ich bin hierher gekommen, um dich gewaltsam zu t&ouml;ten! &quot; Tolle Statue von dem Kommandant der 10. Kompanie Wunderbar verarbeitete und sehr [&hellip;]<\/p>\n","protected":false},"featured_media":21277,"comment_status":"closed","ping_status":"closed","template":"","meta":[],"product_brand":[],"product_cat":[24,568,84],"product_tag":[612,659,666,658,991,992,995,993,994,2554,996,147,251,383,553,795,2550,154,136,554,379,381,552,547,2551,2552,2553],"class_list":{"0":"post-21276","1":"product","2":"type-product","3":"status-publish","4":"has-post-thumbnail","6":"product_cat-action-figuren","7":"product_cat-preorder","8":"product_cat-statuen-anime-comic-universum","9":"product_tag-anime","10":"product_tag-anime-figuren","11":"product_tag-anime-figuren-shop","12":"product_tag-anime-toys","13":"product_tag-bleach-statue","14":"product_tag-bleach-collectibles","15":"product_tag-bleach","16":"product_tag-bleach-resin","17":"product_tag-bleach-statues","18":"product_tag-bleach-toshiro","19":"product_tag-bleach-toys","20":"product_tag-collectibles","21":"product_tag-collectibles-kaufen","22":"product_tag-collector","23":"product_tag-figure-collector","24":"product_tag-handsomecake","25":"product_tag-hitsugaya-toshiro","26":"product_tag-resin-collectibles","27":"product_tag-resin-statuen","28":"product_tag-resin-statues","29":"product_tag-statue-collectible","30":"product_tag-statue-collectibles","31":"product_tag-statue-collector","32":"product_tag-statues-collector","33":"product_tag-toshiro","34":"product_tag-toshiro-hitsugaya","35":"product_tag-toshiro-statue","36":"pa_brand-flyleaf-studio","37":"pa_scale-1_to_6","39":"first","40":"instock","41":"taxable","42":"shipping-taxable","43":"product-type-variable"},"_links":{"self":[{"href":"https:\/\/store.handsomecake.com\/en\/wp-json\/wp\/v2\/product\/21276","targetHints":{"allow":["GET"]}}],"collection":[{"href":"https:\/\/store.handsomecake.com\/en\/wp-json\/wp\/v2\/product"}],"about":[{"href":"https:\/\/store.handsomecake.com\/en\/wp-json\/wp\/v2\/types\/product"}],"replies":[{"embeddable":true,"href":"https:\/\/store.handsomecake.com\/en\/wp-json\/wp\/v2\/comments?post=21276"}],"wp:featuredmedia":[{"embeddable":true,"href":"https:\/\/store.handsomecake.com\/en\/wp-json\/wp\/v2\/media\/21277"}],"wp:attachment":[{"href":"https:\/\/store.handsomecake.com\/en\/wp-json\/wp\/v2\/media?parent=21276"}],"wp:term":[{"taxonomy":"product_brand","embeddable":true,"href":"https:\/\/store.handsomecake.com\/en\/wp-json\/wp\/v2\/product_brand?post=21276"},{"taxonomy":"product_cat","embeddable":true,"href":"https:\/\/store.handsomecake.com\/en\/wp-json\/wp\/v2\/product_cat?post=21276"},{"taxonomy":"product_tag","embeddable":true,"href":"https:\/\/store.handsomecake.com\/en\/wp-json\/wp\/v2\/product_tag?post=21276"}],"curies":[{"name":"wp","href":"https:\/\/api.w.org\/{rel}","templated":true}]}}