{"id":21258,"date":"2023-04-15T13:07:23","date_gmt":"2023-04-15T13:07:23","guid":{"rendered":"https:\/\/store.handsomecake.com\/product\/attack-on-titan-sasha-braus-16-resin-statue-von-freedom-studio\/"},"modified":"2024-06-12T15:46:55","modified_gmt":"2024-06-12T15:46:55","slug":"attack-on-titan-sasha-braus-16-resin-statue-von-freedom-studio","status":"publish","type":"product","link":"https:\/\/store.handsomecake.com\/en\/product\/attack-on-titan-sasha-braus-16-resin-statue-von-freedom-studio\/","title":{"rendered":"Attack on Titan &#8211; Sasha Braus | 1:6 Resin Statue | von Freedom Studio"},"content":{"rendered":"<p><strong>Attack on Titan &#8211; Sasha Braus | 1:6 Resin Statue | von Freedom Studio<\/strong><\/p>\n<p>I do ship EU-wide, please contact me, should questions arise.<\/p>\n<p>Tolle Statue des Mitglieds der Spezialeinheit des Aufkl\u00e4rungstrupps<\/p>\n<p><span style=\"color: #ffffff;\"><em><span style=\"background-color: #2c3e50;\">&#8220; Wir leben unser Leben wie immer und niemand hat das Recht, uns daran zu hindern! &#8222;<\/span><\/em><\/span><\/p>\n<p>Wunderbar verarbeitete und sehr detaillierte Sasha Braus Statue aus Polystone &#8211; k\u00fcnstlichem Stein-Harz-Gemisch.<\/p>\n<p><strong>Besonderheiten:<\/strong><\/p>\n<ul>\n<li>weltweit nur 66 St\u00fcck<\/li>\n<\/ul>\n<p><strong>Release-Status:<\/strong><\/p>\n<ul>\n<li>Preorder. Statue wird sch\u00e4tzungsweise Ende Q3 2023 fertiggestellt und wir erwarten sie bei uns im Lager gegen Ende November 2023.<\/li>\n<\/ul>\n<p>Wie immer bei meinen Aktionen &#8211; s\u00e4mtliche Geb\u00fchren sind, im Gegensatz zu anderen Angeboten, bereits inkludiert. Versand erfolgt ausschlie\u00dflich aus Deutschland, es fallen keine Zoll- und Importgeb\u00fchren an. Ihr kauft keine Katze im Sack \ud83d\ude42<\/p>\n<p><strong>Ma\u00dfe der Statue:<\/strong><\/p>\n<ul>\n<li>Gr\u00f6\u00dfe: ca. H36cm x 21cm x 17cm<\/li>\n<li>Gewicht: TBA, gesch\u00e4tzt: ca. 7kg<\/li>\n<\/ul>\n<p>You are not prepared! \ud83d\ude42<\/p>","protected":false},"excerpt":{"rendered":"<p>Attack on Titan &#8211; Sasha Braus | 1:6 Resin Statue | von Freedom Studio I do ship EU-wide, please contact me, should questions arise. Tolle Statue des Mitglieds der Spezialeinheit des Aufkl\u00e4rungstrupps &#8220; Wir leben unser Leben wie immer und niemand hat das Recht, uns daran zu hindern! &#8222; Wunderbar verarbeitete und sehr detaillierte Sasha [&hellip;]<\/p>\n","protected":false},"featured_media":21259,"comment_status":"closed","ping_status":"closed","template":"","meta":[],"product_brand":[],"product_cat":[24,714,568,84],"product_tag":[612,656,659,666,708,1188,2294,2295,1008,709,1806,710,2296,795,2292,2293,379,381,665,380,382,547],"class_list":{"0":"post-21258","1":"product","2":"type-product","3":"status-publish","4":"has-post-thumbnail","6":"product_cat-action-figuren","7":"product_cat-attack-on-titan","8":"product_cat-preorder","9":"product_cat-statuen-anime-comic-universum","10":"product_tag-anime","11":"product_tag-anime-collectibles","12":"product_tag-anime-figuren","13":"product_tag-anime-figuren-shop","14":"product_tag-anime-statuen-shop","15":"product_tag-aot-figurine","16":"product_tag-aot-sasha","17":"product_tag-aot-sasha-braust","18":"product_tag-aot-toys","19":"product_tag-attack-on-titan","20":"product_tag-attack-on-titan-annie","21":"product_tag-attack-on-titan-figure","22":"product_tag-attack-on-titan-sasha","23":"product_tag-handsomecake","24":"product_tag-sasha","25":"product_tag-sasha-braus","26":"product_tag-statue-collectible","27":"product_tag-statue-collectibles","28":"product_tag-statuen-shop","29":"product_tag-statues-collectible","30":"product_tag-statues-collectibles","31":"product_tag-statues-collector","32":"pa_brand-freedom-studio","33":"pa_scale-1_to_6","35":"first","36":"instock","37":"taxable","38":"shipping-taxable","39":"product-type-variable"},"_links":{"self":[{"href":"https:\/\/store.handsomecake.com\/en\/wp-json\/wp\/v2\/product\/21258","targetHints":{"allow":["GET"]}}],"collection":[{"href":"https:\/\/store.handsomecake.com\/en\/wp-json\/wp\/v2\/product"}],"about":[{"href":"https:\/\/store.handsomecake.com\/en\/wp-json\/wp\/v2\/types\/product"}],"replies":[{"embeddable":true,"href":"https:\/\/store.handsomecake.com\/en\/wp-json\/wp\/v2\/comments?post=21258"}],"wp:featuredmedia":[{"embeddable":true,"href":"https:\/\/store.handsomecake.com\/en\/wp-json\/wp\/v2\/media\/21259"}],"wp:attachment":[{"href":"https:\/\/store.handsomecake.com\/en\/wp-json\/wp\/v2\/media?parent=21258"}],"wp:term":[{"taxonomy":"product_brand","embeddable":true,"href":"https:\/\/store.handsomecake.com\/en\/wp-json\/wp\/v2\/product_brand?post=21258"},{"taxonomy":"product_cat","embeddable":true,"href":"https:\/\/store.handsomecake.com\/en\/wp-json\/wp\/v2\/product_cat?post=21258"},{"taxonomy":"product_tag","embeddable":true,"href":"https:\/\/store.handsomecake.com\/en\/wp-json\/wp\/v2\/product_tag?post=21258"}],"curies":[{"name":"wp","href":"https:\/\/api.w.org\/{rel}","templated":true}]}}