{"id":21229,"date":"2023-04-10T22:29:12","date_gmt":"2023-04-10T22:29:12","guid":{"rendered":"https:\/\/store.handsomecake.com\/product\/claymore-teresa-14-resin-statue-von-rosa-studio\/"},"modified":"2024-06-12T15:46:42","modified_gmt":"2024-06-12T15:46:42","slug":"claymore-teresa-14-resin-statue-von-rosa-studio","status":"publish","type":"product","link":"https:\/\/store.handsomecake.com\/en\/product\/claymore-teresa-14-resin-statue-von-rosa-studio\/","title":{"rendered":"Claymore &#8211; Teresa | 1:4 Resin Statue | von Rosa Studio"},"content":{"rendered":"<p><strong>Claymore &#8211; Teresa | 1:4 Resin Statue | von Rosa Studio<\/strong><\/p>\n<p>I do ship EU-wide, please contact me, should questions arise.<\/p>\n<p><span style=\"color: #ffffff;\"><em><span style=\"background-color: #2c3e50;\">&#8222;You can come after me as many times as you want. I&#8217;ll cut you down every time.&#8220;<\/span><\/em><\/span><\/p>\n<p>Tolle Statue von &#8222;Teresa of the Faint Smile&#8220;<br \/>\nWunderbar verarbeitete und sehr detaillierte Teresa Statue aus Polystone &#8211; k\u00fcnstlichem Stein-Harz-Gemisch.<\/p>\n<p><strong>Besonderheiten:<\/strong><\/p>\n<ul>\n<li>weltweit 128 St\u00fcck<\/li>\n<\/ul>\n<p><strong>Release-Status:<\/strong><\/p>\n<ul>\n<li>Preorder. Statue wird sch\u00e4tzungsweise Q2 2024 fertiggestellt und wir erwarten sie bei uns im Lager gegen Ende August 2024.<\/li>\n<\/ul>\n<p>Wie immer bei meinen Aktionen &#8211; s\u00e4mtliche Geb\u00fchren sind, im Gegensatz zu anderen Angeboten, bereits inkludiert. Versand erfolgt ausschlie\u00dflich aus Deutschland, es fallen keine Zoll- und Importgeb\u00fchren an. Ihr kauft keine Katze im Sack \ud83d\ude42<\/p>\n<p><strong>Ma\u00dfe der Statue:<\/strong><\/p>\n<ul>\n<li>Gr\u00f6\u00dfe: ca. 67cm x 33cm x 28cm<\/li>\n<li>Gewicht: TBA, gesch\u00e4tzt: ca. 11kg<\/li>\n<\/ul>\n<p>You are not prepared! \ud83d\ude42<\/p>","protected":false},"excerpt":{"rendered":"<p>Claymore &#8211; Teresa | 1:4 Resin Statue | von Rosa Studio I do ship EU-wide, please contact me, should questions arise. &#8222;You can come after me as many times as you want. I&#8217;ll cut you down every time.&#8220; Tolle Statue von &#8222;Teresa of the Faint Smile&#8220; Wunderbar verarbeitete und sehr detaillierte Teresa Statue aus Polystone [&hellip;]<\/p>\n","protected":false},"featured_media":21230,"comment_status":"closed","ping_status":"closed","template":"","meta":[],"product_brand":[],"product_cat":[24,568,84],"product_tag":[612,656,659,666,708,2546,2548,2547,795,379,381,665,380,382,547],"class_list":{"0":"post-21229","1":"product","2":"type-product","3":"status-publish","4":"has-post-thumbnail","6":"product_cat-action-figuren","7":"product_cat-preorder","8":"product_cat-statuen-anime-comic-universum","9":"product_tag-anime","10":"product_tag-anime-collectibles","11":"product_tag-anime-figuren","12":"product_tag-anime-figuren-shop","13":"product_tag-anime-statuen-shop","14":"product_tag-claymore","15":"product_tag-claymore-figurine","16":"product_tag-claymore-teresa","17":"product_tag-handsomecake","18":"product_tag-statue-collectible","19":"product_tag-statue-collectibles","20":"product_tag-statuen-shop","21":"product_tag-statues-collectible","22":"product_tag-statues-collectibles","23":"product_tag-statues-collector","24":"pa_brand-rosa-studio","25":"pa_scale-1_to_4","27":"first","28":"outofstock","29":"taxable","30":"shipping-taxable","31":"product-type-simple"},"_links":{"self":[{"href":"https:\/\/store.handsomecake.com\/en\/wp-json\/wp\/v2\/product\/21229","targetHints":{"allow":["GET"]}}],"collection":[{"href":"https:\/\/store.handsomecake.com\/en\/wp-json\/wp\/v2\/product"}],"about":[{"href":"https:\/\/store.handsomecake.com\/en\/wp-json\/wp\/v2\/types\/product"}],"replies":[{"embeddable":true,"href":"https:\/\/store.handsomecake.com\/en\/wp-json\/wp\/v2\/comments?post=21229"}],"wp:featuredmedia":[{"embeddable":true,"href":"https:\/\/store.handsomecake.com\/en\/wp-json\/wp\/v2\/media\/21230"}],"wp:attachment":[{"href":"https:\/\/store.handsomecake.com\/en\/wp-json\/wp\/v2\/media?parent=21229"}],"wp:term":[{"taxonomy":"product_brand","embeddable":true,"href":"https:\/\/store.handsomecake.com\/en\/wp-json\/wp\/v2\/product_brand?post=21229"},{"taxonomy":"product_cat","embeddable":true,"href":"https:\/\/store.handsomecake.com\/en\/wp-json\/wp\/v2\/product_cat?post=21229"},{"taxonomy":"product_tag","embeddable":true,"href":"https:\/\/store.handsomecake.com\/en\/wp-json\/wp\/v2\/product_tag?post=21229"}],"curies":[{"name":"wp","href":"https:\/\/api.w.org\/{rel}","templated":true}]}}