{"id":21200,"date":"2023-04-10T21:01:25","date_gmt":"2023-04-10T21:01:25","guid":{"rendered":"https:\/\/store.handsomecake.com\/product\/bleach-murcielago-16-resin-statue-von-three-artisan-studio\/"},"modified":"2024-06-12T15:46:36","modified_gmt":"2024-06-12T15:46:36","slug":"bleach-murcielago-16-resin-statue-von-three-artisan-studio","status":"publish","type":"product","link":"https:\/\/store.handsomecake.com\/en\/product\/bleach-murcielago-16-resin-statue-von-three-artisan-studio\/","title":{"rendered":"Bleach &#8211; Murci\u00e9lago | 1:6 Resin Statue | von ThreeArtisan Studio"},"content":{"rendered":"<p><strong>Bleach &#8211; Murci\u00e9lago | 1:6 Resin Statue | von ThreeArtisan Studio<\/strong><\/p>\n<p>EU Taxfree! I do ship EU-wide, please contact me, should questions arise.<\/p>\n<p><span style=\"color: #ffffff;\"><em><span style=\"background-color: #2c3e50;\">&#8222;If this eye cannot see a thing, then it does not exist. That is the assumption under which I have always fought. What is this &#8222;heart?&#8220; If I tear open that chest of yours, will I see it there? If I smash open that skull of yours, will I see it there?&#8220;<\/span><\/em><\/span><\/p>\n<p>Tolle Statue von Resurrecci\u00f3n von Ulquiorra Cifer<br \/>\nWunderbar verarbeitete und sehr detaillierte Statue von Murci\u00e9lago aus Polystone &#8211; k\u00fcnstlichem Stein-Harz-Gemisch.<\/p>\n<p><strong>Besonderheiten:<\/strong><\/p>\n<ul>\n<li>weltweit nur 188 St\u00fcck<\/li>\n<\/ul>\n<p><strong>Release-Status:<\/strong><\/p>\n<ul>\n<li>Preorder. Statue wird voraussichtlich am Ende Q2 2024 erscheinen und wir erwarten sie voraussichtlich Ende August 2024 im Warenlager.<\/li>\n<\/ul>\n<p>Wie immer bei meinen Artikeln &#8211; s\u00e4mtliche Geb\u00fchren sind, im Gegensatz zu anderen Angeboten, bereits inkludiert. Versand erfolgt ausschlie\u00dflich aus Deutschland, es fallen keine Zoll- und Importgeb\u00fchren an. Ihr kauft keine Katze im Sack \ud83d\ude42<\/p>\n<p><strong>Ma\u00dfe der Statue:<\/strong><\/p>\n<ul>\n<li>Gr\u00f6\u00dfe: ca. H53cm x W52cm x D41cm<\/li>\n<li>Gewicht: ca. 14kg<\/li>\n<\/ul>\n<p>You are not prepared! \ud83d\ude42<\/p>","protected":false},"excerpt":{"rendered":"<p>Bleach &#8211; Murci\u00e9lago | 1:6 Resin Statue | von ThreeArtisan Studio EU Taxfree! I do ship EU-wide, please contact me, should questions arise. &#8222;If this eye cannot see a thing, then it does not exist. That is the assumption under which I have always fought. What is this &#8222;heart?&#8220; If I tear open that chest [&hellip;]<\/p>\n","protected":false},"featured_media":21201,"comment_status":"closed","ping_status":"closed","template":"","meta":[],"product_brand":[],"product_cat":[24,568,84],"product_tag":[612,659,666,658,991,992,995,993,994,996,147,251,383,553,795,997,998,999,1000,1001,154,136,554,379,381,552,547],"class_list":{"0":"post-21200","1":"product","2":"type-product","3":"status-publish","4":"has-post-thumbnail","6":"product_cat-action-figuren","7":"product_cat-preorder","8":"product_cat-statuen-anime-comic-universum","9":"product_tag-anime","10":"product_tag-anime-figuren","11":"product_tag-anime-figuren-shop","12":"product_tag-anime-toys","13":"product_tag-bleach-statue","14":"product_tag-bleach-collectibles","15":"product_tag-bleach","16":"product_tag-bleach-resin","17":"product_tag-bleach-statues","18":"product_tag-bleach-toys","19":"product_tag-collectibles","20":"product_tag-collectibles-kaufen","21":"product_tag-collector","22":"product_tag-figure-collector","23":"product_tag-handsomecake","24":"product_tag-ichigo-kurosaki","25":"product_tag-ichigo-kurosaki-collectibles","26":"product_tag-ichigo-kurosaki-resin","27":"product_tag-ichigo-kurosaki-statues","28":"product_tag-ichigo-kurosaki-toys","29":"product_tag-resin-collectibles","30":"product_tag-resin-statuen","31":"product_tag-resin-statues","32":"product_tag-statue-collectible","33":"product_tag-statue-collectibles","34":"product_tag-statue-collector","35":"product_tag-statues-collector","36":"pa_brand-threeartisan-studio","37":"pa_scale-1_to_6","39":"first","40":"instock","41":"taxable","42":"shipping-taxable","43":"product-type-variable"},"_links":{"self":[{"href":"https:\/\/store.handsomecake.com\/en\/wp-json\/wp\/v2\/product\/21200","targetHints":{"allow":["GET"]}}],"collection":[{"href":"https:\/\/store.handsomecake.com\/en\/wp-json\/wp\/v2\/product"}],"about":[{"href":"https:\/\/store.handsomecake.com\/en\/wp-json\/wp\/v2\/types\/product"}],"replies":[{"embeddable":true,"href":"https:\/\/store.handsomecake.com\/en\/wp-json\/wp\/v2\/comments?post=21200"}],"wp:featuredmedia":[{"embeddable":true,"href":"https:\/\/store.handsomecake.com\/en\/wp-json\/wp\/v2\/media\/21201"}],"wp:attachment":[{"href":"https:\/\/store.handsomecake.com\/en\/wp-json\/wp\/v2\/media?parent=21200"}],"wp:term":[{"taxonomy":"product_brand","embeddable":true,"href":"https:\/\/store.handsomecake.com\/en\/wp-json\/wp\/v2\/product_brand?post=21200"},{"taxonomy":"product_cat","embeddable":true,"href":"https:\/\/store.handsomecake.com\/en\/wp-json\/wp\/v2\/product_cat?post=21200"},{"taxonomy":"product_tag","embeddable":true,"href":"https:\/\/store.handsomecake.com\/en\/wp-json\/wp\/v2\/product_tag?post=21200"}],"curies":[{"name":"wp","href":"https:\/\/api.w.org\/{rel}","templated":true}]}}