{"id":21185,"date":"2023-04-10T18:59:11","date_gmt":"2023-04-10T18:59:11","guid":{"rendered":"https:\/\/store.handsomecake.com\/product\/attack-on-titan-levi-ackerman-14-resin-statue-von-chikara-studio\/"},"modified":"2025-12-03T10:52:45","modified_gmt":"2025-12-03T10:52:45","slug":"attack-on-titan-levi-ackerman-14-resin-statue-von-chikara-studio","status":"publish","type":"product","link":"https:\/\/store.handsomecake.com\/en\/product\/attack-on-titan-levi-ackerman-14-resin-statue-von-chikara-studio\/","title":{"rendered":"Attack on Titan &#8211; Levi Ackerman | 1:4 Resin Statue | von Chikara Studio"},"content":{"rendered":"<p><strong>Attack on Titan &#8211; Levi Ackerman | 1:4 Resin Statue | von Chikara Studio<\/strong><\/p>\n<p>I do ship EU-wide, please contact me, should questions arise.<\/p>\n<p>Tolle Statue aus der traumhaften Kampfszene zwischen Levi Ackerman und dem Beast Titan<br \/>\nWunderbar verarbeitete und sehr detaillierte Levi Statue aus Polystone &#8211; k\u00fcnstlichem Stein-Harz-Gemisch.<\/p>\n<p><strong>Besonderheiten:<\/strong><\/p>\n<ul>\n<li>keine<\/li>\n<\/ul>\n<p><strong>Release-Status:<\/strong><\/p>\n<ul>\n<li>Preorder. Statue wird sch\u00e4tzungsweise Q2 2024 fertiggestellt und wir erwarten sie bei uns im Lager gegen Ende August 2024.<\/li>\n<\/ul>\n<p>Wie immer bei meinen Aktionen &#8211; s\u00e4mtliche Geb\u00fchren sind, im Gegensatz zu anderen Angeboten, bereits inkludiert. Versand erfolgt ausschlie\u00dflich aus Deutschland, es fallen keine Zoll- und Importgeb\u00fchren an. Ihr kauft keine Katze im Sack \ud83d\ude42<\/p>\n<p><strong>Ma\u00dfe der Statue:<\/strong><\/p>\n<ul>\n<li>Gr\u00f6\u00dfe: ca. H38cm x W45cm x L36cm<\/li>\n<li>Gewicht: TBA, gesch\u00e4tzt: ca. 15kg<\/li>\n<\/ul>\n<p>You are not prepared! \ud83d\ude42<\/p>","protected":false},"excerpt":{"rendered":"<p>Attack on Titan &#8211; Levi Ackerman | 1:4 Resin Statue | von Chikara Studio I do ship EU-wide, please contact me, should questions arise. Tolle Statue aus der traumhaften Kampfszene zwischen Levi Ackerman und dem Beast Titan Wunderbar verarbeitete und sehr detaillierte Levi Statue aus Polystone &#8211; k\u00fcnstlichem Stein-Harz-Gemisch. Besonderheiten: keine Release-Status: Preorder. Statue wird [&hellip;]<\/p>\n","protected":false},"featured_media":21197,"comment_status":"closed","ping_status":"closed","template":"","meta":[],"product_brand":[],"product_cat":[24,714,568,84],"product_tag":[612,656,659,666,708,1185,1186,1188,1008,709,1184,710,712,713,850,795,704,707,706,705,711,1187,379,381,665,380,382,547],"class_list":{"0":"post-21185","1":"product","2":"type-product","3":"status-publish","4":"has-post-thumbnail","6":"product_cat-action-figuren","7":"product_cat-attack-on-titan","8":"product_cat-preorder","9":"product_cat-statuen-anime-comic-universum","10":"product_tag-anime","11":"product_tag-anime-collectibles","12":"product_tag-anime-figuren","13":"product_tag-anime-figuren-shop","14":"product_tag-anime-statuen-shop","15":"product_tag-aot-eren","16":"product_tag-aot-eren-jaeger","17":"product_tag-aot-figurine","18":"product_tag-aot-toys","19":"product_tag-attack-on-titan","20":"product_tag-attack-on-titan-eren","21":"product_tag-attack-on-titan-figure","22":"product_tag-attack-on-titan-levi","23":"product_tag-beast-titan","24":"product_tag-eren-jaeger","25":"product_tag-handsomecake","26":"product_tag-kitsune","27":"product_tag-kitsune-collectibles","28":"product_tag-kitsune-figure","29":"product_tag-kitsune-statue","30":"product_tag-levi","31":"product_tag-levi-ackerman","32":"product_tag-statue-collectible","33":"product_tag-statue-collectibles","34":"product_tag-statuen-shop","35":"product_tag-statues-collectible","36":"product_tag-statues-collectibles","37":"product_tag-statues-collector","38":"pa_brand-chikara-studio","39":"pa_scale-1_to_4","41":"first","42":"instock","43":"taxable","44":"shipping-taxable","45":"product-type-variable"},"_links":{"self":[{"href":"https:\/\/store.handsomecake.com\/en\/wp-json\/wp\/v2\/product\/21185","targetHints":{"allow":["GET"]}}],"collection":[{"href":"https:\/\/store.handsomecake.com\/en\/wp-json\/wp\/v2\/product"}],"about":[{"href":"https:\/\/store.handsomecake.com\/en\/wp-json\/wp\/v2\/types\/product"}],"replies":[{"embeddable":true,"href":"https:\/\/store.handsomecake.com\/en\/wp-json\/wp\/v2\/comments?post=21185"}],"wp:featuredmedia":[{"embeddable":true,"href":"https:\/\/store.handsomecake.com\/en\/wp-json\/wp\/v2\/media\/21197"}],"wp:attachment":[{"href":"https:\/\/store.handsomecake.com\/en\/wp-json\/wp\/v2\/media?parent=21185"}],"wp:term":[{"taxonomy":"product_brand","embeddable":true,"href":"https:\/\/store.handsomecake.com\/en\/wp-json\/wp\/v2\/product_brand?post=21185"},{"taxonomy":"product_cat","embeddable":true,"href":"https:\/\/store.handsomecake.com\/en\/wp-json\/wp\/v2\/product_cat?post=21185"},{"taxonomy":"product_tag","embeddable":true,"href":"https:\/\/store.handsomecake.com\/en\/wp-json\/wp\/v2\/product_tag?post=21185"}],"curies":[{"name":"wp","href":"https:\/\/api.w.org\/{rel}","templated":true}]}}