{"id":21127,"date":"2023-04-08T18:10:19","date_gmt":"2023-04-08T18:10:19","guid":{"rendered":"https:\/\/store.handsomecake.com\/product\/studio-ghibli-spirited-away-16-resin-statue-von-opm-studio\/"},"modified":"2024-12-14T06:25:20","modified_gmt":"2024-12-14T06:25:20","slug":"studio-ghibli-spirited-away-16-resin-statue-von-opm-studio","status":"publish","type":"product","link":"https:\/\/store.handsomecake.com\/en\/product\/studio-ghibli-spirited-away-16-resin-statue-von-opm-studio\/","title":{"rendered":"Studio Ghibli &#8211; Spirited Away | 1:6 Resin Statue | von OPM Studio"},"content":{"rendered":"<p><strong>Studio Ghibli &#8211; Spirited Away | 1:6 Resin Statue | von OPM Studio<\/strong><\/p>\n<p>I do ship EU-wide, please contact me, should questions arise.<\/p>\n<p>M\u00e4rchenhafte Statue aus dem Studio Ghibli Meisterwerk &#8211; Chihiros Reise ins Zauberland<br \/>\nWunderbar verarbeitete und sehr detaillierte Spirited Away Statue aus Polystone &#8211; k\u00fcnstlichem Stein-Harz-Gemisch.<\/p>\n<p><strong>Besonderheiten:<\/strong><\/p>\n<ul>\n<li>weltweit nur 258 St\u00fcck<\/li>\n<li>mit LED<\/li>\n<\/ul>\n<p><strong>Release-Status:<\/strong><\/p>\n<ul>\n<li>\u00a0Lagernd vor Ort. Versandfertig in ca. 5 Tagen.<\/li>\n<\/ul>\n<p>Wie immer bei meinen Artikeln &#8211; s\u00e4mtliche Geb\u00fchren sind, im Gegensatz zu anderen Angeboten, bereits inkludiert. Versand erfolgt ausschlie\u00dflich aus Deutschland, es fallen keine Zoll- und Importgeb\u00fchren an. Ihr kauft keine Katze im Sack \ud83d\ude42<\/p>\n<p><strong>Ma\u00dfe der Statue:<\/strong><\/p>\n<ul>\n<li>Gr\u00f6\u00dfe: ca. H19cm x W32cm x D27cm<\/li>\n<li>Gewicht: TBA, gesch\u00e4tzt: ca. 9kg<\/li>\n<\/ul>\n<p>You are not prepared! \ud83d\ude42<\/p>","protected":false},"excerpt":{"rendered":"<p>Studio Ghibli &#8211; Spirited Away | 1:6 Resin Statue | von OPM Studio I do ship EU-wide, please contact me, should questions arise. M\u00e4rchenhafte Statue aus dem Studio Ghibli Meisterwerk &#8211; Chihiros Reise ins Zauberland Wunderbar verarbeitete und sehr detaillierte Spirited Away Statue aus Polystone &#8211; k\u00fcnstlichem Stein-Harz-Gemisch. Besonderheiten: weltweit nur 258 St\u00fcck mit LED [&hellip;]<\/p>\n","protected":false},"featured_media":21131,"comment_status":"closed","ping_status":"closed","template":"","meta":[],"product_brand":[],"product_cat":[24,826,84],"product_tag":[612,656,659,666,708,795,1313,1314,1311,1261,1786,1787,379,665,547,1257,2062],"class_list":{"0":"post-21127","1":"product","2":"type-product","3":"status-publish","4":"has-post-thumbnail","6":"product_cat-action-figuren","7":"product_cat-lagernd-vor-ort","8":"product_cat-statuen-anime-comic-universum","9":"product_tag-anime","10":"product_tag-anime-collectibles","11":"product_tag-anime-figuren","12":"product_tag-anime-figuren-shop","13":"product_tag-anime-statuen-shop","14":"product_tag-handsomecake","15":"product_tag-hayao-miyazaki","16":"product_tag-miyazaki","17":"product_tag-moving-castle","18":"product_tag-my-neighbor-totoro","19":"product_tag-spirited-away","20":"product_tag-sprited-away-collectibles","21":"product_tag-statue-collectible","22":"product_tag-statuen-shop","23":"product_tag-statues-collector","24":"product_tag-studio-ghibli","25":"product_tag-studio-ghibli-figure","26":"pa_brand-opm-studio","27":"pa_scale-1_to_6","29":"first","30":"instock","31":"taxable","32":"shipping-taxable","33":"product-type-simple"},"_links":{"self":[{"href":"https:\/\/store.handsomecake.com\/en\/wp-json\/wp\/v2\/product\/21127","targetHints":{"allow":["GET"]}}],"collection":[{"href":"https:\/\/store.handsomecake.com\/en\/wp-json\/wp\/v2\/product"}],"about":[{"href":"https:\/\/store.handsomecake.com\/en\/wp-json\/wp\/v2\/types\/product"}],"replies":[{"embeddable":true,"href":"https:\/\/store.handsomecake.com\/en\/wp-json\/wp\/v2\/comments?post=21127"}],"wp:featuredmedia":[{"embeddable":true,"href":"https:\/\/store.handsomecake.com\/en\/wp-json\/wp\/v2\/media\/21131"}],"wp:attachment":[{"href":"https:\/\/store.handsomecake.com\/en\/wp-json\/wp\/v2\/media?parent=21127"}],"wp:term":[{"taxonomy":"product_brand","embeddable":true,"href":"https:\/\/store.handsomecake.com\/en\/wp-json\/wp\/v2\/product_brand?post=21127"},{"taxonomy":"product_cat","embeddable":true,"href":"https:\/\/store.handsomecake.com\/en\/wp-json\/wp\/v2\/product_cat?post=21127"},{"taxonomy":"product_tag","embeddable":true,"href":"https:\/\/store.handsomecake.com\/en\/wp-json\/wp\/v2\/product_tag?post=21127"}],"curies":[{"name":"wp","href":"https:\/\/api.w.org\/{rel}","templated":true}]}}