{"id":21070,"date":"2023-04-08T15:05:29","date_gmt":"2023-04-08T15:05:29","guid":{"rendered":"https:\/\/store.handsomecake.com\/product\/final-fantasy-freya-crescent-14-resin-statue-von-solar-studio\/"},"modified":"2024-10-11T20:41:13","modified_gmt":"2024-10-11T20:41:13","slug":"final-fantasy-freya-crescent-14-resin-statue-von-solar-studio","status":"publish","type":"product","link":"https:\/\/store.handsomecake.com\/en\/product\/final-fantasy-freya-crescent-14-resin-statue-von-solar-studio\/","title":{"rendered":"Final Fantasy &#8211; Freya Crescent | 1:4 Resin Statue | von Solar Studio"},"content":{"rendered":"<p><strong>Final Fantasy &#8211; Freya Crescent | 1:4 Resin Statue | von Solar Studio<\/strong><\/p>\n<p>EU Taxfree! I do ship EU-wide, please contact me, should questions arise.<\/p>\n<p><span style=\"color: #ffffff;\"><em><span style=\"background-color: #2c3e50;\">&#8220; Despair &#8211; To be forgotten is worse than death.&#8220;<\/span><\/em><\/span><\/p>\n<p>Tolle Statuen von der Drachenritterin aus Burmecia.<br \/>\nWunderbar verarbeitete und sehr detaillierte Freya Crescent aus Polystone &#8211; k\u00fcnstlichem Stein-Harz-Gemisch.<\/p>\n<p><strong>Besonderheiten:<\/strong><\/p>\n<ul>\n<li>2 austauschbare K\u00f6pfe ( mit Windeffekt und Regular )<\/li>\n<li>2 austauschbare Waffen<\/li>\n<li>2 rechte austauschbare Arme<\/li>\n<\/ul>\n<p><strong>Release-Status:<\/strong><\/p>\n<ul>\n<li>Preorder. Statue wird voraussichtlich Ende Q3 2023 released. Wir erwarten sie bei uns gegen Ende November 2023.<\/li>\n<\/ul>\n<p>Wie immer bei meinen Aktionen &#8211; s\u00e4mtliche Geb\u00fchren sind, im Gegensatz zu anderen Angeboten, bereits inkludiert. Versand erfolgt ausschlie\u00dflich aus Deutschland, es fallen keine Zoll- und Importgeb\u00fchren an. Ihr kauft keine Katze im Sack \ud83d\ude42<\/p>\n<p><strong>Ma\u00dfe der Statue:<\/strong><\/p>\n<ul>\n<li>Gr\u00f6\u00dfe: H61.5cm x W34cm x D34cm<\/li>\n<li>Gewicht : TBA, gesch\u00e4tzt: ca. 12kg<\/li>\n<\/ul>\n<p>You are not prepared! \ud83d\ude42<\/p>","protected":false},"excerpt":{"rendered":"<p>Final Fantasy &#8211; Freya Crescent | 1:4 Resin Statue | von Solar Studio EU Taxfree! I do ship EU-wide, please contact me, should questions arise. &#8220; Despair &#8211; To be forgotten is worse than death.&#8220; Tolle Statuen von der Drachenritterin aus Burmecia. Wunderbar verarbeitete und sehr detaillierte Freya Crescent aus Polystone &#8211; k\u00fcnstlichem Stein-Harz-Gemisch. Besonderheiten: [&hellip;]<\/p>\n","protected":false},"featured_media":21071,"comment_status":"closed","ping_status":"closed","template":"","meta":[],"product_brand":[],"product_cat":[24,197,568,81],"product_tag":[666,717,640,658,147,251,198,199,2542,2543,200,2540,2541,154,255,136,137,379,381,552,380,382,547],"class_list":{"0":"post-21070","1":"product","2":"type-product","3":"status-publish","4":"has-post-thumbnail","6":"product_cat-action-figuren","7":"product_cat-final-fantasy","8":"product_cat-preorder","9":"product_cat-statuen-computerspieluniversum","10":"product_tag-anime-figuren-shop","11":"product_tag-anime-shop","12":"product_tag-anime-statuen","13":"product_tag-anime-toys","14":"product_tag-collectibles","15":"product_tag-collectibles-kaufen","16":"product_tag-final-fantasy","17":"product_tag-final-fantasy-collectibles","18":"product_tag-final-fantasy-freya","19":"product_tag-final-fantasy-freya-crescent","20":"product_tag-final-fantasy-statuen","21":"product_tag-freya-crescent","22":"product_tag-freya-figur","23":"product_tag-resin-collectibles","24":"product_tag-resin-collectibles-kaufen","25":"product_tag-resin-statuen","26":"product_tag-resin-statuen-kaufen","27":"product_tag-statue-collectible","28":"product_tag-statue-collectibles","29":"product_tag-statue-collector","30":"product_tag-statues-collectible","31":"product_tag-statues-collectibles","32":"product_tag-statues-collector","33":"pa_brand-solar-eclipse-studio","34":"pa_scale-1_to_4","36":"first","37":"outofstock","38":"taxable","39":"shipping-taxable","40":"product-type-simple"},"_links":{"self":[{"href":"https:\/\/store.handsomecake.com\/en\/wp-json\/wp\/v2\/product\/21070","targetHints":{"allow":["GET"]}}],"collection":[{"href":"https:\/\/store.handsomecake.com\/en\/wp-json\/wp\/v2\/product"}],"about":[{"href":"https:\/\/store.handsomecake.com\/en\/wp-json\/wp\/v2\/types\/product"}],"replies":[{"embeddable":true,"href":"https:\/\/store.handsomecake.com\/en\/wp-json\/wp\/v2\/comments?post=21070"}],"wp:featuredmedia":[{"embeddable":true,"href":"https:\/\/store.handsomecake.com\/en\/wp-json\/wp\/v2\/media\/21071"}],"wp:attachment":[{"href":"https:\/\/store.handsomecake.com\/en\/wp-json\/wp\/v2\/media?parent=21070"}],"wp:term":[{"taxonomy":"product_brand","embeddable":true,"href":"https:\/\/store.handsomecake.com\/en\/wp-json\/wp\/v2\/product_brand?post=21070"},{"taxonomy":"product_cat","embeddable":true,"href":"https:\/\/store.handsomecake.com\/en\/wp-json\/wp\/v2\/product_cat?post=21070"},{"taxonomy":"product_tag","embeddable":true,"href":"https:\/\/store.handsomecake.com\/en\/wp-json\/wp\/v2\/product_tag?post=21070"}],"curies":[{"name":"wp","href":"https:\/\/api.w.org\/{rel}","templated":true}]}}