{"id":21011,"date":"2023-04-06T14:14:28","date_gmt":"2023-04-06T14:14:28","guid":{"rendered":"https:\/\/store.handsomecake.com\/product\/resident-evil-ada-wong-14-resin-statue-von-green-leaf-studio-2\/"},"modified":"2023-09-30T01:21:31","modified_gmt":"2023-09-30T01:21:31","slug":"resident-evil-ada-wong-14-resin-statue-von-green-leaf-studio-2","status":"publish","type":"product","link":"https:\/\/store.handsomecake.com\/en\/product\/resident-evil-ada-wong-14-resin-statue-von-green-leaf-studio-2\/","title":{"rendered":"Resident Evil &#8211; Ada Wong | 1:4 Resin Statue | von Green Leaf Studio"},"content":{"rendered":"<p><strong>Resident Evil &#8211; Ada Wong | 1:4 Resin Statue | von Green Leaf Studio<\/strong><\/p>\n<p>I do ship EU-wide, please contact me, should questions arise.<\/p>\n<p><span style=\"color: #ffffff;\"><em><span style=\"background-color: #2c3e50;\">&#8222;Do yourself a favor: stop asking questions and get the hell out of here.&#8220;(to Leon)<\/span><\/em><\/span><\/p>\n<p>Tolle Statue der schleierhaften Antiheldin<br \/>\nWunderbar verarbeitete und sehr detaillierte Ada Wong Statue aus Polystone &#8211; k\u00fcnstlichem Stein-Harz-Gemisch.<\/p>\n<p><strong>Besonderheiten:<\/strong><\/p>\n<ul>\n<li>EX Version (A + B)<\/li>\n<li>A : Regular Version<\/li>\n<li>B : nackte Version<\/li>\n<\/ul>\n<p><strong>Release-Status:<\/strong><\/p>\n<ul>\n<li>Preorder. Statue wird voraussichtlich Ende Q2 2024 erscheinen. Wir erwarten sie sch\u00e4tzungsweise Ende August 2024 bei uns im Warenlager.<\/li>\n<\/ul>\n<p>Wie immer bei meinen Artikeln &#8211; s\u00e4mtliche Geb\u00fchren sind, im Gegensatz zu anderen Angeboten, bereits inkludiert. Versand erfolgt ausschlie\u00dflich aus Deutschland, es fallen keine Zoll- und Importgeb\u00fchren an. Ihr kauft keine Katze im Sack \ud83d\ude42<\/p>\n<p><strong>Ma\u00dfe der Statue:<\/strong><\/p>\n<ul>\n<li>Gr\u00f6\u00dfe A: ca. (H)53.6cm x (W)27.2cm x (L) 36.5cm<\/li>\n<li>Gr\u00f6\u00dfe B: ca. (H)50.1cm x (W) 27.2cm x (L) 36.5cm<\/li>\n<li>Gewicht: TBA, ca. 12 kg<\/li>\n<\/ul>\n<p>You are not prepared! \ud83d\ude42<\/p>","protected":false},"excerpt":{"rendered":"<p>Resident Evil &#8211; Ada Wong | 1:4 Resin Statue | von Green Leaf Studio I do ship EU-wide, please contact me, should questions arise. &#8222;Do yourself a favor: stop asking questions and get the hell out of here.&#8220;(to Leon) Tolle Statue der schleierhaften Antiheldin Wunderbar verarbeitete und sehr detaillierte Ada Wong Statue aus Polystone &#8211; [&hellip;]<\/p>\n","protected":false},"featured_media":21027,"comment_status":"closed","ping_status":"closed","template":"","meta":[],"product_brand":[],"product_cat":[24,568,82,81],"product_tag":[473,474,476,475,612,659,666,717,147,795,187,189,188,1324,154,136,137,379,381,380,382,718],"class_list":{"0":"post-21011","1":"product","2":"type-product","3":"status-publish","4":"has-post-thumbnail","6":"product_cat-action-figuren","7":"product_cat-preorder","8":"product_cat-resident-evil","9":"product_cat-statuen-computerspieluniversum","10":"product_tag-ada-wong","11":"product_tag-ada-wong-collectible","12":"product_tag-ada-wong-resin-statue","13":"product_tag-ada-wong-statue","14":"product_tag-anime","15":"product_tag-anime-figuren","16":"product_tag-anime-figuren-shop","17":"product_tag-anime-shop","18":"product_tag-collectibles","19":"product_tag-handsomecake","20":"product_tag-resident-evil","21":"product_tag-resident-evil-collectibles","22":"product_tag-resident-evil-statuen","23":"product_tag-resident-evil-toys","24":"product_tag-resin-collectibles","25":"product_tag-resin-statuen","26":"product_tag-resin-statuen-kaufen","27":"product_tag-statue-collectible","28":"product_tag-statue-collectibles","29":"product_tag-statues-collectible","30":"product_tag-statues-collectibles","31":"product_tag-toys","32":"pa_brand-green-leaf-studio","33":"pa_scale-1_to_4","35":"first","36":"instock","37":"taxable","38":"shipping-taxable","39":"product-type-variable"},"_links":{"self":[{"href":"https:\/\/store.handsomecake.com\/en\/wp-json\/wp\/v2\/product\/21011","targetHints":{"allow":["GET"]}}],"collection":[{"href":"https:\/\/store.handsomecake.com\/en\/wp-json\/wp\/v2\/product"}],"about":[{"href":"https:\/\/store.handsomecake.com\/en\/wp-json\/wp\/v2\/types\/product"}],"replies":[{"embeddable":true,"href":"https:\/\/store.handsomecake.com\/en\/wp-json\/wp\/v2\/comments?post=21011"}],"wp:featuredmedia":[{"embeddable":true,"href":"https:\/\/store.handsomecake.com\/en\/wp-json\/wp\/v2\/media\/21027"}],"wp:attachment":[{"href":"https:\/\/store.handsomecake.com\/en\/wp-json\/wp\/v2\/media?parent=21011"}],"wp:term":[{"taxonomy":"product_brand","embeddable":true,"href":"https:\/\/store.handsomecake.com\/en\/wp-json\/wp\/v2\/product_brand?post=21011"},{"taxonomy":"product_cat","embeddable":true,"href":"https:\/\/store.handsomecake.com\/en\/wp-json\/wp\/v2\/product_cat?post=21011"},{"taxonomy":"product_tag","embeddable":true,"href":"https:\/\/store.handsomecake.com\/en\/wp-json\/wp\/v2\/product_tag?post=21011"}],"curies":[{"name":"wp","href":"https:\/\/api.w.org\/{rel}","templated":true}]}}