{"id":20986,"date":"2023-04-06T13:10:24","date_gmt":"2023-04-06T13:10:24","guid":{"rendered":"https:\/\/store.handsomecake.com\/product\/dc-comics-superman-life-size-bust-11-resin-statue-vom-infinity-studio\/"},"modified":"2024-06-12T15:45:29","modified_gmt":"2024-06-12T15:45:29","slug":"dc-comics-superman-life-size-bust-11-resin-statue-vom-infinity-studio","status":"publish","type":"product","link":"https:\/\/store.handsomecake.com\/en\/product\/dc-comics-superman-life-size-bust-11-resin-statue-vom-infinity-studio\/","title":{"rendered":"DC Comics &#8211; Superman Life Size Bust | 1:1 Resin Statue | vom Infinity Studio"},"content":{"rendered":"<p><strong>DC Comics &#8211; Superman Life Size Bust | 1:1 Resin Statue | vom Infinity Studio<\/strong><\/p>\n<p>I do ship EU-wide, please contact me, should questions arise.<\/p>\n<h2 id=\"the-real-test-of-honor-isn-t-how-you-die-it-s-how-you-live\"><span style=\"color: #ffffff;\"><span style=\"font-size: 14px;\"><em><span style=\"background-color: #2c3e50;\">&#8222;The Real Test Of Honor Isn&#8217;t How You Die. It&#8217;s How You Live.&#8220;<\/span><\/em><\/span><\/span><\/h2>\n<p>Tolle B\u00fcste von Kryptons Sohn<br \/>\nWunderbar verarbeitete und sehr detaillierte Superman B\u00fcste aus Polystone &#8211; k\u00fcnstlichem Stein-Harz-Gemisch.<\/p>\n<p><strong>Besonderheiten:<\/strong><\/p>\n<ul>\n<li>499 St\u00fcck weltweit<\/li>\n<li>mit LED<\/li>\n<\/ul>\n<p><strong>Release-Status:<\/strong><\/p>\n<ul>\n<li>Vorbestellung, Release erwartet Ende Q4 2024, Collectible bei uns im Lager Ende Februar 2025<\/li>\n<\/ul>\n<p>Wie immer bei meinen Aktionen &#8211; s\u00e4mtliche Geb\u00fchren sind, im Gegensatz zu anderen Angeboten, bereits inkludiert. Versand erfolgt ausschlie\u00dflich aus Deutschland, es fallen keine Zoll- und Importgeb\u00fchren an. Ihr kauft keine Katze im Sack \ud83d\ude42<\/p>\n<p><strong>Ma\u00dfe der Statue:<\/strong><\/p>\n<ul>\n<li>Gr\u00f6\u00dfe: ca. 88cm x 91cm x 57cm<\/li>\n<li>Gewicht: TBA, gesch\u00e4tzt 40kg<\/li>\n<\/ul>\n<p>You are not prepared! \ud83d\ude42<\/p>","protected":false},"excerpt":{"rendered":"<p>DC Comics &#8211; Superman Life Size Bust | 1:1 Resin Statue | vom Infinity Studio I do ship EU-wide, please contact me, should questions arise. &#8222;The Real Test Of Honor Isn&#8217;t How You Die. It&#8217;s How You Live.&#8220; Tolle B\u00fcste von Kryptons Sohn Wunderbar verarbeitete und sehr detaillierte Superman B\u00fcste aus Polystone &#8211; k\u00fcnstlichem Stein-Harz-Gemisch. [&hellip;]<\/p>\n","protected":false},"featured_media":21009,"comment_status":"closed","ping_status":"closed","template":"","meta":[],"product_brand":[],"product_cat":[268,568,84],"product_tag":[147,251,383,551,282,284,557,281,283,553,514,154,136,137,554,379,381,552,547,550,278,279,555,280,556,558],"class_list":{"0":"post-20986","1":"product","2":"type-product","3":"status-publish","4":"has-post-thumbnail","6":"product_cat-dc","7":"product_cat-preorder","8":"product_cat-statuen-anime-comic-universum","9":"product_tag-collectibles","10":"product_tag-collectibles-kaufen","11":"product_tag-collector","12":"product_tag-dc","13":"product_tag-dc-collectibles","14":"product_tag-dc-collectibles-kaufen","15":"product_tag-dc-collector","16":"product_tag-dc-comics","17":"product_tag-dc-comics-collectibles","18":"product_tag-figure-collector","19":"product_tag-lifesize","20":"product_tag-resin-collectibles","21":"product_tag-resin-statuen","22":"product_tag-resin-statuen-kaufen","23":"product_tag-resin-statues","24":"product_tag-statue-collectible","25":"product_tag-statue-collectibles","26":"product_tag-statue-collector","27":"product_tag-statues-collector","28":"product_tag-superman","29":"product_tag-superman-bust","30":"product_tag-superman-bueste","31":"product_tag-superman-collectible","32":"product_tag-superman-collectibles","33":"product_tag-superman-collector","34":"product_tag-superman-statue","35":"pa_brand-infinity-studio","36":"pa_scale-1_to_1","38":"first","39":"instock","40":"taxable","41":"shipping-taxable","42":"product-type-variable"},"_links":{"self":[{"href":"https:\/\/store.handsomecake.com\/en\/wp-json\/wp\/v2\/product\/20986","targetHints":{"allow":["GET"]}}],"collection":[{"href":"https:\/\/store.handsomecake.com\/en\/wp-json\/wp\/v2\/product"}],"about":[{"href":"https:\/\/store.handsomecake.com\/en\/wp-json\/wp\/v2\/types\/product"}],"replies":[{"embeddable":true,"href":"https:\/\/store.handsomecake.com\/en\/wp-json\/wp\/v2\/comments?post=20986"}],"wp:featuredmedia":[{"embeddable":true,"href":"https:\/\/store.handsomecake.com\/en\/wp-json\/wp\/v2\/media\/21009"}],"wp:attachment":[{"href":"https:\/\/store.handsomecake.com\/en\/wp-json\/wp\/v2\/media?parent=20986"}],"wp:term":[{"taxonomy":"product_brand","embeddable":true,"href":"https:\/\/store.handsomecake.com\/en\/wp-json\/wp\/v2\/product_brand?post=20986"},{"taxonomy":"product_cat","embeddable":true,"href":"https:\/\/store.handsomecake.com\/en\/wp-json\/wp\/v2\/product_cat?post=20986"},{"taxonomy":"product_tag","embeddable":true,"href":"https:\/\/store.handsomecake.com\/en\/wp-json\/wp\/v2\/product_tag?post=20986"}],"curies":[{"name":"wp","href":"https:\/\/api.w.org\/{rel}","templated":true}]}}