{"id":20915,"date":"2023-04-02T19:53:08","date_gmt":"2023-04-02T19:53:08","guid":{"rendered":"https:\/\/store.handsomecake.com\/product\/naruto-kisame-hoshigaki-18-resin-statue-von-tsume-studio\/"},"modified":"2024-09-23T21:06:09","modified_gmt":"2024-09-23T21:06:09","slug":"naruto-kisame-hoshigaki-18-resin-statue-von-tsume-studio","status":"publish","type":"product","link":"https:\/\/store.handsomecake.com\/en\/product\/naruto-kisame-hoshigaki-18-resin-statue-von-tsume-studio\/","title":{"rendered":"Naruto &#8211; Kisame Hoshigaki | 1:8 Resin Statue | von Tsume Studio"},"content":{"rendered":"<p><strong>Naruto &#8211; Kisame Hoshigaki | 1:8 Resin Statue | von Tsume Studio<\/strong><\/p>\n<p>I do ship EU-wide, please contact me, should questions arise.<\/p>\n<p><span style=\"color: #ffffff;\"><em><span style=\"background-color: #2c3e50;\">&#8222;Let me show you the power of Shark Skin. &#8222;<\/span><\/em><\/span><\/p>\n<p>Tolle Statue eines der Sieben Shinobi-Schwertk\u00e4mpfer aus Kirigakure<br \/>\nWunderbar verarbeitete und sehr detaillierte Kisame Hoshigaki aus Polystone &#8211; k\u00fcnstlichem Stein-Harz-Gemisch.<\/p>\n<p><strong>Besonderheiten:<\/strong><\/p>\n<ul>\n<li>mit LED<\/li>\n<li>1200 St\u00fcck weltweit<\/li>\n<\/ul>\n<p><strong>Release-Status:<\/strong><\/p>\n<ul>\n<li>Preorder. Statue wird sch\u00e4tzungsweise Q3 2025 fertiggestellt und wir erwarten sie bei uns im Lager gegen Ende Oktober 2025.<\/li>\n<\/ul>\n<p>Wie immer bei meinen Aktionen &#8211; s\u00e4mtliche Geb\u00fchren sind, im Gegensatz zu anderen Angeboten, bereits inkludiert. Versand erfolgt ausschlie\u00dflich aus Deutschland, es fallen keine Zoll- und Importgeb\u00fchren an. Ihr kauft keine Katze im Sack \ud83d\ude42<\/p>\n<p><strong>Ma\u00dfe der Statue:<\/strong><\/p>\n<ul>\n<li>Gr\u00f6\u00dfe: ca. H46cm x W44cm x D47cm<\/li>\n<li>Gewicht: TBA, gesch\u00e4tzt: ca. 15kg<\/li>\n<\/ul>\n<p>You are not prepared! \ud83d\ude42<\/p>","protected":false},"excerpt":{"rendered":"<p>Naruto &#8211; Kisame Hoshigaki | 1:8 Resin Statue | von Tsume Studio I do ship EU-wide, please contact me, should questions arise. &#8222;Let me show you the power of Shark Skin. &#8222; Tolle Statue eines der Sieben Shinobi-Schwertk\u00e4mpfer aus Kirigakure Wunderbar verarbeitete und sehr detaillierte Kisame Hoshigaki aus Polystone &#8211; k\u00fcnstlichem Stein-Harz-Gemisch. Besonderheiten: mit LED [&hellip;]<\/p>\n","protected":false},"featured_media":20919,"comment_status":"closed","ping_status":"closed","template":"","meta":[],"product_brand":[],"product_cat":[24,88,568,84],"product_tag":[612,656,659,660,657,640,658,147,251,795,297,298,1341,168,296,1339,1340,169,170,154,136,137],"class_list":{"0":"post-20915","1":"product","2":"type-product","3":"status-publish","4":"has-post-thumbnail","6":"product_cat-action-figuren","7":"product_cat-naruto","8":"product_cat-preorder","9":"product_cat-statuen-anime-comic-universum","10":"product_tag-anime","11":"product_tag-anime-collectibles","12":"product_tag-anime-figuren","13":"product_tag-anime-figuren-naruto","14":"product_tag-anime-figures","15":"product_tag-anime-statuen","16":"product_tag-anime-toys","17":"product_tag-collectibles","18":"product_tag-collectibles-kaufen","19":"product_tag-handsomecake","20":"product_tag-naruto-akatsuki","21":"product_tag-naruto-akatsuki-nagato","22":"product_tag-naruto-akatsuki-statue","23":"product_tag-naruto-collectibles","24":"product_tag-naruto-collectibles-kaufen","25":"product_tag-naruto-kisame","26":"product_tag-naruto-kisame-collectibles","27":"product_tag-naruto-statuen","28":"product_tag-naruto-statuen-kaufen","29":"product_tag-resin-collectibles","30":"product_tag-resin-statuen","31":"product_tag-resin-statuen-kaufen","32":"pa_brand-tsume-studio","33":"pa_scale-2125","35":"first","36":"outofstock","37":"taxable","38":"shipping-taxable","39":"product-type-variable"},"_links":{"self":[{"href":"https:\/\/store.handsomecake.com\/en\/wp-json\/wp\/v2\/product\/20915","targetHints":{"allow":["GET"]}}],"collection":[{"href":"https:\/\/store.handsomecake.com\/en\/wp-json\/wp\/v2\/product"}],"about":[{"href":"https:\/\/store.handsomecake.com\/en\/wp-json\/wp\/v2\/types\/product"}],"replies":[{"embeddable":true,"href":"https:\/\/store.handsomecake.com\/en\/wp-json\/wp\/v2\/comments?post=20915"}],"wp:featuredmedia":[{"embeddable":true,"href":"https:\/\/store.handsomecake.com\/en\/wp-json\/wp\/v2\/media\/20919"}],"wp:attachment":[{"href":"https:\/\/store.handsomecake.com\/en\/wp-json\/wp\/v2\/media?parent=20915"}],"wp:term":[{"taxonomy":"product_brand","embeddable":true,"href":"https:\/\/store.handsomecake.com\/en\/wp-json\/wp\/v2\/product_brand?post=20915"},{"taxonomy":"product_cat","embeddable":true,"href":"https:\/\/store.handsomecake.com\/en\/wp-json\/wp\/v2\/product_cat?post=20915"},{"taxonomy":"product_tag","embeddable":true,"href":"https:\/\/store.handsomecake.com\/en\/wp-json\/wp\/v2\/product_tag?post=20915"}],"curies":[{"name":"wp","href":"https:\/\/api.w.org\/{rel}","templated":true}]}}