{"id":20809,"date":"2023-03-29T14:21:56","date_gmt":"2023-03-29T14:21:56","guid":{"rendered":"https:\/\/store.handsomecake.com\/product\/demon-slayer-tanjiro-kamado-14-resin-statue-von-infinity-studio\/"},"modified":"2024-06-12T15:44:51","modified_gmt":"2024-06-12T15:44:51","slug":"demon-slayer-tanjiro-kamado-14-resin-statue-von-infinity-studio","status":"publish","type":"product","link":"https:\/\/store.handsomecake.com\/en\/product\/demon-slayer-tanjiro-kamado-14-resin-statue-von-infinity-studio\/","title":{"rendered":"Demon Slayer &#8211; Tanjiro Kamado | 1:4 Resin Statue | von Infinity Studio"},"content":{"rendered":"<p><strong>Demon Slayer &#8211; Tanjiro Kamado | 1:4 Resin Statue | von Infinity Studio<\/strong><\/p>\n<p>I do ship EU-wide, please contact me, should questions arise.<\/p>\n<p><span style=\"color: #ffffff;\"><em><span style=\"background-color: #2c3e50;\">&#8222;It&#8217;s The Heart That Drives People So It Can Grow As Strong As You Need It To.&#8220;<\/span><\/em><\/span><\/p>\n<p>Tolle Statue des Protagonisten der Serie Kimetsu no Yaiba.<br \/>\nWunderbar verarbeitete und sehr detaillierte Tanjiro Kamado Statue aus Polystone &#8211; k\u00fcnstlichem Stein-Harz-Gemisch.<\/p>\n<p><strong>Besonderheiten:<\/strong><\/p>\n<ul>\n<li>mit LED<\/li>\n<li>499 St\u00fcck weltweit<\/li>\n<\/ul>\n<p><strong>Release-Status:<\/strong><\/p>\n<ul>\n<li>Preorder. Statue wird voraussichtlich in Q3 2024 released und wir erwarten sie sch\u00e4tzungsweise Ende Oktober 2024 bei uns im Warenlager.<\/li>\n<\/ul>\n<p>Wie immer bei meinen Aktionen &#8211; s\u00e4mtliche Geb\u00fchren sind, im Gegensatz zu anderen Angeboten, bereits inkludiert. Versand erfolgt ausschlie\u00dflich aus Deutschland, es fallen keine Zoll- und Importgeb\u00fchren an. Ihr kauft keine Katze im Sack \ud83d\ude42<\/p>\n<p><strong>Ma\u00dfe der Statue:<\/strong><\/p>\n<ul>\n<li>Gr\u00f6\u00dfe: ca. H61.2 x W63 x D56cm<\/li>\n<li>Gewicht: TBA, ca. 16 kg (gesch\u00e4tzt)<\/li>\n<\/ul>\n<p>You are not prepared! \ud83d\ude42<\/p>","protected":false},"excerpt":{"rendered":"<p>Demon Slayer &#8211; Tanjiro Kamado | 1:4 Resin Statue | von Infinity Studio I do ship EU-wide, please contact me, should questions arise. &#8222;It&#8217;s The Heart That Drives People So It Can Grow As Strong As You Need It To.&#8220; Tolle Statue des Protagonisten der Serie Kimetsu no Yaiba. Wunderbar verarbeitete und sehr detaillierte Tanjiro [&hellip;]<\/p>\n","protected":false},"featured_media":20817,"comment_status":"closed","ping_status":"closed","template":"","meta":[],"product_brand":[],"product_cat":[24,1325,568,84],"product_tag":[612,656,666,708,1043,658,479,147,251,383,1432,1870,1433,1424,795,255,136,137,2536,2537,2538],"class_list":{"0":"post-20809","1":"product","2":"type-product","3":"status-publish","4":"has-post-thumbnail","6":"product_cat-action-figuren","7":"product_cat-demon-slayer","8":"product_cat-preorder","9":"product_cat-statuen-anime-comic-universum","10":"product_tag-anime","11":"product_tag-anime-collectibles","12":"product_tag-anime-figuren-shop","13":"product_tag-anime-statuen-shop","14":"product_tag-anime-statues","15":"product_tag-anime-toys","16":"product_tag-collectible","17":"product_tag-collectibles","18":"product_tag-collectibles-kaufen","19":"product_tag-collector","20":"product_tag-demon-slayer-figure","21":"product_tag-demon-slayer-himejima","22":"product_tag-demon-slayer-resin-statue","23":"product_tag-demon-slayer-statue","24":"product_tag-handsomecake","25":"product_tag-resin-collectibles-kaufen","26":"product_tag-resin-statuen","27":"product_tag-resin-statuen-kaufen","28":"product_tag-tanjiro","29":"product_tag-tanjiro-kamado","30":"product_tag-tanjiro-resin-collectible","31":"pa_brand-infinity-studio","32":"pa_scale-1_to_4","34":"first","35":"instock","36":"taxable","37":"shipping-taxable","38":"product-type-variable"},"_links":{"self":[{"href":"https:\/\/store.handsomecake.com\/en\/wp-json\/wp\/v2\/product\/20809","targetHints":{"allow":["GET"]}}],"collection":[{"href":"https:\/\/store.handsomecake.com\/en\/wp-json\/wp\/v2\/product"}],"about":[{"href":"https:\/\/store.handsomecake.com\/en\/wp-json\/wp\/v2\/types\/product"}],"replies":[{"embeddable":true,"href":"https:\/\/store.handsomecake.com\/en\/wp-json\/wp\/v2\/comments?post=20809"}],"wp:featuredmedia":[{"embeddable":true,"href":"https:\/\/store.handsomecake.com\/en\/wp-json\/wp\/v2\/media\/20817"}],"wp:attachment":[{"href":"https:\/\/store.handsomecake.com\/en\/wp-json\/wp\/v2\/media?parent=20809"}],"wp:term":[{"taxonomy":"product_brand","embeddable":true,"href":"https:\/\/store.handsomecake.com\/en\/wp-json\/wp\/v2\/product_brand?post=20809"},{"taxonomy":"product_cat","embeddable":true,"href":"https:\/\/store.handsomecake.com\/en\/wp-json\/wp\/v2\/product_cat?post=20809"},{"taxonomy":"product_tag","embeddable":true,"href":"https:\/\/store.handsomecake.com\/en\/wp-json\/wp\/v2\/product_tag?post=20809"}],"curies":[{"name":"wp","href":"https:\/\/api.w.org\/{rel}","templated":true}]}}