{"id":20759,"date":"2023-03-28T20:20:02","date_gmt":"2023-03-28T20:20:02","guid":{"rendered":"https:\/\/store.handsomecake.com\/product\/chainsaw-man-makima-16-resin-statue-von-yoyo-studio\/"},"modified":"2025-04-22T16:26:13","modified_gmt":"2025-04-22T16:26:13","slug":"chainsaw-man-makima-16-resin-statue-von-yoyo-studio","status":"publish","type":"product","link":"https:\/\/store.handsomecake.com\/en\/product\/chainsaw-man-makima-16-resin-statue-von-yoyo-studio\/","title":{"rendered":"Chainsaw Man &#8211; Makima | 1:6 Resin Statue | von YoYo Studio"},"content":{"rendered":"<p><strong>Chainsaw Man &#8211; Makima | 1:6 Resin Statue | von YoYo Studio<\/strong><\/p>\n<p>I do ship EU-wide, please contact me, should questions arise.<\/p>\n<p><span style=\"color: #ffffff;\"><em><span style=\"background-color: #2c3e50;\">&#8222;I want to use Chainsaw Man&#8230; to create a better world.&#8220;<\/span><\/em><\/span><\/p>\n<p>Tolle Statue von high-ranking Public Safety Devil Hunter und Kontrollteufel &#8211; Makima<br \/>\nWunderbar verarbeitete und sehr detaillierte Makima Statue aus Polystone &#8211; k\u00fcnstlichem Stein-Harz-Gemisch.<\/p>\n<p><strong>Besonderheiten:<\/strong><\/p>\n<ul>\n<li>2 austauschbare K\u00f6pfe<\/li>\n<li>austauschbare Hand<\/li>\n<\/ul>\n<p><strong>Release-Status:<\/strong><\/p>\n<ul>\n<li>Preorder. Statue wird voraussichtlich in Q1 2024 released und wir erwarten sie sch\u00e4tzungsweise Ende Mai 2024 bei uns im Warenlager.<\/li>\n<\/ul>\n<p>Wie immer bei meinen Aktionen &#8211; s\u00e4mtliche Geb\u00fchren sind, im Gegensatz zu anderen Angeboten, bereits inkludiert. Versand erfolgt ausschlie\u00dflich aus Deutschland, es fallen keine Zoll- und Importgeb\u00fchren an. Ihr kauft keine Katze im Sack \ud83d\ude42<\/p>\n<p><strong>Ma\u00dfe der Statue:<\/strong><\/p>\n<ul>\n<li>Gr\u00f6\u00dfe: ca. H45cm x L32cm x D25cm<\/li>\n<li>Gewicht: TBA, gesch\u00e4tzt: ca. 11kg<\/li>\n<\/ul>\n<p>You are not prepared! \ud83d\ude42<\/p>","protected":false},"excerpt":{"rendered":"<p>Chainsaw Man &#8211; Makima | 1:6 Resin Statue | von YoYo Studio I do ship EU-wide, please contact me, should questions arise. &#8222;I want to use Chainsaw Man&#8230; to create a better world.&#8220; Tolle Statue von high-ranking Public Safety Devil Hunter und Kontrollteufel &#8211; Makima Wunderbar verarbeitete und sehr detaillierte Makima Statue aus Polystone &#8211; [&hellip;]<\/p>\n","protected":false},"featured_media":20771,"comment_status":"closed","ping_status":"closed","template":"","meta":[],"product_brand":[],"product_cat":[24,568,84],"product_tag":[612,659,666,717,794,662,640,658,1643,479,147,251,795,2229,2535,2230,154,255,136,137,379,381,552,380],"class_list":{"0":"post-20759","1":"product","2":"type-product","3":"status-publish","4":"has-post-thumbnail","6":"product_cat-action-figuren","7":"product_cat-preorder","8":"product_cat-statuen-anime-comic-universum","9":"product_tag-anime","10":"product_tag-anime-figuren","11":"product_tag-anime-figuren-shop","12":"product_tag-anime-shop","13":"product_tag-anime-statue","14":"product_tag-anime-statue-shop","15":"product_tag-anime-statuen","16":"product_tag-anime-toys","17":"product_tag-chainsaw-man","18":"product_tag-collectible","19":"product_tag-collectibles","20":"product_tag-collectibles-kaufen","21":"product_tag-handsomecake","22":"product_tag-makima","23":"product_tag-makima-chainsaw-man","24":"product_tag-makima-collectible","25":"product_tag-resin-collectibles","26":"product_tag-resin-collectibles-kaufen","27":"product_tag-resin-statuen","28":"product_tag-resin-statuen-kaufen","29":"product_tag-statue-collectible","30":"product_tag-statue-collectibles","31":"product_tag-statue-collector","32":"product_tag-statues-collectible","33":"pa_brand-yoyo-studio","34":"pa_scale-1_to_6","36":"first","37":"outofstock","38":"taxable","39":"shipping-taxable","40":"product-type-simple"},"_links":{"self":[{"href":"https:\/\/store.handsomecake.com\/en\/wp-json\/wp\/v2\/product\/20759","targetHints":{"allow":["GET"]}}],"collection":[{"href":"https:\/\/store.handsomecake.com\/en\/wp-json\/wp\/v2\/product"}],"about":[{"href":"https:\/\/store.handsomecake.com\/en\/wp-json\/wp\/v2\/types\/product"}],"replies":[{"embeddable":true,"href":"https:\/\/store.handsomecake.com\/en\/wp-json\/wp\/v2\/comments?post=20759"}],"wp:featuredmedia":[{"embeddable":true,"href":"https:\/\/store.handsomecake.com\/en\/wp-json\/wp\/v2\/media\/20771"}],"wp:attachment":[{"href":"https:\/\/store.handsomecake.com\/en\/wp-json\/wp\/v2\/media?parent=20759"}],"wp:term":[{"taxonomy":"product_brand","embeddable":true,"href":"https:\/\/store.handsomecake.com\/en\/wp-json\/wp\/v2\/product_brand?post=20759"},{"taxonomy":"product_cat","embeddable":true,"href":"https:\/\/store.handsomecake.com\/en\/wp-json\/wp\/v2\/product_cat?post=20759"},{"taxonomy":"product_tag","embeddable":true,"href":"https:\/\/store.handsomecake.com\/en\/wp-json\/wp\/v2\/product_tag?post=20759"}],"curies":[{"name":"wp","href":"https:\/\/api.w.org\/{rel}","templated":true}]}}