{"id":20712,"date":"2023-03-28T17:52:25","date_gmt":"2023-03-28T17:52:25","guid":{"rendered":"https:\/\/store.handsomecake.com\/product\/one-piece-nami-16-resin-statue-von-monkey-d-studio\/"},"modified":"2023-03-28T20:52:54","modified_gmt":"2023-03-28T20:52:54","slug":"one-piece-nami-16-resin-statue-von-monkey-d-studio","status":"publish","type":"product","link":"https:\/\/store.handsomecake.com\/en\/product\/one-piece-nami-16-resin-statue-von-monkey-d-studio\/","title":{"rendered":"One Piece &#8211; Nami | 1:6 Resin Statue | von Monkey D Studio"},"content":{"rendered":"<p><strong>One Piece &#8211; Nami | 1:6 Resin Statue | von Monkey D Studio<\/strong><\/p>\n<p>EU Taxfree! I do ship EU-wide, please contact me, should questions arise.<\/p>\n<p><span style=\"color: #ffffff;\"><em><span style=\"background-color: #2c3e50;\">&#8222;If you think I&#8217;m just another cute girl, you&#8217;re dead wrong!&#8220;<\/span><\/em><\/span><\/p>\n<p>Tolle Statue unserer geliebten Navigatorin<br \/>\nWunderbar verarbeitete und sehr detaillierte Statue von Nami aus Polystone &#8211; k\u00fcnstlichem Stein-Harz-Gemisch.<\/p>\n<p><strong>Besonderheiten:<\/strong><\/p>\n<ul>\n<li>A Version: mit Bikini<\/li>\n<li>B Version: mit rotem Rock<\/li>\n<li>mit LED<\/li>\n<li>Kid Nami als Geschenk<\/li>\n<\/ul>\n<p><strong>Release-Status:<\/strong><\/p>\n<ul>\n<li>Pre order. Release ca. Q3 2023 erwartet, bei uns im Lager voraussichtlich Ende November 2023.<\/li>\n<\/ul>\n<p>Wie immer bei meinen Artikeln &#8211; s\u00e4mtliche Geb\u00fchren sind, im Gegensatz zu anderen Angeboten, bereits inkludiert. Versand erfolgt ausschlie\u00dflich aus Deutschland, es fallen keine Zoll- und Importgeb\u00fchren an. Ihr kauft keine Katze im Sack \ud83d\ude42<\/p>\n<p><strong>Ma\u00dfe der Statue:<\/strong><\/p>\n<ul>\n<li>Gr\u00f6\u00dfe : ca. 48cm x 51cm x 60cm<\/li>\n<li>Gewicht: ca. 11kg (gesch\u00e4tzt)<\/li>\n<\/ul>\n<p>You are not prepared! \ud83d\ude42<\/p>","protected":false},"excerpt":{"rendered":"<p>One Piece &#8211; Nami | 1:6 Resin Statue | von Monkey D Studio EU Taxfree! I do ship EU-wide, please contact me, should questions arise. &#8222;If you think I&#8217;m just another cute girl, you&#8217;re dead wrong!&#8220; Tolle Statue unserer geliebten Navigatorin Wunderbar verarbeitete und sehr detaillierte Statue von Nami aus Polystone &#8211; k\u00fcnstlichem Stein-Harz-Gemisch. Besonderheiten: [&hellip;]<\/p>\n","protected":false},"featured_media":20777,"comment_status":"closed","ping_status":"closed","template":"","meta":[],"product_brand":[],"product_cat":[24,89,568,84],"product_tag":[612,664,666,717,794,662,640,658,479,147,251,795,938,939,940,164,937,502,165,154,136,137,379,381,552,665,380],"class_list":{"0":"post-20712","1":"product","2":"type-product","3":"status-publish","4":"has-post-thumbnail","6":"product_cat-action-figuren","7":"product_cat-one-piece","8":"product_cat-preorder","9":"product_cat-statuen-anime-comic-universum","10":"product_tag-anime","11":"product_tag-anime-figuren-one-piece","12":"product_tag-anime-figuren-shop","13":"product_tag-anime-shop","14":"product_tag-anime-statue","15":"product_tag-anime-statue-shop","16":"product_tag-anime-statuen","17":"product_tag-anime-toys","18":"product_tag-collectible","19":"product_tag-collectibles","20":"product_tag-collectibles-kaufen","21":"product_tag-handsomecake","22":"product_tag-nami-collectible","23":"product_tag-nami-statue","24":"product_tag-nami-toys","25":"product_tag-one-piece-collectibles","26":"product_tag-one-piece-nami","27":"product_tag-one-piece-resin","28":"product_tag-one-piece-statue","29":"product_tag-resin-collectibles","30":"product_tag-resin-statuen","31":"product_tag-resin-statuen-kaufen","32":"product_tag-statue-collectible","33":"product_tag-statue-collectibles","34":"product_tag-statue-collector","35":"product_tag-statuen-shop","36":"product_tag-statues-collectible","37":"pa_brand-monkey-d-studio","39":"first","40":"instock","41":"taxable","42":"shipping-taxable","43":"product-type-variable"},"_links":{"self":[{"href":"https:\/\/store.handsomecake.com\/en\/wp-json\/wp\/v2\/product\/20712","targetHints":{"allow":["GET"]}}],"collection":[{"href":"https:\/\/store.handsomecake.com\/en\/wp-json\/wp\/v2\/product"}],"about":[{"href":"https:\/\/store.handsomecake.com\/en\/wp-json\/wp\/v2\/types\/product"}],"replies":[{"embeddable":true,"href":"https:\/\/store.handsomecake.com\/en\/wp-json\/wp\/v2\/comments?post=20712"}],"wp:featuredmedia":[{"embeddable":true,"href":"https:\/\/store.handsomecake.com\/en\/wp-json\/wp\/v2\/media\/20777"}],"wp:attachment":[{"href":"https:\/\/store.handsomecake.com\/en\/wp-json\/wp\/v2\/media?parent=20712"}],"wp:term":[{"taxonomy":"product_brand","embeddable":true,"href":"https:\/\/store.handsomecake.com\/en\/wp-json\/wp\/v2\/product_brand?post=20712"},{"taxonomy":"product_cat","embeddable":true,"href":"https:\/\/store.handsomecake.com\/en\/wp-json\/wp\/v2\/product_cat?post=20712"},{"taxonomy":"product_tag","embeddable":true,"href":"https:\/\/store.handsomecake.com\/en\/wp-json\/wp\/v2\/product_tag?post=20712"}],"curies":[{"name":"wp","href":"https:\/\/api.w.org\/{rel}","templated":true}]}}