{"id":20684,"date":"2023-03-27T18:17:27","date_gmt":"2023-03-27T18:17:27","guid":{"rendered":"https:\/\/store.handsomecake.com\/product\/jujutsu-kaisen-itadori-yuji-16-resin-statue-von-queen-studio\/"},"modified":"2024-06-12T15:44:13","modified_gmt":"2024-06-12T15:44:13","slug":"jujutsu-kaisen-itadori-yuji-16-resin-statue-von-queen-studio","status":"publish","type":"product","link":"https:\/\/store.handsomecake.com\/en\/product\/jujutsu-kaisen-itadori-yuji-16-resin-statue-von-queen-studio\/","title":{"rendered":"Jujutsu Kaisen &#8211; Itadori Yuji | 1:6 Resin Statue | von Queen Studio"},"content":{"rendered":"<p><strong>Jujutsu Kaisen &#8211; Itadori Yuji | 1:6 Resin Statue | von Queen Studio<\/strong><\/p>\n<p>I do ship EU-wide, please contact me, should questions arise.<\/p>\n<p>Tolle Statue des Gef\u00e4\u00dfes von K\u00f6nig der Fl\u00fcche<br \/>\nWunderbar verarbeitete und sehr detaillierte Itadori Yuji Statue aus Polystone &#8211; k\u00fcnstlichem Stein-Harz-Gemisch.<\/p>\n<p><strong>Besonderheiten:<\/strong><\/p>\n<ul>\n<li>weltweit 300 St\u00fcck<\/li>\n<\/ul>\n<p><strong>Release-Status:<\/strong><\/p>\n<ul>\n<li>Preorder. Statue wird voraussichtlich in Q1 2024 released und wir erwarten sie sch\u00e4tzungsweise Ende Mai 2024 bei uns im Warenlager.<\/li>\n<\/ul>\n<p>Wie immer bei meinen Aktionen &#8211; s\u00e4mtliche Geb\u00fchren sind, im Gegensatz zu anderen Angeboten, bereits inkludiert. Versand erfolgt ausschlie\u00dflich aus Deutschland, es fallen keine Zoll- und Importgeb\u00fchren an. Ihr kauft keine Katze im Sack \ud83d\ude42<\/p>\n<p><strong>Ma\u00dfe der Statue:<\/strong><\/p>\n<ul>\n<li>Gr\u00f6\u00dfe: ca. H27cm x W39cm x D22cm<\/li>\n<li>Gewicht: TBA, ca. 12kg (gesch\u00e4tzt)<\/li>\n<\/ul>\n<p>You are not prepared! \ud83d\ude42<\/p>","protected":false},"excerpt":{"rendered":"<p>Jujutsu Kaisen &#8211; Itadori Yuji | 1:6 Resin Statue | von Queen Studio I do ship EU-wide, please contact me, should questions arise. Tolle Statue des Gef\u00e4\u00dfes von K\u00f6nig der Fl\u00fcche Wunderbar verarbeitete und sehr detaillierte Itadori Yuji Statue aus Polystone &#8211; k\u00fcnstlichem Stein-Harz-Gemisch. Besonderheiten: weltweit 300 St\u00fcck Release-Status: Preorder. Statue wird voraussichtlich in Q1 [&hellip;]<\/p>\n","protected":false},"featured_media":20698,"comment_status":"closed","ping_status":"closed","template":"","meta":[],"product_brand":[],"product_cat":[24,568,84],"product_tag":[612,659,666,658,147,251,383,553,1371,795,1369,1372,1374,154,136,554,1416,1431,1420,379,381,552,547,1415,1421,1418,1419],"class_list":{"0":"post-20684","1":"product","2":"type-product","3":"status-publish","4":"has-post-thumbnail","6":"product_cat-action-figuren","7":"product_cat-preorder","8":"product_cat-statuen-anime-comic-universum","9":"product_tag-anime","10":"product_tag-anime-figuren","11":"product_tag-anime-figuren-shop","12":"product_tag-anime-toys","13":"product_tag-collectibles","14":"product_tag-collectibles-kaufen","15":"product_tag-collector","16":"product_tag-figure-collector","17":"product_tag-fushiguro-resin","18":"product_tag-handsomecake","19":"product_tag-jujutsu-kaisen","20":"product_tag-jujutsu-kaisen-statue","21":"product_tag-jujutsu-kaisen-toys","22":"product_tag-resin-collectibles","23":"product_tag-resin-statuen","24":"product_tag-resin-statues","25":"product_tag-ryomen-sukuna","26":"product_tag-ryomen-sukuna-collectibles","27":"product_tag-ryomen-sukuna-toys","28":"product_tag-statue-collectible","29":"product_tag-statue-collectibles","30":"product_tag-statue-collector","31":"product_tag-statues-collector","32":"product_tag-sukuna","33":"product_tag-sukuna-collectibles","34":"product_tag-sukuna-resin","35":"product_tag-sukuna-statues","36":"pa_brand-queen-studios","37":"pa_scale-1_to_6","39":"first","40":"instock","41":"taxable","42":"shipping-taxable","43":"product-type-variable"},"_links":{"self":[{"href":"https:\/\/store.handsomecake.com\/en\/wp-json\/wp\/v2\/product\/20684","targetHints":{"allow":["GET"]}}],"collection":[{"href":"https:\/\/store.handsomecake.com\/en\/wp-json\/wp\/v2\/product"}],"about":[{"href":"https:\/\/store.handsomecake.com\/en\/wp-json\/wp\/v2\/types\/product"}],"replies":[{"embeddable":true,"href":"https:\/\/store.handsomecake.com\/en\/wp-json\/wp\/v2\/comments?post=20684"}],"wp:featuredmedia":[{"embeddable":true,"href":"https:\/\/store.handsomecake.com\/en\/wp-json\/wp\/v2\/media\/20698"}],"wp:attachment":[{"href":"https:\/\/store.handsomecake.com\/en\/wp-json\/wp\/v2\/media?parent=20684"}],"wp:term":[{"taxonomy":"product_brand","embeddable":true,"href":"https:\/\/store.handsomecake.com\/en\/wp-json\/wp\/v2\/product_brand?post=20684"},{"taxonomy":"product_cat","embeddable":true,"href":"https:\/\/store.handsomecake.com\/en\/wp-json\/wp\/v2\/product_cat?post=20684"},{"taxonomy":"product_tag","embeddable":true,"href":"https:\/\/store.handsomecake.com\/en\/wp-json\/wp\/v2\/product_tag?post=20684"}],"curies":[{"name":"wp","href":"https:\/\/api.w.org\/{rel}","templated":true}]}}