{"id":20598,"date":"2023-03-24T09:33:20","date_gmt":"2023-03-24T09:33:20","guid":{"rendered":"https:\/\/store.handsomecake.com\/product\/spy-x-family-yor-forger-14-resin-statue-von-harem-studio\/"},"modified":"2024-06-11T12:45:36","modified_gmt":"2024-06-11T12:45:36","slug":"spy-x-family-yor-forger-14-resin-statue-von-harem-studio","status":"publish","type":"product","link":"https:\/\/store.handsomecake.com\/en\/product\/spy-x-family-yor-forger-14-resin-statue-von-harem-studio\/","title":{"rendered":"SPY x FAMILY &#8211; Yor Forger | 1:4 Resin Statue | von Harem Studio"},"content":{"rendered":"<p><strong>SPY x FAMILY &#8211; Yor Forger | 1:4 Resin Statue | von Harem Studio<\/strong><\/p>\n<p>EU Taxfree! I do ship EU-wide, please contact me, should questions arise.<\/p>\n<p>Tolle Statue von &#8222;Thorn Princess&#8220;<br \/>\nWunderbar verarbeitete und sehr detaillierte Statue von Yor Forger aus Polystone &#8211; k\u00fcnstlichem Stein-Harz-Gemisch.<\/p>\n<p><strong>Besonderheiten:<\/strong><\/p>\n<ul>\n<li>weltweit nur 188 St\u00fcck<\/li>\n<li>EX Version : 2 austauschbare K\u00f6pfe + 2 Sockel + austauschbarer nackter K\u00f6rper)<\/li>\n<li>A Version: 2 austauschbare K\u00f6pfe + Basic Sockel<\/li>\n<li>B Version: 2 austauschbare K\u00f6pfe + Standard Sockel<\/li>\n<\/ul>\n<p><strong>Release-Status:<\/strong><\/p>\n<ul>\n<li>Pre order. Release am Ende Q4 2023 erwartet, bei uns im Lager voraussichtlich Ende Februar 2024.<\/li>\n<\/ul>\n<p>Wie immer bei meinen Artikeln &#8211; s\u00e4mtliche Geb\u00fchren sind, im Gegensatz zu anderen Angeboten, bereits inkludiert. Versand erfolgt ausschlie\u00dflich aus Deutschland, es fallen keine Zoll- und Importgeb\u00fchren an. Ihr kauft keine Katze im Sack \ud83d\ude42<\/p>\n<p><strong>Ma\u00dfe der Statue:<\/strong><\/p>\n<ul>\n<li>Gr\u00f6\u00dfe (A): ca. H51cm x W26cm x D23cm<\/li>\n<li>Gr\u00f6\u00dfe (B): ca. H61cm x W26cm x D23cm<\/li>\n<li>Gewicht: ca. 14kg (gesch\u00e4tzt)<\/li>\n<\/ul>\n<p>You are not prepared! \ud83d\ude42<\/p>","protected":false},"excerpt":{"rendered":"<p>SPY x FAMILY &#8211; Yor Forger | 1:4 Resin Statue | von Harem Studio EU Taxfree! I do ship EU-wide, please contact me, should questions arise. Tolle Statue von &#8222;Thorn Princess&#8220; Wunderbar verarbeitete und sehr detaillierte Statue von Yor Forger aus Polystone &#8211; k\u00fcnstlichem Stein-Harz-Gemisch. Besonderheiten: weltweit nur 188 St\u00fcck EX Version : 2 austauschbare [&hellip;]<\/p>\n","protected":false},"featured_media":20618,"comment_status":"closed","ping_status":"closed","template":"","meta":[],"product_brand":[],"product_cat":[24,568,84],"product_tag":[612,666,717,794,662,640,658,479,147,251,795,154,255,136,137,1586,1588,1589,1587,379,381,552,665,380,382,1583,1584,1585],"class_list":{"0":"post-20598","1":"product","2":"type-product","3":"status-publish","4":"has-post-thumbnail","6":"product_cat-action-figuren","7":"product_cat-preorder","8":"product_cat-statuen-anime-comic-universum","9":"product_tag-anime","10":"product_tag-anime-figuren-shop","11":"product_tag-anime-shop","12":"product_tag-anime-statue","13":"product_tag-anime-statue-shop","14":"product_tag-anime-statuen","15":"product_tag-anime-toys","16":"product_tag-collectible","17":"product_tag-collectibles","18":"product_tag-collectibles-kaufen","19":"product_tag-handsomecake","20":"product_tag-resin-collectibles","21":"product_tag-resin-collectibles-kaufen","22":"product_tag-resin-statuen","23":"product_tag-resin-statuen-kaufen","24":"product_tag-spy-x-family-collectibles","25":"product_tag-spy-x-family-resin","26":"product_tag-spy-x-family-statue","27":"product_tag-spy-x-family-yor-forger","28":"product_tag-statue-collectible","29":"product_tag-statue-collectibles","30":"product_tag-statue-collector","31":"product_tag-statuen-shop","32":"product_tag-statues-collectible","33":"product_tag-statues-collectibles","34":"product_tag-yor-forger","35":"product_tag-yor-forger-collectible","36":"product_tag-yor-forger-statue","37":"pa_brand-harem-studio","39":"first","40":"instock","41":"taxable","42":"shipping-taxable","43":"product-type-variable"},"_links":{"self":[{"href":"https:\/\/store.handsomecake.com\/en\/wp-json\/wp\/v2\/product\/20598","targetHints":{"allow":["GET"]}}],"collection":[{"href":"https:\/\/store.handsomecake.com\/en\/wp-json\/wp\/v2\/product"}],"about":[{"href":"https:\/\/store.handsomecake.com\/en\/wp-json\/wp\/v2\/types\/product"}],"replies":[{"embeddable":true,"href":"https:\/\/store.handsomecake.com\/en\/wp-json\/wp\/v2\/comments?post=20598"}],"wp:featuredmedia":[{"embeddable":true,"href":"https:\/\/store.handsomecake.com\/en\/wp-json\/wp\/v2\/media\/20618"}],"wp:attachment":[{"href":"https:\/\/store.handsomecake.com\/en\/wp-json\/wp\/v2\/media?parent=20598"}],"wp:term":[{"taxonomy":"product_brand","embeddable":true,"href":"https:\/\/store.handsomecake.com\/en\/wp-json\/wp\/v2\/product_brand?post=20598"},{"taxonomy":"product_cat","embeddable":true,"href":"https:\/\/store.handsomecake.com\/en\/wp-json\/wp\/v2\/product_cat?post=20598"},{"taxonomy":"product_tag","embeddable":true,"href":"https:\/\/store.handsomecake.com\/en\/wp-json\/wp\/v2\/product_tag?post=20598"}],"curies":[{"name":"wp","href":"https:\/\/api.w.org\/{rel}","templated":true}]}}