{"id":20561,"date":"2023-03-23T08:22:39","date_gmt":"2023-03-23T08:22:39","guid":{"rendered":"https:\/\/store.handsomecake.com\/product\/star-wars-anakin-skywalker-vs-obi-wan-14-resin-statue-von-mfa-collectibles\/"},"modified":"2025-11-28T10:56:58","modified_gmt":"2025-11-28T10:56:58","slug":"star-wars-anakin-skywalker-vs-obi-wan-14-resin-statue-von-mfa-collectibles","status":"publish","type":"product","link":"https:\/\/store.handsomecake.com\/en\/product\/star-wars-anakin-skywalker-vs-obi-wan-14-resin-statue-von-mfa-collectibles\/","title":{"rendered":"Star Wars &#8211; Anakin Skywalker vs. Obi-Wan | 1:4 Resin Statue | von MFA Collectibles"},"content":{"rendered":"<p><strong>Star Wars &#8211; Anakin Skywalker vs. Obi-Wan | 1:4 Resin Statue | von MFA Collectibles<\/strong><\/p>\n<p>I do ship EU-wide, please contact me, should questions arise.<\/p>\n<p><span style=\"color: #ffffff;\"><em><span style=\"background-color: #2c3e50;\">&#8222;If you&#8217;re not with me, then you&#8217;re my enemy.&#8220;<\/span><\/em><\/span><br \/>\n<span style=\"font-size: 12px;\">\u00a0\u00a0\u00a0\u00a0\u00a0\u00a0\u00a0\u00a0\u00a0\u00a0\u00a0\u00a0\u00a0\u00a0\u00a0\u00a0\u00a0\u00a0\u00a0\u00a0\u00a0\u00a0\u00a0\u00a0\u00a0\u00a0\u00a0\u00a0\u00a0\u00a0\u00a0\u00a0\u00a0\u00a0\u00a0\u00a0\u00a0\u00a0\u00a0\u00a0\u00a0\u00a0\u00a0\u00a0\u00a0\u00a0\u00a0\u00a0\u00a0\u00a0\u00a0\u00a0\u00a0\u00a0\u00a0\u00a0 &#8211; Anakin Skywalker<\/span><\/p>\n<p>Tolle Statue des Finalen Kampfes zwischen Obi-Wan und Anakin nach der Ankunft auf Mustafar<br \/>\nWunderbar verarbeitete und sehr detaillierte Anakin vs. Obi-Wan Statue aus Polystone &#8211; k\u00fcnstlichem Stein-Harz-Gemisch.<\/p>\n<p><strong>Besonderheiten:<\/strong><\/p>\n<ul>\n<li>mit LED<\/li>\n<li>auch 1:6 Gr\u00f6\u00dfe verf\u00fcgbar<\/li>\n<\/ul>\n<p><strong>Release-Status:<\/strong><\/p>\n<ul>\n<li>Preorder. Statue wird voraussichtlich Ende Q2 2024 released. Wir erwarten sie bei uns gegen Ende August 2024.<\/li>\n<\/ul>\n<p>Wie immer bei meinen Aktionen &#8211; s\u00e4mtliche Geb\u00fchren sind, im Gegensatz zu anderen Angeboten, bereits inkludiert. Versand erfolgt ausschlie\u00dflich aus Deutschland, es fallen keine Zoll- und Importgeb\u00fchren an. Ihr kauft keine Katze im Sack \ud83d\ude42<\/p>\n<p><strong>Ma\u00dfe der Statue:<\/strong><\/p>\n<ul>\n<li>Gr\u00f6\u00dfe (1:4): ca. H85cm x W65 cm x D59 cm<\/li>\n<li>Gr\u00f6\u00dfe (1:6): ca. H58cm x W43.3 cm x D39.3 cm<\/li>\n<li>Gewicht: TBA, gesch\u00e4tzt: ca. 20 kg<\/li>\n<\/ul>\n<p>You are not prepared! \ud83d\ude42<\/p>","protected":false},"excerpt":{"rendered":"<p>Star Wars &#8211; Anakin Skywalker vs. Obi-Wan | 1:4 Resin Statue | von MFA Collectibles I do ship EU-wide, please contact me, should questions arise. &#8222;If you&#8217;re not with me, then you&#8217;re my enemy.&#8220; \u00a0\u00a0\u00a0\u00a0\u00a0\u00a0\u00a0\u00a0\u00a0\u00a0\u00a0\u00a0\u00a0\u00a0\u00a0\u00a0\u00a0\u00a0\u00a0\u00a0\u00a0\u00a0\u00a0\u00a0\u00a0\u00a0\u00a0\u00a0\u00a0\u00a0\u00a0\u00a0\u00a0\u00a0\u00a0\u00a0\u00a0\u00a0\u00a0\u00a0\u00a0\u00a0\u00a0\u00a0\u00a0\u00a0\u00a0\u00a0\u00a0\u00a0\u00a0\u00a0\u00a0\u00a0\u00a0\u00a0 &#8211; Anakin Skywalker Tolle Statue des Finalen Kampfes zwischen Obi-Wan und Anakin nach der Ankunft auf Mustafar Wunderbar verarbeitete und [&hellip;]<\/p>\n","protected":false},"featured_media":20565,"comment_status":"closed","ping_status":"closed","template":"","meta":[],"product_brand":[],"product_cat":[2298,568,2299],"product_tag":[2530,2529,2531,2532,612,666,717,794,662,640,658,479,147,251,795,154,255,136,137,2533,1887,1889,1890,379,381,552,665,380,382,547,718],"class_list":{"0":"post-20561","1":"product","2":"type-product","3":"status-publish","4":"has-post-thumbnail","6":"product_cat-films-and-books","7":"product_cat-preorder","8":"product_cat-star-wars","9":"product_tag-anakin-collectible","10":"product_tag-anakin-skywalker","11":"product_tag-anakin-statue","12":"product_tag-anakin-vs-obiwan","13":"product_tag-anime","14":"product_tag-anime-figuren-shop","15":"product_tag-anime-shop","16":"product_tag-anime-statue","17":"product_tag-anime-statue-shop","18":"product_tag-anime-statuen","19":"product_tag-anime-toys","20":"product_tag-collectible","21":"product_tag-collectibles","22":"product_tag-collectibles-kaufen","23":"product_tag-handsomecake","24":"product_tag-resin-collectibles","25":"product_tag-resin-collectibles-kaufen","26":"product_tag-resin-statuen","27":"product_tag-resin-statuen-kaufen","28":"product_tag-star-wars-anakin","29":"product_tag-star-wars-collectibles","30":"product_tag-star-wars-resin","31":"product_tag-star-wars-statue","32":"product_tag-statue-collectible","33":"product_tag-statue-collectibles","34":"product_tag-statue-collector","35":"product_tag-statuen-shop","36":"product_tag-statues-collectible","37":"product_tag-statues-collectibles","38":"product_tag-statues-collector","39":"product_tag-toys","40":"pa_brand-mfa-collectibles","42":"first","43":"instock","44":"taxable","45":"shipping-taxable","46":"product-type-variable"},"_links":{"self":[{"href":"https:\/\/store.handsomecake.com\/en\/wp-json\/wp\/v2\/product\/20561","targetHints":{"allow":["GET"]}}],"collection":[{"href":"https:\/\/store.handsomecake.com\/en\/wp-json\/wp\/v2\/product"}],"about":[{"href":"https:\/\/store.handsomecake.com\/en\/wp-json\/wp\/v2\/types\/product"}],"replies":[{"embeddable":true,"href":"https:\/\/store.handsomecake.com\/en\/wp-json\/wp\/v2\/comments?post=20561"}],"wp:featuredmedia":[{"embeddable":true,"href":"https:\/\/store.handsomecake.com\/en\/wp-json\/wp\/v2\/media\/20565"}],"wp:attachment":[{"href":"https:\/\/store.handsomecake.com\/en\/wp-json\/wp\/v2\/media?parent=20561"}],"wp:term":[{"taxonomy":"product_brand","embeddable":true,"href":"https:\/\/store.handsomecake.com\/en\/wp-json\/wp\/v2\/product_brand?post=20561"},{"taxonomy":"product_cat","embeddable":true,"href":"https:\/\/store.handsomecake.com\/en\/wp-json\/wp\/v2\/product_cat?post=20561"},{"taxonomy":"product_tag","embeddable":true,"href":"https:\/\/store.handsomecake.com\/en\/wp-json\/wp\/v2\/product_tag?post=20561"}],"curies":[{"name":"wp","href":"https:\/\/api.w.org\/{rel}","templated":true}]}}